{"id":79821,"date":"2025-07-11T17:13:45","date_gmt":"2025-07-11T14:13:45","guid":{"rendered":"https:\/\/demo8.ecube.lv\/sezona.lv\/products\/vobleris-rapala-x-rap-otus-25\/"},"modified":"2025-07-14T15:46:26","modified_gmt":"2025-07-14T12:46:26","slug":"vobleris-rapala-x-rap-otus-25","status":"publish","type":"product","link":"https:\/\/sezona.lv\/en\/products\/vobleris-rapala-x-rap-otus-25\/","title":{"rendered":"Vobleris Rapala X-Rap Otus 25"},"content":{"rendered":"<p>Vobleris Rapala X-Rap Otus 25.<\/p>\n<p>Izcils dizains un produkt\u012bva X-Rap&reg; konstrukcija no Somijas &#8211; jaun\u0101 Rapala X-Rap Otus \u0113sma.<\/p>\n<p>Tas ir v\u0113l viens hibr\u012bds liel\u0101m l\u012bdak\u0101m un citiem pl\u0113s\u0113jiem izveidots  vobleris Rapala &bdquo;Big Fish Lures&ldquo; kategorij\u0101. Veiksm\u012bgi palaistas \u0113smas  ir ieguvu&scaron;as visas spininga simp\u0101tijas, t\u0101p\u0113c &scaron;is jaunais Otus&reg;  neap&scaron;aub\u0101mi b\u016bs v\u0113l viens &#8220;oblig\u0101ts&#8221; vobleris katr\u0101 zvejnieka kast\u0113.  \u012apa&scaron;i \u0137er&scaron;anai aukst\u0101 \u016bden\u012b, kad l\u012bdaka nav \u013coti akt\u012bva, t\u0101d\u0113j\u0101di  provoc\u0113jo&scaron;i uzbrukumi pal\u012bdz\u0113s vi\u0146iem akt\u012bvi un agres\u012bvi str\u0101d\u0101t ar  asti.<\/p>\n<p>Pauzes laik\u0101 aste uztur vobleri horizont\u0101l\u0101 st\u0101vokl\u012b, l\u0113n\u0101m  nolai\u017eoties t\u0101, garant\u0113jot efekt\u012bvu sa\u0137eri ne tikai p\u0101rtraukumos starp  palai&scaron;anu.<\/p>\n<p>P\u0101rdodas ar papildu asti un apr\u012bkots ar super asu VMC&reg; tr\u012bsk\u0101r&scaron;u \u0101\u0137i.<\/p>\n<p>Tips: Grimsto&scaron;s<\/p>\n<p>Izm\u0113rs: 25cm<\/p>\n<p>Iegremd\u0113&scaron;anas dzi\u013cums: 0.5-1.0m<\/p>\n<p>Svars: 90g<\/p>\n","protected":false},"excerpt":{"rendered":"<p>Vobleris Rapala X-Rap Otus 25. Izcils dizains un produkt\u012bva X-Rap&reg; konstrukcija no Somijas &#8211; jaun\u0101 Rapala X-Rap Otus \u0113sma. Tas ir v\u0113l viens hibr\u012bds liel\u0101m l\u012bdak\u0101m un citiem pl\u0113s\u0113jiem izveidots vobleris Rapala &bdquo;Big Fish Lures&ldquo; kategorij\u0101. Veiksm\u012bgi palaistas \u0113smas ir ieguvu&scaron;as visas spininga simp\u0101tijas, t\u0101p\u0113c &scaron;is jaunais Otus&reg; neap&scaron;aub\u0101mi b\u016bs v\u0113l viens &#8220;oblig\u0101ts&#8221; vobleris katr\u0101 [&hellip;]<\/p>\n","protected":false},"featured_media":74115,"template":"","meta":[],"product_brand":[3368],"product_cat":[4538,4564,4567],"product_tag":[],"class_list":{"0":"post-79821","1":"product","2":"type-product","3":"status-publish","4":"has-post-thumbnail","6":"product_brand-rapala","7":"product_cat-fishing-equipment-recreation","8":"product_cat-lures-fishing-equipment-recreation","9":"product_cat-voblers-lures-fishing-equipment-recreation","11":"first","12":"instock","13":"shipping-taxable","14":"purchasable","15":"product-type-simple"},"_links":{"self":[{"href":"https:\/\/sezona.lv\/en\/wp-json\/wp\/v2\/product\/79821","targetHints":{"allow":["GET"]}}],"collection":[{"href":"https:\/\/sezona.lv\/en\/wp-json\/wp\/v2\/product"}],"about":[{"href":"https:\/\/sezona.lv\/en\/wp-json\/wp\/v2\/types\/product"}],"wp:featuredmedia":[{"embeddable":true,"href":"https:\/\/sezona.lv\/en\/wp-json\/wp\/v2\/media\/74115"}],"wp:attachment":[{"href":"https:\/\/sezona.lv\/en\/wp-json\/wp\/v2\/media?parent=79821"}],"wp:term":[{"taxonomy":"product_brand","embeddable":true,"href":"https:\/\/sezona.lv\/en\/wp-json\/wp\/v2\/product_brand?post=79821"},{"taxonomy":"product_cat","embeddable":true,"href":"https:\/\/sezona.lv\/en\/wp-json\/wp\/v2\/product_cat?post=79821"},{"taxonomy":"product_tag","embeddable":true,"href":"https:\/\/sezona.lv\/en\/wp-json\/wp\/v2\/product_tag?post=79821"}],"curies":[{"name":"wp","href":"https:\/\/api.w.org\/{rel}","templated":true}]}}