{"id":79824,"date":"2025-07-11T17:13:50","date_gmt":"2025-07-11T14:13:50","guid":{"rendered":"https:\/\/demo8.ecube.lv\/sezona.lv\/products\/vobleris-rapala-bx-brat\/"},"modified":"2025-07-14T15:46:29","modified_gmt":"2025-07-14T12:46:29","slug":"vobleris-rapala-bx-brat","status":"publish","type":"product","link":"https:\/\/sezona.lv\/en\/products\/vobleris-rapala-bx-brat\/","title":{"rendered":"Vobleris Rapala BX Brat"},"content":{"rendered":"<p>Vobleris Rapala BX Brat.<\/p>\n<p>\u012apa&scaron;i piem\u0113rots asaru \u0137er&scaron;anai.<\/p>\n<p>Tips: Peldo&scaron;s<\/p>\n<p>Izm\u0113rs: 3cm<\/p>\n<p>Iegremd\u0113&scaron;anas dzi\u013cums: 0.9m<\/p>\n<p>Svars: 10g<\/p>\n<p>&nbsp;<\/p>\n","protected":false},"excerpt":{"rendered":"<p>Vobleris Rapala BX Brat. \u012apa&scaron;i piem\u0113rots asaru \u0137er&scaron;anai. Tips: Peldo&scaron;s Izm\u0113rs: 3cm Iegremd\u0113&scaron;anas dzi\u013cums: 0.9m Svars: 10g &nbsp;<\/p>\n","protected":false},"featured_media":74130,"template":"","meta":[],"product_brand":[3368],"product_cat":[4538,4564,4567],"product_tag":[],"class_list":{"0":"post-79824","1":"product","2":"type-product","3":"status-publish","4":"has-post-thumbnail","6":"product_brand-rapala","7":"product_cat-fishing-equipment-recreation","8":"product_cat-lures-fishing-equipment-recreation","9":"product_cat-voblers-lures-fishing-equipment-recreation","11":"first","12":"instock","13":"shipping-taxable","14":"purchasable","15":"product-type-simple"},"_links":{"self":[{"href":"https:\/\/sezona.lv\/en\/wp-json\/wp\/v2\/product\/79824","targetHints":{"allow":["GET"]}}],"collection":[{"href":"https:\/\/sezona.lv\/en\/wp-json\/wp\/v2\/product"}],"about":[{"href":"https:\/\/sezona.lv\/en\/wp-json\/wp\/v2\/types\/product"}],"wp:featuredmedia":[{"embeddable":true,"href":"https:\/\/sezona.lv\/en\/wp-json\/wp\/v2\/media\/74130"}],"wp:attachment":[{"href":"https:\/\/sezona.lv\/en\/wp-json\/wp\/v2\/media?parent=79824"}],"wp:term":[{"taxonomy":"product_brand","embeddable":true,"href":"https:\/\/sezona.lv\/en\/wp-json\/wp\/v2\/product_brand?post=79824"},{"taxonomy":"product_cat","embeddable":true,"href":"https:\/\/sezona.lv\/en\/wp-json\/wp\/v2\/product_cat?post=79824"},{"taxonomy":"product_tag","embeddable":true,"href":"https:\/\/sezona.lv\/en\/wp-json\/wp\/v2\/product_tag?post=79824"}],"curies":[{"name":"wp","href":"https:\/\/api.w.org\/{rel}","templated":true}]}}