{"id":79825,"date":"2025-07-11T17:13:51","date_gmt":"2025-07-11T14:13:51","guid":{"rendered":"https:\/\/demo8.ecube.lv\/sezona.lv\/products\/deeper-fishfinder-telefona-macins-2-0\/"},"modified":"2025-07-14T15:46:30","modified_gmt":"2025-07-14T12:46:30","slug":"deeper-fishfinder-telefona-macins-2-0","status":"publish","type":"product","link":"https:\/\/sezona.lv\/en\/products\/deeper-fishfinder-telefona-macins-2-0\/","title":{"rendered":"DEEPER FISHFINDER telefona maci\u0146\u0161 2.0"},"content":{"rendered":"<p>DEEPER FISHFINDER telefona maci\u0146&scaron; 2.0<\/p>\n<p>Rokas fiks\u0101cija.<\/p>\n","protected":false},"excerpt":{"rendered":"<p>DEEPER FISHFINDER telefona maci\u0146&scaron; 2.0 Rokas fiks\u0101cija.<\/p>\n","protected":false},"featured_media":74135,"template":"","meta":[],"product_brand":[],"product_cat":[4741,4782],"product_tag":[],"class_list":{"0":"post-79825","1":"product","2":"type-product","3":"status-publish","4":"has-post-thumbnail","6":"product_cat-eholots-navigation-watches-radios","7":"product_cat-navigation-watches-radios-recreation","9":"first","10":"outofstock","11":"shipping-taxable","12":"purchasable","13":"product-type-simple"},"_links":{"self":[{"href":"https:\/\/sezona.lv\/en\/wp-json\/wp\/v2\/product\/79825","targetHints":{"allow":["GET"]}}],"collection":[{"href":"https:\/\/sezona.lv\/en\/wp-json\/wp\/v2\/product"}],"about":[{"href":"https:\/\/sezona.lv\/en\/wp-json\/wp\/v2\/types\/product"}],"wp:featuredmedia":[{"embeddable":true,"href":"https:\/\/sezona.lv\/en\/wp-json\/wp\/v2\/media\/74135"}],"wp:attachment":[{"href":"https:\/\/sezona.lv\/en\/wp-json\/wp\/v2\/media?parent=79825"}],"wp:term":[{"taxonomy":"product_brand","embeddable":true,"href":"https:\/\/sezona.lv\/en\/wp-json\/wp\/v2\/product_brand?post=79825"},{"taxonomy":"product_cat","embeddable":true,"href":"https:\/\/sezona.lv\/en\/wp-json\/wp\/v2\/product_cat?post=79825"},{"taxonomy":"product_tag","embeddable":true,"href":"https:\/\/sezona.lv\/en\/wp-json\/wp\/v2\/product_tag?post=79825"}],"curies":[{"name":"wp","href":"https:\/\/api.w.org\/{rel}","templated":true}]}}