{"id":79832,"date":"2025-07-11T17:13:59","date_gmt":"2025-07-11T14:13:59","guid":{"rendered":"https:\/\/demo8.ecube.lv\/sezona.lv\/products\/lucky-john-one-sensoric-wacky-style-casting-5-25g-ljos-701mf\/"},"modified":"2025-07-14T15:46:36","modified_gmt":"2025-07-14T12:46:36","slug":"lucky-john-one-sensoric-wacky-style-casting-5-25g-ljos-701mf","status":"publish","type":"product","link":"https:\/\/sezona.lv\/en\/products\/lucky-john-one-sensoric-wacky-style-casting-5-25g-ljos-701mf\/","title":{"rendered":"Lucky John One Sensoric Wacky Style &#8211; Casting 5-25g (LJOS-701MF)"},"content":{"rendered":"<p>Spinings Lucky John One Sensoric Carolina Rig Special &#8211; Premium  klases kastinga k\u0101ts, ra\u017eots no 40T graf\u012bta un ir apr\u012bkots ar  kvalitat\u012bvu Fuji furnit\u016bru. K\u0101ts ir projekt\u0113ts izmanto&scaron;anai ar d\u017eiga  m\u0101nek\u013ciem. Lieliska k\u0101ta j\u016bt\u012bba kop\u0101 ar \u0101tro akciju nodro&scaron;ina teicamu  m\u0101nek\u013ca kontroli un fiks\u0113 pa&scaron;us delik\u0101tus zivs piesk\u0101rienus.<\/p>\n<p> Materi\u0101ls &#8211; 40T graf\u012bts<br \/> Auklas caurlaides ri\u0146\u0137i un to izvietojums &#8211; Fuji KR Concept<br \/> Dal\u012btais rokturis no EVA<\/p>\n","protected":false},"excerpt":{"rendered":"<p>Spinings Lucky John One Sensoric Carolina Rig Special &#8211; Premium klases kastinga k\u0101ts, ra\u017eots no 40T graf\u012bta un ir apr\u012bkots ar kvalitat\u012bvu Fuji furnit\u016bru. K\u0101ts ir projekt\u0113ts izmanto&scaron;anai ar d\u017eiga m\u0101nek\u013ciem. Lieliska k\u0101ta j\u016bt\u012bba kop\u0101 ar \u0101tro akciju nodro&scaron;ina teicamu m\u0101nek\u013ca kontroli un fiks\u0113 pa&scaron;us delik\u0101tus zivs piesk\u0101rienus. Materi\u0101ls &#8211; 40T graf\u012bts Auklas caurlaides ri\u0146\u0137i [&hellip;]<\/p>\n","protected":false},"featured_media":0,"template":"","meta":[],"product_brand":[3391],"product_cat":[4538,4540,4551],"product_tag":[],"class_list":{"0":"post-79832","1":"product","2":"type-product","3":"status-publish","5":"product_brand-lucky-john","6":"product_cat-fishing-equipment-recreation","7":"product_cat-fishing-rods-fishing-equipment-recreation","8":"product_cat-spin-fishing-rods-fishing-rods-fishing-equipment-recreation","10":"first","11":"instock","12":"shipping-taxable","13":"purchasable","14":"product-type-simple"},"_links":{"self":[{"href":"https:\/\/sezona.lv\/en\/wp-json\/wp\/v2\/product\/79832","targetHints":{"allow":["GET"]}}],"collection":[{"href":"https:\/\/sezona.lv\/en\/wp-json\/wp\/v2\/product"}],"about":[{"href":"https:\/\/sezona.lv\/en\/wp-json\/wp\/v2\/types\/product"}],"wp:attachment":[{"href":"https:\/\/sezona.lv\/en\/wp-json\/wp\/v2\/media?parent=79832"}],"wp:term":[{"taxonomy":"product_brand","embeddable":true,"href":"https:\/\/sezona.lv\/en\/wp-json\/wp\/v2\/product_brand?post=79832"},{"taxonomy":"product_cat","embeddable":true,"href":"https:\/\/sezona.lv\/en\/wp-json\/wp\/v2\/product_cat?post=79832"},{"taxonomy":"product_tag","embeddable":true,"href":"https:\/\/sezona.lv\/en\/wp-json\/wp\/v2\/product_tag?post=79832"}],"curies":[{"name":"wp","href":"https:\/\/api.w.org\/{rel}","templated":true}]}}