{"id":79833,"date":"2025-07-14T15:46:37","date_gmt":"2025-07-14T12:46:37","guid":{"rendered":"https:\/\/demo8.ecube.lv\/sezona.lv\/products\/flisa-jaka-norfin-onyx\/"},"modified":"2025-07-14T15:46:37","modified_gmt":"2025-07-14T12:46:37","slug":"flisa-jaka-norfin-onyx","status":"publish","type":"product","link":"https:\/\/sezona.lv\/en\/products\/flisa-jaka-norfin-onyx\/","title":{"rendered":"Fl\u012bsa jaka Norfin ONYX"},"content":{"rendered":"<div class=\"inner-content\">\n<div class=\"inner-content\">\n<div id=\"cke_pastebin\">Viegla fl\u012bsa jaka, kas paredz\u0113ta \u0101ra aktivit\u0101&scaron;u entuziastiem.&nbsp;<\/div>\n<div>&nbsp;<\/div>\n<div id=\"cke_pastebin\">Jaka irlieliski piem\u0113rota cilv\u0113kiem, kuri dod priek&scaron;roku akt\u012bvai  atp\u016btai &#8211; t\u016bristiem un mak&scaron;\u0137erniekiem, ta\u010du t\u0101 ir piem\u0113rota ar\u012b ikdienas  valk\u0101&scaron;anai.<\/div>\n<div>&nbsp;<\/div>\n<div id=\"cke_pastebin\"><strong>JAKA:<\/strong><\/div>\n<ul>\n<li> Pilna garuma r\u0101v\u0113jsl\u0113dz\u0113js priek&scaron;pus\u0113<\/li>\n<li> Savelkama jakas apak&scaron;a<\/li>\n<li> Divas s\u0101nu kabatas<\/li>\n<li> Kr\u016b&scaron;u kabata ar r\u0101v\u0113jsl\u0113dz\u0113ju<\/li>\n<li> Kapuce<\/li>\n<\/ul>\n<div id=\"cke_pastebin\"><strong>Materi\u0101ls: <\/strong>NORFleece (100% poliesters)<\/div>\n<\/div>\n<\/div>\n","protected":false},"excerpt":{"rendered":"<p>Viegla fl\u012bsa jaka, kas paredz\u0113ta \u0101ra aktivit\u0101&scaron;u entuziastiem.&nbsp; &nbsp; Jaka irlieliski piem\u0113rota cilv\u0113kiem, kuri dod priek&scaron;roku akt\u012bvai atp\u016btai &#8211; t\u016bristiem un mak&scaron;\u0137erniekiem, ta\u010du t\u0101 ir piem\u0113rota ar\u012b ikdienas valk\u0101&scaron;anai. &nbsp; JAKA: Pilna garuma r\u0101v\u0113jsl\u0113dz\u0113js priek&scaron;pus\u0113 Savelkama jakas apak&scaron;a Divas s\u0101nu kabatas Kr\u016b&scaron;u kabata ar r\u0101v\u0113jsl\u0113dz\u0113ju Kapuce Materi\u0101ls: NORFleece (100% poliesters)<\/p>\n","protected":false},"featured_media":0,"template":"","meta":[],"product_brand":[899],"product_cat":[4619,4620,4640,4993],"product_tag":[],"class_list":{"0":"post-79833","1":"product","2":"type-product","3":"status-publish","5":"product_brand-norfin","6":"product_cat-winter-clothes-recreation","7":"product_cat-norfin-suits-winter-suits-for-fishing","8":"product_cat-recreation","9":"product_cat-winter-suits-for-fishing-winter-clothes-recreation","11":"first","12":"instock","13":"shipping-taxable","14":"purchasable","15":"product-type-simple"},"_links":{"self":[{"href":"https:\/\/sezona.lv\/en\/wp-json\/wp\/v2\/product\/79833","targetHints":{"allow":["GET"]}}],"collection":[{"href":"https:\/\/sezona.lv\/en\/wp-json\/wp\/v2\/product"}],"about":[{"href":"https:\/\/sezona.lv\/en\/wp-json\/wp\/v2\/types\/product"}],"wp:attachment":[{"href":"https:\/\/sezona.lv\/en\/wp-json\/wp\/v2\/media?parent=79833"}],"wp:term":[{"taxonomy":"product_brand","embeddable":true,"href":"https:\/\/sezona.lv\/en\/wp-json\/wp\/v2\/product_brand?post=79833"},{"taxonomy":"product_cat","embeddable":true,"href":"https:\/\/sezona.lv\/en\/wp-json\/wp\/v2\/product_cat?post=79833"},{"taxonomy":"product_tag","embeddable":true,"href":"https:\/\/sezona.lv\/en\/wp-json\/wp\/v2\/product_tag?post=79833"}],"curies":[{"name":"wp","href":"https:\/\/api.w.org\/{rel}","templated":true}]}}