{"id":79836,"date":"2025-07-11T17:14:11","date_gmt":"2025-07-11T14:14:11","guid":{"rendered":"https:\/\/demo8.ecube.lv\/sezona.lv\/products\/spole-salmo-elite-heavy-jig-8-9135fd\/"},"modified":"2025-07-14T15:46:41","modified_gmt":"2025-07-14T12:46:41","slug":"spole-salmo-elite-heavy-jig-8-9135fd","status":"publish","type":"product","link":"https:\/\/sezona.lv\/en\/products\/spole-salmo-elite-heavy-jig-8-9135fd\/","title":{"rendered":"Spole Salmo Elite HEAVY JIG 8 (9135FD)"},"content":{"rendered":"<p>Spole Salmo Elite HEAVY JIG 8 ir speci\u0101li izstr\u0101d\u0101ta spinigo&scaron;anai d\u017eiga tehnik\u0101, t\u0101 ir jaud\u012bga un ar lab\u0101m vilk&scaron;anas un balansa \u012bpa&scaron;\u012bb\u0101m. Spole apr\u012bkota ar priek&scaron;\u0113jo bremzi, atvieglota al\u016bm\u012bnija kaseti un graf\u012bta rezerves kaseti, spoles rokturi iesp\u0113jams main\u012bt gan uz labo, gan kreiso pusi.<\/p>\n<ul>\n<li>Moment\u0101nas iedarb\u012bbas antireversa sist\u0113ma<\/li>\n<li>Ergonomisks apak&scaron;\u0113jais antireversa sist\u0113mas p\u0101rsl\u0113gs<\/li>\n<li>Prec\u012bzs piedzi\u0146as meh\u0101nisms no bronzas un alum\u012bnija<\/li>\n<li>Palielin\u0101ts konusveida uzt\u012b&scaron;anas rull\u012btis, kas pasarg\u0101 auklu no sav\u0113rp&scaron;an\u0101s<\/li>\n<li>Iztur\u012bgs un atvieglots auklas uzkl\u0101&scaron;anas loci\u0146&scaron;<\/li>\n<li>Rokturis no meh\u0101niski apstr\u0101d\u0101ta alum\u012bnija ar ergonomisku gumijas uzgali, skr\u016bves tipa fiks\u0101cija.<\/li>\n<\/ul>\n<table id=\"product-properties\" class=\"table-display\" border=\"0\">\n<tbody>\n<tr>\n<td class=\"title\">Z\u012bmols<\/td>\n<td>SALMO<\/td>\n<\/tr>\n<tr>\n<td class=\"title\">Svars (g)<\/td>\n<td>270<\/td>\n<\/tr>\n<tr>\n<td class=\"title\">Ietilp\u012bba (m\/mm)<\/td>\n<td>180 \/ 0,22<\/td>\n<\/tr>\n<tr>\n<td class=\"title\">Rull\u012b&scaron;u gult\u0146u sk.<\/td>\n<td>1<\/td>\n<\/tr>\n<tr>\n<td class=\"title\">Lod\u012b&scaron;u gult\u0146u sk.<\/td>\n<td>7<\/td>\n<\/tr>\n<tr>\n<td class=\"title\">Modelis<\/td>\n<td>HEAVY JIG<\/td>\n<\/tr>\n<tr>\n<td class=\"title\">P\u0101rnesums<\/td>\n<td>5,1 : 1<\/td>\n<\/tr>\n<\/tbody>\n<\/table>\n","protected":false},"excerpt":{"rendered":"<p>Spole Salmo Elite HEAVY JIG 8 ir speci\u0101li izstr\u0101d\u0101ta spinigo&scaron;anai d\u017eiga tehnik\u0101, t\u0101 ir jaud\u012bga un ar lab\u0101m vilk&scaron;anas un balansa \u012bpa&scaron;\u012bb\u0101m. Spole apr\u012bkota ar priek&scaron;\u0113jo bremzi, atvieglota al\u016bm\u012bnija kaseti un graf\u012bta rezerves kaseti, spoles rokturi iesp\u0113jams main\u012bt gan uz labo, gan kreiso pusi. Moment\u0101nas iedarb\u012bbas antireversa sist\u0113ma Ergonomisks apak&scaron;\u0113jais antireversa sist\u0113mas p\u0101rsl\u0113gs Prec\u012bzs piedzi\u0146as [&hellip;]<\/p>\n","protected":false},"featured_media":0,"template":"","meta":[],"product_brand":[],"product_cat":[4538,4539,4541],"product_tag":[],"class_list":{"0":"post-79836","1":"product","2":"type-product","3":"status-publish","5":"product_cat-fishing-equipment-recreation","6":"product_cat-reels-fishing-equipment-recreation","7":"product_cat-spinning-reels-reels-fishing-equipment-recreation","9":"first","10":"instock","11":"shipping-taxable","12":"purchasable","13":"product-type-simple"},"_links":{"self":[{"href":"https:\/\/sezona.lv\/en\/wp-json\/wp\/v2\/product\/79836","targetHints":{"allow":["GET"]}}],"collection":[{"href":"https:\/\/sezona.lv\/en\/wp-json\/wp\/v2\/product"}],"about":[{"href":"https:\/\/sezona.lv\/en\/wp-json\/wp\/v2\/types\/product"}],"wp:attachment":[{"href":"https:\/\/sezona.lv\/en\/wp-json\/wp\/v2\/media?parent=79836"}],"wp:term":[{"taxonomy":"product_brand","embeddable":true,"href":"https:\/\/sezona.lv\/en\/wp-json\/wp\/v2\/product_brand?post=79836"},{"taxonomy":"product_cat","embeddable":true,"href":"https:\/\/sezona.lv\/en\/wp-json\/wp\/v2\/product_cat?post=79836"},{"taxonomy":"product_tag","embeddable":true,"href":"https:\/\/sezona.lv\/en\/wp-json\/wp\/v2\/product_tag?post=79836"}],"curies":[{"name":"wp","href":"https:\/\/api.w.org\/{rel}","templated":true}]}}