{"id":79840,"date":"2025-07-11T17:14:15","date_gmt":"2025-07-11T14:14:15","guid":{"rendered":"https:\/\/demo8.ecube.lv\/sezona.lv\/products\/spole-spole-lucky-john-anira-jig-8-lj-8145fd\/"},"modified":"2025-07-14T15:46:45","modified_gmt":"2025-07-14T12:46:45","slug":"spole-spole-lucky-john-anira-jig-8-lj-8145fd","status":"publish","type":"product","link":"https:\/\/sezona.lv\/en\/products\/spole-spole-lucky-john-anira-jig-8-lj-8145fd\/","title":{"rendered":"Spole Spole Lucky John ANIRA JIG 8 (LJ-8145FD)"},"content":{"rendered":"<p>Spole Lucky John ANIRA JIG 8 ir speci\u0101li izstr\u0101d\u0101ta spinigo&scaron;anai d\u017eiga tehnik\u0101, t\u0101 ir jaud\u012bga un ar lab\u0101m vilk&scaron;anas \u012bpa&scaron;\u012bb\u0101m. Spole apr\u012bkota ar priek&scaron;\u0113jo bremzi, atvieglota al\u016bm\u012bnija kaseti un graf\u012bta rezerves kaseti, spoles rokturi iesp\u0113jams main\u012bt gan uz labo, gan kreiso pusi.<\/p>\n<ul>\n<li>Moment\u0101nas iedarb\u012bbas antireversa sist\u0113ma<\/li>\n<li>Ergonomisks apak&scaron;\u0113jais antireversa sist\u0113mas p\u0101rsl\u0113gs<\/li>\n<li>Prec\u012bzs piedzi\u0146as meh\u0101nisms no alum\u012bnija sakaus\u0113juma<\/li>\n<li>Palielin\u0101ts konusveida uzt\u012b&scaron;anas rull\u012btis, kas pasarg\u0101 auklu no sav\u0113rp&scaron;an\u0101s<\/li>\n<li>Iztur\u012bgs un atvieglots auklas uzkl\u0101&scaron;anas loci\u0146&scaron;<\/li>\n<li>Rokturis no meh\u0101niski apstr\u0101d\u0101ta alum\u012bnija ar ergonomisku RUBBER CORK uzgali, skr\u016bves tipa fiks\u0101cija.<\/li>\n<\/ul>\n<table id=\"product-properties\" class=\"table-display\" border=\"0\">\n<tbody>\n<tr>\n<td class=\"title\">Z\u012bmols<\/td>\n<td>Lucky John<\/td>\n<\/tr>\n<tr>\n<td class=\"title\">Svars (g)<\/td>\n<td>317<\/td>\n<\/tr>\n<tr>\n<td class=\"title\">Ietilp\u012bba (m\/mm)<\/td>\n<td>140 \/ 0,33<\/td>\n<\/tr>\n<tr>\n<td class=\"title\">Rull\u012b&scaron;u gult\u0146u sk.<\/td>\n<td>1<\/td>\n<\/tr>\n<tr>\n<td class=\"title\">Lod\u012b&scaron;u gult\u0146u sk.<\/td>\n<td>7<\/td>\n<\/tr>\n<tr>\n<td class=\"title\">Modelis<\/td>\n<td>ANIRA JIG 8<\/td>\n<\/tr>\n<tr>\n<td class=\"title\">P\u0101rnesums<\/td>\n<td>5,1 : 1<\/td>\n<\/tr>\n<\/tbody>\n<\/table>\n","protected":false},"excerpt":{"rendered":"<p>Spole Lucky John ANIRA JIG 8 ir speci\u0101li izstr\u0101d\u0101ta spinigo&scaron;anai d\u017eiga tehnik\u0101, t\u0101 ir jaud\u012bga un ar lab\u0101m vilk&scaron;anas \u012bpa&scaron;\u012bb\u0101m. Spole apr\u012bkota ar priek&scaron;\u0113jo bremzi, atvieglota al\u016bm\u012bnija kaseti un graf\u012bta rezerves kaseti, spoles rokturi iesp\u0113jams main\u012bt gan uz labo, gan kreiso pusi. Moment\u0101nas iedarb\u012bbas antireversa sist\u0113ma Ergonomisks apak&scaron;\u0113jais antireversa sist\u0113mas p\u0101rsl\u0113gs Prec\u012bzs piedzi\u0146as meh\u0101nisms no [&hellip;]<\/p>\n","protected":false},"featured_media":74160,"template":"","meta":[],"product_brand":[3391],"product_cat":[4538,4539,4541],"product_tag":[],"class_list":{"0":"post-79840","1":"product","2":"type-product","3":"status-publish","4":"has-post-thumbnail","6":"product_brand-lucky-john","7":"product_cat-fishing-equipment-recreation","8":"product_cat-reels-fishing-equipment-recreation","9":"product_cat-spinning-reels-reels-fishing-equipment-recreation","11":"first","12":"instock","13":"shipping-taxable","14":"purchasable","15":"product-type-simple"},"_links":{"self":[{"href":"https:\/\/sezona.lv\/en\/wp-json\/wp\/v2\/product\/79840","targetHints":{"allow":["GET"]}}],"collection":[{"href":"https:\/\/sezona.lv\/en\/wp-json\/wp\/v2\/product"}],"about":[{"href":"https:\/\/sezona.lv\/en\/wp-json\/wp\/v2\/types\/product"}],"wp:featuredmedia":[{"embeddable":true,"href":"https:\/\/sezona.lv\/en\/wp-json\/wp\/v2\/media\/74160"}],"wp:attachment":[{"href":"https:\/\/sezona.lv\/en\/wp-json\/wp\/v2\/media?parent=79840"}],"wp:term":[{"taxonomy":"product_brand","embeddable":true,"href":"https:\/\/sezona.lv\/en\/wp-json\/wp\/v2\/product_brand?post=79840"},{"taxonomy":"product_cat","embeddable":true,"href":"https:\/\/sezona.lv\/en\/wp-json\/wp\/v2\/product_cat?post=79840"},{"taxonomy":"product_tag","embeddable":true,"href":"https:\/\/sezona.lv\/en\/wp-json\/wp\/v2\/product_tag?post=79840"}],"curies":[{"name":"wp","href":"https:\/\/api.w.org\/{rel}","templated":true}]}}