{"id":79841,"date":"2025-07-11T17:14:17","date_gmt":"2025-07-11T14:14:17","guid":{"rendered":"https:\/\/demo8.ecube.lv\/sezona.lv\/products\/spole-salmo-fc-pilot-7-fc-1040fd\/"},"modified":"2025-07-14T15:46:46","modified_gmt":"2025-07-14T12:46:46","slug":"spole-salmo-fc-pilot-7-fc-1040fd","status":"publish","type":"product","link":"https:\/\/sezona.lv\/en\/products\/spole-salmo-fc-pilot-7-fc-1040fd\/","title":{"rendered":"Spole Salmo FC PILOT 7 (FC-1040FD)"},"content":{"rendered":"<div id=\"product-description\">\n<div id=\"product-description\">\n<p>Spole Salmo FC PILOT 7 (FC-1040FD).<\/p>\n<p>&nbsp;<\/p>\n<p>&bull; Priek&scaron;\u0113j\u0101 bremze;<\/p>\n<p>&bull; 6 lod\u012b&scaron;u gult\u0146i;<\/p>\n<p>&bull; 1 rull\u012b&scaron;u gultnis;<\/p>\n<p>&bull; Anti revers\u0101 sist\u0113ma;<\/p>\n<p>&bull; Karbona- plastik\u0101ta korpuss;<\/p>\n<p>&bull; Prim\u0101r\u0101 auklas uzt\u012b&scaron;anas kasete alum\u012bnija;<\/p>\n<p>&bull; Papildus auklas uzt\u012b&scaron;anas kasete&nbsp; alum\u012bnija;<\/p>\n<p>&bull; Rokturis:<\/p>\n<p>&#8211; Ar skr\u016bves tipa fiks\u0101ciju;<\/p>\n<p>&#8211; kreis\u0101 puse;<\/p>\n<p>&bull; Rokturis no gumijas.<\/p>\n<\/div>\n<p>Svars (g) 295<br \/>Ietilp\u012bba (m\/mm) 0,28\/115<br \/>Rull\u012b&scaron;u gult\u0146u sk. 1&nbsp;<br \/>Lod\u012b&scaron;u gult\u0146u sk. 6<br \/>P\u0101rnesums 5.1:1<\/p>\n<\/div>\n","protected":false},"excerpt":{"rendered":"<p>Spole Salmo FC PILOT 7 (FC-1040FD). &nbsp; &bull; Priek&scaron;\u0113j\u0101 bremze; &bull; 6 lod\u012b&scaron;u gult\u0146i; &bull; 1 rull\u012b&scaron;u gultnis; &bull; Anti revers\u0101 sist\u0113ma; &bull; Karbona- plastik\u0101ta korpuss; &bull; Prim\u0101r\u0101 auklas uzt\u012b&scaron;anas kasete alum\u012bnija; &bull; Papildus auklas uzt\u012b&scaron;anas kasete&nbsp; alum\u012bnija; &bull; Rokturis: &#8211; Ar skr\u016bves tipa fiks\u0101ciju; &#8211; kreis\u0101 puse; &bull; Rokturis no gumijas. Svars (g) 295Ietilp\u012bba [&hellip;]<\/p>\n","protected":false},"featured_media":74163,"template":"","meta":[],"product_brand":[],"product_cat":[4538,4539,4541],"product_tag":[],"class_list":{"0":"post-79841","1":"product","2":"type-product","3":"status-publish","4":"has-post-thumbnail","6":"product_cat-fishing-equipment-recreation","7":"product_cat-reels-fishing-equipment-recreation","8":"product_cat-spinning-reels-reels-fishing-equipment-recreation","10":"first","11":"instock","12":"shipping-taxable","13":"purchasable","14":"product-type-simple"},"_links":{"self":[{"href":"https:\/\/sezona.lv\/en\/wp-json\/wp\/v2\/product\/79841","targetHints":{"allow":["GET"]}}],"collection":[{"href":"https:\/\/sezona.lv\/en\/wp-json\/wp\/v2\/product"}],"about":[{"href":"https:\/\/sezona.lv\/en\/wp-json\/wp\/v2\/types\/product"}],"wp:featuredmedia":[{"embeddable":true,"href":"https:\/\/sezona.lv\/en\/wp-json\/wp\/v2\/media\/74163"}],"wp:attachment":[{"href":"https:\/\/sezona.lv\/en\/wp-json\/wp\/v2\/media?parent=79841"}],"wp:term":[{"taxonomy":"product_brand","embeddable":true,"href":"https:\/\/sezona.lv\/en\/wp-json\/wp\/v2\/product_brand?post=79841"},{"taxonomy":"product_cat","embeddable":true,"href":"https:\/\/sezona.lv\/en\/wp-json\/wp\/v2\/product_cat?post=79841"},{"taxonomy":"product_tag","embeddable":true,"href":"https:\/\/sezona.lv\/en\/wp-json\/wp\/v2\/product_tag?post=79841"}],"curies":[{"name":"wp","href":"https:\/\/api.w.org\/{rel}","templated":true}]}}