{"id":79845,"date":"2025-07-11T17:14:22","date_gmt":"2025-07-11T14:14:22","guid":{"rendered":"https:\/\/demo8.ecube.lv\/sezona.lv\/products\/salmo-makskere-feeder-concept-silver-water-60-fcsw060-330\/"},"modified":"2025-07-14T15:46:50","modified_gmt":"2025-07-14T12:46:50","slug":"salmo-makskere-feeder-concept-silver-water-60-fcsw060-330","status":"publish","type":"product","link":"https:\/\/sezona.lv\/en\/products\/salmo-makskere-feeder-concept-silver-water-60-fcsw060-330\/","title":{"rendered":"Salmo mak\u0161\u0137ere Feeder Concept SILVER WATER 60 (FCSW060-330)"},"content":{"rendered":"<p>F\u012bdermak&scaron;\u0137eru s\u0113rija Feeder Concept SILVER WATER izstr\u0101d\u0101ta sadarb\u012bb\u0101 ar 2018. gada \u010dempionu komandu Feeder.by klubu sacens\u012bb\u0101s. &Scaron;\u012bs s\u0113rijas f\u012bdermak&scaron;\u0137eres izce\u013cas ar savu neatk\u0101rtojami vieglo svaru apvienojum\u0101 ar jaudu un iztur\u012bbu. F\u012bdermak&scaron;\u0137eres vieglais svars sasniegts apvienojot augstas klases T40 graf\u012btu un atvieglin\u0101tos PAC BAY caurlaides gredzenus. &Scaron;\u012bs s\u0113rijas f\u012bderi b\u016bs piem\u0113roti gan m\u016bsdien\u012bgam f\u012bdermak&scaron;\u0137erniekam, gan pieredz\u0113ju&scaron;am sportistam. F\u012bderis FC SILVER WATER 30 ar vid\u0113jas ciet\u012bbas akciju, apr\u012bkots ar \u010detr\u0101m, da\u017e\u0101das ciet\u012bbas main\u0101m\u0101m graf\u012bta spic\u0113m ( 2&#215;0.50oz, 1&#215;0,75oz, 1x1oz), kombin\u0113to rokturi no EVA un kor\u0137a materi\u0101la un kvalitat\u012bvu samta \u010deholu mak&scaron;\u0137erk\u0101ta p\u0101rvad\u0101&scaron;anai.<\/p>\n<p>Specifik\u0101cija:<\/p>\n<p>Garums: 3.30m<br \/>Tests: 60g<br \/>Svars: 171g<br \/>Transport\u0113&scaron;anas garums: 115cm<br \/>Sekciju skaits: 3+4<\/p>\n","protected":false},"excerpt":{"rendered":"<p>F\u012bdermak&scaron;\u0137eru s\u0113rija Feeder Concept SILVER WATER izstr\u0101d\u0101ta sadarb\u012bb\u0101 ar 2018. gada \u010dempionu komandu Feeder.by klubu sacens\u012bb\u0101s. &Scaron;\u012bs s\u0113rijas f\u012bdermak&scaron;\u0137eres izce\u013cas ar savu neatk\u0101rtojami vieglo svaru apvienojum\u0101 ar jaudu un iztur\u012bbu. F\u012bdermak&scaron;\u0137eres vieglais svars sasniegts apvienojot augstas klases T40 graf\u012btu un atvieglin\u0101tos PAC BAY caurlaides gredzenus. &Scaron;\u012bs s\u0113rijas f\u012bderi b\u016bs piem\u0113roti gan m\u016bsdien\u012bgam f\u012bdermak&scaron;\u0137erniekam, gan pieredz\u0113ju&scaron;am [&hellip;]<\/p>\n","protected":false},"featured_media":0,"template":"","meta":[],"product_brand":[894],"product_cat":[4538,4540,4545],"product_tag":[],"class_list":{"0":"post-79845","1":"product","2":"type-product","3":"status-publish","5":"product_brand-salmo","6":"product_cat-fishing-equipment-recreation","7":"product_cat-fishing-rods-fishing-equipment-recreation","8":"product_cat-feeder-and-picker-rods-fishing-rods-fishing-equipment-recreation","10":"first","11":"instock","12":"shipping-taxable","13":"purchasable","14":"product-type-simple"},"_links":{"self":[{"href":"https:\/\/sezona.lv\/en\/wp-json\/wp\/v2\/product\/79845","targetHints":{"allow":["GET"]}}],"collection":[{"href":"https:\/\/sezona.lv\/en\/wp-json\/wp\/v2\/product"}],"about":[{"href":"https:\/\/sezona.lv\/en\/wp-json\/wp\/v2\/types\/product"}],"wp:attachment":[{"href":"https:\/\/sezona.lv\/en\/wp-json\/wp\/v2\/media?parent=79845"}],"wp:term":[{"taxonomy":"product_brand","embeddable":true,"href":"https:\/\/sezona.lv\/en\/wp-json\/wp\/v2\/product_brand?post=79845"},{"taxonomy":"product_cat","embeddable":true,"href":"https:\/\/sezona.lv\/en\/wp-json\/wp\/v2\/product_cat?post=79845"},{"taxonomy":"product_tag","embeddable":true,"href":"https:\/\/sezona.lv\/en\/wp-json\/wp\/v2\/product_tag?post=79845"}],"curies":[{"name":"wp","href":"https:\/\/api.w.org\/{rel}","templated":true}]}}