{"id":79846,"date":"2025-07-14T15:46:51","date_gmt":"2025-07-14T12:46:51","guid":{"rendered":"https:\/\/demo8.ecube.lv\/sezona.lv\/products\/rapala-glazes-12-oz-stikla-rgwpn4lb\/"},"modified":"2025-07-14T15:46:51","modified_gmt":"2025-07-14T12:46:51","slug":"rapala-glazes-12-oz-stikla-rgwpn4lb","status":"publish","type":"product","link":"https:\/\/sezona.lv\/en\/products\/rapala-glazes-12-oz-stikla-rgwpn4lb\/","title":{"rendered":"Rapala gl\u0101zes 12 oz. (stikla) RGWPN4LB"},"content":{"rendered":"<p>Rapala gl\u0101zes 12 oz. (stikla) RGWPN4LB.<\/p>\n<p>Komplekt\u0101 4 gl\u0101zes.<\/p>\n","protected":false},"excerpt":{"rendered":"<p>Rapala gl\u0101zes 12 oz. (stikla) RGWPN4LB. Komplekt\u0101 4 gl\u0101zes.<\/p>\n","protected":false},"featured_media":0,"template":"","meta":[],"product_brand":[],"product_cat":[4559],"product_tag":[],"class_list":{"0":"post-79846","1":"product","2":"type-product","3":"status-publish","5":"product_cat-equipment-fishing-equipment-recreation","7":"first","8":"instock","9":"shipping-taxable","10":"purchasable","11":"product-type-simple"},"_links":{"self":[{"href":"https:\/\/sezona.lv\/en\/wp-json\/wp\/v2\/product\/79846","targetHints":{"allow":["GET"]}}],"collection":[{"href":"https:\/\/sezona.lv\/en\/wp-json\/wp\/v2\/product"}],"about":[{"href":"https:\/\/sezona.lv\/en\/wp-json\/wp\/v2\/types\/product"}],"wp:attachment":[{"href":"https:\/\/sezona.lv\/en\/wp-json\/wp\/v2\/media?parent=79846"}],"wp:term":[{"taxonomy":"product_brand","embeddable":true,"href":"https:\/\/sezona.lv\/en\/wp-json\/wp\/v2\/product_brand?post=79846"},{"taxonomy":"product_cat","embeddable":true,"href":"https:\/\/sezona.lv\/en\/wp-json\/wp\/v2\/product_cat?post=79846"},{"taxonomy":"product_tag","embeddable":true,"href":"https:\/\/sezona.lv\/en\/wp-json\/wp\/v2\/product_tag?post=79846"}],"curies":[{"name":"wp","href":"https:\/\/api.w.org\/{rel}","templated":true}]}}