{"id":79849,"date":"2025-07-11T17:14:26","date_gmt":"2025-07-11T14:14:26","guid":{"rendered":"https:\/\/demo8.ecube.lv\/sezona.lv\/products\/campingaz-gazes-plits-camp-bistro\/"},"modified":"2025-07-14T15:46:54","modified_gmt":"2025-07-14T12:46:54","slug":"campingaz-gazes-plits-camp-bistro","status":"publish","type":"product","link":"https:\/\/sezona.lv\/en\/products\/campingaz-gazes-plits-camp-bistro\/","title":{"rendered":"Campingaz g\u0101zes pl\u012bts CAMP BISTRO"},"content":{"rendered":"<div class=\"rte\">\n<p>Campingaz g\u0101zes pl\u012bts CAMP BISTRO.<\/p>\n<p><span>Uz virsmas liekama g\u0101zes pl\u012bti\u0146a, kas noder\u0113s viet\u0101s, kur sav\u0101d\u0101ka \u0113st gatavo&scaron;ana nav iesp\u0113jama &ndash; piknikos, izbraucienos ar auto vai vasarn\u012bc\u0101. Pl\u012bti\u0146ai l\u012bdzi n\u0101k \u0113rta plastik\u0101ta soma p\u0101rn\u0113s\u0101&scaron;anai.<\/span><\/p>\n<p><span>Ier\u012bce darbojas ar CampinGaz CP250 g\u0101zes baloniem.<\/span><\/p>\n<p><span>Jauda: 2200 g.<\/span><br \/><span>Deg&scaron;anas laiks ar 220g g\u0101zes 80 min.<\/span><br \/><span>V\u0101r\u012b&scaron;an\u0101s laiks 1L 5.3 min.<\/span><br \/><span>Svars 2.5 kg.<\/span><\/p>\n<\/div>\n","protected":false},"excerpt":{"rendered":"<p>Campingaz g\u0101zes pl\u012bts CAMP BISTRO. Uz virsmas liekama g\u0101zes pl\u012bti\u0146a, kas noder\u0113s viet\u0101s, kur sav\u0101d\u0101ka \u0113st gatavo&scaron;ana nav iesp\u0113jama &ndash; piknikos, izbraucienos ar auto vai vasarn\u012bc\u0101. Pl\u012bti\u0146ai l\u012bdzi n\u0101k \u0113rta plastik\u0101ta soma p\u0101rn\u0113s\u0101&scaron;anai. Ier\u012bce darbojas ar CampinGaz CP250 g\u0101zes baloniem. Jauda: 2200 g.Deg&scaron;anas laiks ar 220g g\u0101zes 80 min.V\u0101r\u012b&scaron;an\u0101s laiks 1L 5.3 min.Svars 2.5 kg.<\/p>\n","protected":false},"featured_media":74181,"template":"","meta":[],"product_brand":[934],"product_cat":[4558,4720,4721],"product_tag":[],"class_list":{"0":"post-79849","1":"product","2":"type-product","3":"status-publish","4":"has-post-thumbnail","6":"product_brand-kovea","7":"product_cat-for-tourism-recreation","8":"product_cat-gas-stoves-burners-lanterns-heaters-for-tourism-recreation","9":"product_cat-gas-stoves-gas-stoves-burners-lanterns-heaters-for-tourism-recreation","11":"first","12":"instock","13":"shipping-taxable","14":"purchasable","15":"product-type-simple"},"_links":{"self":[{"href":"https:\/\/sezona.lv\/en\/wp-json\/wp\/v2\/product\/79849","targetHints":{"allow":["GET"]}}],"collection":[{"href":"https:\/\/sezona.lv\/en\/wp-json\/wp\/v2\/product"}],"about":[{"href":"https:\/\/sezona.lv\/en\/wp-json\/wp\/v2\/types\/product"}],"wp:featuredmedia":[{"embeddable":true,"href":"https:\/\/sezona.lv\/en\/wp-json\/wp\/v2\/media\/74181"}],"wp:attachment":[{"href":"https:\/\/sezona.lv\/en\/wp-json\/wp\/v2\/media?parent=79849"}],"wp:term":[{"taxonomy":"product_brand","embeddable":true,"href":"https:\/\/sezona.lv\/en\/wp-json\/wp\/v2\/product_brand?post=79849"},{"taxonomy":"product_cat","embeddable":true,"href":"https:\/\/sezona.lv\/en\/wp-json\/wp\/v2\/product_cat?post=79849"},{"taxonomy":"product_tag","embeddable":true,"href":"https:\/\/sezona.lv\/en\/wp-json\/wp\/v2\/product_tag?post=79849"}],"curies":[{"name":"wp","href":"https:\/\/api.w.org\/{rel}","templated":true}]}}