{"id":79850,"date":"2025-07-11T17:14:30","date_gmt":"2025-07-11T14:14:30","guid":{"rendered":"https:\/\/demo8.ecube.lv\/sezona.lv\/products\/campingaz-gazes-balons-cp-250\/"},"modified":"2025-07-14T15:46:55","modified_gmt":"2025-07-14T12:46:55","slug":"campingaz-gazes-balons-cp-250","status":"publish","type":"product","link":"https:\/\/sezona.lv\/en\/products\/campingaz-gazes-balons-cp-250\/","title":{"rendered":"Campingaz G\u0101zes balons CP 250"},"content":{"rendered":"<p>Campingaz G\u0101zes balons CP 250.<\/p>\n<p>G\u0101zes balons, kas paredz\u0113ts Camp Bistro veida pl\u012bti\u0146\u0101m.<\/p>\n<p>Svars &ndash; 250 g<\/p>\n","protected":false},"excerpt":{"rendered":"<p>Campingaz G\u0101zes balons CP 250. G\u0101zes balons, kas paredz\u0113ts Camp Bistro veida pl\u012bti\u0146\u0101m. Svars &ndash; 250 g<\/p>\n","protected":false},"featured_media":74184,"template":"","meta":[],"product_brand":[],"product_cat":[4558,4720,4729],"product_tag":[],"class_list":{"0":"post-79850","1":"product","2":"type-product","3":"status-publish","4":"has-post-thumbnail","6":"product_cat-for-tourism-recreation","7":"product_cat-gas-stoves-burners-lanterns-heaters-for-tourism-recreation","8":"product_cat-gas-dry-fuel-gas-stoves-burners-lanterns-heaters-for-tourism-recreation","10":"first","11":"instock","12":"shipping-taxable","13":"purchasable","14":"product-type-simple"},"_links":{"self":[{"href":"https:\/\/sezona.lv\/en\/wp-json\/wp\/v2\/product\/79850","targetHints":{"allow":["GET"]}}],"collection":[{"href":"https:\/\/sezona.lv\/en\/wp-json\/wp\/v2\/product"}],"about":[{"href":"https:\/\/sezona.lv\/en\/wp-json\/wp\/v2\/types\/product"}],"wp:featuredmedia":[{"embeddable":true,"href":"https:\/\/sezona.lv\/en\/wp-json\/wp\/v2\/media\/74184"}],"wp:attachment":[{"href":"https:\/\/sezona.lv\/en\/wp-json\/wp\/v2\/media?parent=79850"}],"wp:term":[{"taxonomy":"product_brand","embeddable":true,"href":"https:\/\/sezona.lv\/en\/wp-json\/wp\/v2\/product_brand?post=79850"},{"taxonomy":"product_cat","embeddable":true,"href":"https:\/\/sezona.lv\/en\/wp-json\/wp\/v2\/product_cat?post=79850"},{"taxonomy":"product_tag","embeddable":true,"href":"https:\/\/sezona.lv\/en\/wp-json\/wp\/v2\/product_tag?post=79850"}],"curies":[{"name":"wp","href":"https:\/\/api.w.org\/{rel}","templated":true}]}}