{"id":79851,"date":"2025-07-11T17:14:31","date_gmt":"2025-07-11T14:14:31","guid":{"rendered":"https:\/\/demo8.ecube.lv\/sezona.lv\/products\/sufix-monofila-aukla-super-21-clear-150m\/"},"modified":"2025-07-14T15:46:56","modified_gmt":"2025-07-14T12:46:56","slug":"sufix-monofila-aukla-super-21-clear-150m","status":"publish","type":"product","link":"https:\/\/sezona.lv\/en\/products\/sufix-monofila-aukla-super-21-clear-150m\/","title":{"rendered":"Sufix monof\u012bl\u0101 aukla SUPER 21 CLEAR 150m"},"content":{"rendered":"<p>Monof\u012bl\u0101 Sufix SUPER 21 CLEAR 150m.<\/p>\n<p>Fluorkarbona aukla.<\/p>\n<p><strong>Iztur\u012bbas tabula:<br \/>0.16mm &#8211; 2.50kg<br \/><\/strong><\/p>\n","protected":false},"excerpt":{"rendered":"<p>Monof\u012bl\u0101 Sufix SUPER 21 CLEAR 150m. Fluorkarbona aukla. Iztur\u012bbas tabula:0.16mm &#8211; 2.50kg<\/p>\n","protected":false},"featured_media":74187,"template":"","meta":[],"product_brand":[894],"product_cat":[4538,4552,4553],"product_tag":[],"class_list":{"0":"post-79851","1":"product","2":"type-product","3":"status-publish","4":"has-post-thumbnail","6":"product_brand-salmo","7":"product_cat-fishing-equipment-recreation","8":"product_cat-cords-fishing-equipment-recreation","9":"product_cat-monofilament-fishing-lines-cords-fishing-equipment-recreation","11":"first","12":"instock","13":"sale","14":"shipping-taxable","15":"purchasable","16":"product-type-simple"},"_links":{"self":[{"href":"https:\/\/sezona.lv\/en\/wp-json\/wp\/v2\/product\/79851","targetHints":{"allow":["GET"]}}],"collection":[{"href":"https:\/\/sezona.lv\/en\/wp-json\/wp\/v2\/product"}],"about":[{"href":"https:\/\/sezona.lv\/en\/wp-json\/wp\/v2\/types\/product"}],"wp:featuredmedia":[{"embeddable":true,"href":"https:\/\/sezona.lv\/en\/wp-json\/wp\/v2\/media\/74187"}],"wp:attachment":[{"href":"https:\/\/sezona.lv\/en\/wp-json\/wp\/v2\/media?parent=79851"}],"wp:term":[{"taxonomy":"product_brand","embeddable":true,"href":"https:\/\/sezona.lv\/en\/wp-json\/wp\/v2\/product_brand?post=79851"},{"taxonomy":"product_cat","embeddable":true,"href":"https:\/\/sezona.lv\/en\/wp-json\/wp\/v2\/product_cat?post=79851"},{"taxonomy":"product_tag","embeddable":true,"href":"https:\/\/sezona.lv\/en\/wp-json\/wp\/v2\/product_tag?post=79851"}],"curies":[{"name":"wp","href":"https:\/\/api.w.org\/{rel}","templated":true}]}}