{"id":79854,"date":"2025-07-11T17:14:34","date_gmt":"2025-07-11T14:14:34","guid":{"rendered":"https:\/\/demo8.ecube.lv\/sezona.lv\/products\/spole-salmo-diamond-feeder-5-5060fd\/"},"modified":"2025-07-14T15:46:59","modified_gmt":"2025-07-14T12:46:59","slug":"spole-salmo-diamond-feeder-5-5060fd","status":"publish","type":"product","link":"https:\/\/sezona.lv\/en\/products\/spole-salmo-diamond-feeder-5-5060fd\/","title":{"rendered":"Spole Salmo DIAMOND FEEDER 5 (5060FD)"},"content":{"rendered":"<div id=\"product-description\">\n<div id=\"product-description\">\n<div id=\"product-description\">\n<div id=\"product-description\">\n<p>Jaud\u012bga gruntsmak&scaron;\u0137er\u0113&scaron;anas spole. &Scaron;\u012bs spoles galven\u0101s \u012bpa&scaron;\u012bbas ir laba p\u012bt\u0101s auklas uzkl\u0101&scaron;anas tehnika, klipsis negrie\u017e auklu, balanss, nelielais svars un konkur\u0113tsp\u0113j\u012bg\u0101 cena.<\/p>\n<ul>\n<li>Priek&scaron;\u0101 regul\u0113ja bremze<\/li>\n<li>Moment\u0101nas iedarb\u012bbas antireversa sist\u0113ma<\/li>\n<li>Ergonomisks apak&scaron;\u0113jais antireversa sist\u0113mas p\u0101rsl\u0113gs<\/li>\n<li>Prec\u012bzs piedzi\u0146as meh\u0101nisms no bronzas un alum\u012bnija<\/li>\n<li>Atvieglota alum\u012bnija auklas uzt\u012b&scaron;anas kasete<\/li>\n<li>Palielin\u0101ts konusveida uzt\u012b&scaron;anas rull\u012btis, kas pasarg\u0101 auklu no sav\u0113rp&scaron;an\u0101s<\/li>\n<li>Iztur\u012bgs un atvieglots auklas uzkl\u0101&scaron;anas loci\u0146&scaron;<\/li>\n<li>Rokturis no meh\u0101niski apstr\u0101d\u0101ta alum\u012bnija ar ergonomisku gumijas uzgali, skr\u016bves tipa fiks\u0101cija.<\/li>\n<\/ul>\n<\/div>\n<p>Svars (g) 380<br \/>Ietilp\u012bba (m\/mm) 110\/0.35<br \/>Rull\u012b&scaron;u gult\u0146u sk. 1&nbsp;<br \/>Lod\u012b&scaron;u gult\u0146u sk. 4<br \/>P\u0101rnesums 5.1:1<\/p>\n<\/div>\n<\/div>\n<\/div>\n","protected":false},"excerpt":{"rendered":"<p>Jaud\u012bga gruntsmak&scaron;\u0137er\u0113&scaron;anas spole. &Scaron;\u012bs spoles galven\u0101s \u012bpa&scaron;\u012bbas ir laba p\u012bt\u0101s auklas uzkl\u0101&scaron;anas tehnika, klipsis negrie\u017e auklu, balanss, nelielais svars un konkur\u0113tsp\u0113j\u012bg\u0101 cena. Priek&scaron;\u0101 regul\u0113ja bremze Moment\u0101nas iedarb\u012bbas antireversa sist\u0113ma Ergonomisks apak&scaron;\u0113jais antireversa sist\u0113mas p\u0101rsl\u0113gs Prec\u012bzs piedzi\u0146as meh\u0101nisms no bronzas un alum\u012bnija Atvieglota alum\u012bnija auklas uzt\u012b&scaron;anas kasete Palielin\u0101ts konusveida uzt\u012b&scaron;anas rull\u012btis, kas pasarg\u0101 auklu no sav\u0113rp&scaron;an\u0101s [&hellip;]<\/p>\n","protected":false},"featured_media":0,"template":"","meta":[],"product_brand":[],"product_cat":[4538,4539,4541],"product_tag":[],"class_list":{"0":"post-79854","1":"product","2":"type-product","3":"status-publish","5":"product_cat-fishing-equipment-recreation","6":"product_cat-reels-fishing-equipment-recreation","7":"product_cat-spinning-reels-reels-fishing-equipment-recreation","9":"first","10":"instock","11":"shipping-taxable","12":"purchasable","13":"product-type-simple"},"_links":{"self":[{"href":"https:\/\/sezona.lv\/en\/wp-json\/wp\/v2\/product\/79854","targetHints":{"allow":["GET"]}}],"collection":[{"href":"https:\/\/sezona.lv\/en\/wp-json\/wp\/v2\/product"}],"about":[{"href":"https:\/\/sezona.lv\/en\/wp-json\/wp\/v2\/types\/product"}],"wp:attachment":[{"href":"https:\/\/sezona.lv\/en\/wp-json\/wp\/v2\/media?parent=79854"}],"wp:term":[{"taxonomy":"product_brand","embeddable":true,"href":"https:\/\/sezona.lv\/en\/wp-json\/wp\/v2\/product_brand?post=79854"},{"taxonomy":"product_cat","embeddable":true,"href":"https:\/\/sezona.lv\/en\/wp-json\/wp\/v2\/product_cat?post=79854"},{"taxonomy":"product_tag","embeddable":true,"href":"https:\/\/sezona.lv\/en\/wp-json\/wp\/v2\/product_tag?post=79854"}],"curies":[{"name":"wp","href":"https:\/\/api.w.org\/{rel}","templated":true}]}}