{"id":79855,"date":"2025-07-11T17:14:35","date_gmt":"2025-07-11T14:14:35","guid":{"rendered":"https:\/\/demo8.ecube.lv\/sezona.lv\/products\/salmo-makskere-feeder-concept-pilot-70-fcpi070-360\/"},"modified":"2025-07-14T15:47:00","modified_gmt":"2025-07-14T12:47:00","slug":"salmo-makskere-feeder-concept-pilot-70-fcpi070-360","status":"publish","type":"product","link":"https:\/\/sezona.lv\/en\/products\/salmo-makskere-feeder-concept-pilot-70-fcpi070-360\/","title":{"rendered":"Salmo mak\u0161\u0137ere Feeder Concept PILOT 70 (FCPI070-360)"},"content":{"rendered":"<p>Vid\u0113jas ciet\u012bbas f\u012bdermak&scaron;\u0137ere &#8211; universi\u0101ls variants mak&scaron;\u0137er\u0113jot up\u0113s, ezeros un kan\u0101los ar l\u0113nu, vid\u0113ju vai neeso&scaron;u straumi. Piem\u0113rota darbam distanc\u0113 l\u012bdz 70 metriem. Lielisks cenas un kvalit\u0101tes apvienojums.<\/p>\n<ul>\n<li>Materi\u0101ls &#8211; graf\u012bts T36<\/li>\n<li>Akcija &#8211; vid\u0113ji \u0101tra<\/li>\n<li>Konstrukcija &#8211; saliekams, OVER STEEK tipa savienojums<\/li>\n<li>Spic\u012btes &#8211; da\u017e\u0101du ciet\u012bbu, main\u0101mas (1x1oz, 1x2oz, 1x3oz)<\/li>\n<li>Caurlaides gredzeni &#8211; viegli, ar SIC p\u0101rkl\u0101jumu<\/li>\n<li>Rokturis &#8211; kombin\u0113tais (EVA + kor\u0137is)<\/li>\n<li>Spoles tur\u0113t\u0101js &#8211; skr\u016bv\u0113jama tipa.<\/li>\n<\/ul>\n<p>Specifik\u0101cija:<\/p>\n<p>Garums: 3.60m<br \/>Tests: 70g<br \/>Svars: 240g<br \/>Transport\u0113&scaron;anas garums: 125cm<br \/>Sekciju skaits: 3+3<\/p>\n","protected":false},"excerpt":{"rendered":"<p>Vid\u0113jas ciet\u012bbas f\u012bdermak&scaron;\u0137ere &#8211; universi\u0101ls variants mak&scaron;\u0137er\u0113jot up\u0113s, ezeros un kan\u0101los ar l\u0113nu, vid\u0113ju vai neeso&scaron;u straumi. Piem\u0113rota darbam distanc\u0113 l\u012bdz 70 metriem. Lielisks cenas un kvalit\u0101tes apvienojums. Materi\u0101ls &#8211; graf\u012bts T36 Akcija &#8211; vid\u0113ji \u0101tra Konstrukcija &#8211; saliekams, OVER STEEK tipa savienojums Spic\u012btes &#8211; da\u017e\u0101du ciet\u012bbu, main\u0101mas (1x1oz, 1x2oz, 1x3oz) Caurlaides gredzeni &#8211; viegli, [&hellip;]<\/p>\n","protected":false},"featured_media":0,"template":"","meta":[],"product_brand":[894],"product_cat":[4538,4540,4545],"product_tag":[],"class_list":{"0":"post-79855","1":"product","2":"type-product","3":"status-publish","5":"product_brand-salmo","6":"product_cat-fishing-equipment-recreation","7":"product_cat-fishing-rods-fishing-equipment-recreation","8":"product_cat-feeder-and-picker-rods-fishing-rods-fishing-equipment-recreation","10":"first","11":"instock","12":"shipping-taxable","13":"purchasable","14":"product-type-simple"},"_links":{"self":[{"href":"https:\/\/sezona.lv\/en\/wp-json\/wp\/v2\/product\/79855","targetHints":{"allow":["GET"]}}],"collection":[{"href":"https:\/\/sezona.lv\/en\/wp-json\/wp\/v2\/product"}],"about":[{"href":"https:\/\/sezona.lv\/en\/wp-json\/wp\/v2\/types\/product"}],"wp:attachment":[{"href":"https:\/\/sezona.lv\/en\/wp-json\/wp\/v2\/media?parent=79855"}],"wp:term":[{"taxonomy":"product_brand","embeddable":true,"href":"https:\/\/sezona.lv\/en\/wp-json\/wp\/v2\/product_brand?post=79855"},{"taxonomy":"product_cat","embeddable":true,"href":"https:\/\/sezona.lv\/en\/wp-json\/wp\/v2\/product_cat?post=79855"},{"taxonomy":"product_tag","embeddable":true,"href":"https:\/\/sezona.lv\/en\/wp-json\/wp\/v2\/product_tag?post=79855"}],"curies":[{"name":"wp","href":"https:\/\/api.w.org\/{rel}","templated":true}]}}