{"id":79856,"date":"2025-07-11T17:14:36","date_gmt":"2025-07-11T14:14:36","guid":{"rendered":"https:\/\/demo8.ecube.lv\/sezona.lv\/products\/saliekamais-kresls-mil-tec-14451002\/"},"modified":"2025-07-14T15:47:01","modified_gmt":"2025-07-14T12:47:01","slug":"saliekamais-kresls-mil-tec-14451002","status":"publish","type":"product","link":"https:\/\/sezona.lv\/en\/products\/saliekamais-kresls-mil-tec-14451002\/","title":{"rendered":"Saliekamais kr\u0113sls Mil Tec 14451002"},"content":{"rendered":"<p>Saliekamais kr\u0113sls Mil Tec 14451002.<\/p>\n<p>Salok\u0101ms kr\u0113sls ar t\u0113rauda r\u0101mi. Apr\u012bkots ar m\u012bkstin\u0101tu s\u0113dvietu un stingriem, iztur\u012bgiem roku balstiem.&nbsp;<\/p>\n<h4 class=\"table_title\">\u012apa&scaron;\u012bbas un materi\u0101li<\/h4>\n<table class=\"spec\" border=\"0\">\n<tbody>\n<tr>\n<td>Izm\u0113rs (cm)<\/td>\n<td>96x56x44<\/td>\n<\/tr>\n<tr>\n<td>Izm\u0113rs iepakojumam (cm)<\/td>\n<td>91x55x8<\/td>\n<\/tr>\n<tr>\n<td>Svars (kg)<\/td>\n<td>4,1<\/td>\n<\/tr>\n<tr>\n<td>Maksim\u0101l\u0101 nestsp\u0113ja (kg)<\/td>\n<td>100<\/td>\n<\/tr>\n<tr>\n<td>Materi\u0101ls<\/td>\n<td>Poliesters, p\u0101rkl\u0101ts ar polivinilhlor\u012bdu<\/td>\n<\/tr>\n<tr>\n<td>Konstrukcija<\/td>\n<td>T\u0113rauds<\/td>\n<\/tr>\n<\/tbody>\n<\/table>\n","protected":false},"excerpt":{"rendered":"<p>Saliekamais kr\u0113sls Mil Tec 14451002. Salok\u0101ms kr\u0113sls ar t\u0113rauda r\u0101mi. Apr\u012bkots ar m\u012bkstin\u0101tu s\u0113dvietu un stingriem, iztur\u012bgiem roku balstiem.&nbsp; \u012apa&scaron;\u012bbas un materi\u0101li Izm\u0113rs (cm) 96x56x44 Izm\u0113rs iepakojumam (cm) 91x55x8 Svars (kg) 4,1 Maksim\u0101l\u0101 nestsp\u0113ja (kg) 100 Materi\u0101ls Poliesters, p\u0101rkl\u0101ts ar polivinilhlor\u012bdu Konstrukcija T\u0113rauds<\/p>\n","protected":false},"featured_media":106325,"template":"","meta":[],"product_brand":[3390],"product_cat":[4558,4679],"product_tag":[],"class_list":{"0":"post-79856","1":"product","2":"type-product","3":"status-publish","4":"has-post-thumbnail","6":"product_brand-mil-tec","7":"product_cat-for-tourism-recreation","8":"product_cat-folding-chairs-camp-beds-for-tourism-recreation","10":"first","11":"instock","12":"sale","13":"shipping-taxable","14":"purchasable","15":"product-type-simple"},"_links":{"self":[{"href":"https:\/\/sezona.lv\/en\/wp-json\/wp\/v2\/product\/79856","targetHints":{"allow":["GET"]}}],"collection":[{"href":"https:\/\/sezona.lv\/en\/wp-json\/wp\/v2\/product"}],"about":[{"href":"https:\/\/sezona.lv\/en\/wp-json\/wp\/v2\/types\/product"}],"wp:featuredmedia":[{"embeddable":true,"href":"https:\/\/sezona.lv\/en\/wp-json\/wp\/v2\/media\/106325"}],"wp:attachment":[{"href":"https:\/\/sezona.lv\/en\/wp-json\/wp\/v2\/media?parent=79856"}],"wp:term":[{"taxonomy":"product_brand","embeddable":true,"href":"https:\/\/sezona.lv\/en\/wp-json\/wp\/v2\/product_brand?post=79856"},{"taxonomy":"product_cat","embeddable":true,"href":"https:\/\/sezona.lv\/en\/wp-json\/wp\/v2\/product_cat?post=79856"},{"taxonomy":"product_tag","embeddable":true,"href":"https:\/\/sezona.lv\/en\/wp-json\/wp\/v2\/product_tag?post=79856"}],"curies":[{"name":"wp","href":"https:\/\/api.w.org\/{rel}","templated":true}]}}