{"id":79860,"date":"2025-07-11T17:14:41","date_gmt":"2025-07-11T14:14:41","guid":{"rendered":"https:\/\/demo8.ecube.lv\/sezona.lv\/products\/bariba-salmo-breksis-10kg\/"},"modified":"2025-07-14T15:47:06","modified_gmt":"2025-07-14T12:47:06","slug":"bariba-salmo-breksis-10kg","status":"publish","type":"product","link":"https:\/\/sezona.lv\/en\/products\/bariba-salmo-breksis-10kg\/","title":{"rendered":"Bar\u012bba SALMO (Breksis) 10kg"},"content":{"rendered":"<p>Vair\u0101kk\u0101rt\u0113ju Latvijas \u010dempionu, SALMO mak&scaron;\u0137er\u0113&scaron;anas komandas sportistu izstr\u0101d\u0101tas un p\u0101rbaud\u012btas bar\u012bbas ziv\u012bm. T\u0101s lieliski piesaista zivis, uzlabo to \u0113stgribu, tom\u0113r t\u0101s nep\u0101rbaro. Salmo bar\u012bbas piem\u0113rotas lieto&scaron;anai ezeros un up\u0113s visu gadu un t\u0101s var izmantot da\u017e\u0101dos bar\u012bbu mais\u012bjumos, k\u0101 ar\u012b barotav\u0101s. Mak&scaron;\u0137er\u0113jot stipr\u0101 straum\u0113 vai liel\u0101 dzi\u013cum\u0101 ir ieteicams bar\u012bbai pievienot papildus balastu (zemi vai m\u0101lu). Salmo bar\u012bbas ra\u017eotas no dab\u012bg\u0101m sast\u0101vda\u013c\u0101m &#8211; da\u017e\u0101du veidu graudaugiem, s\u0113kl\u0101m, cepumiem, r\u012bvmaizes un dab\u012bgajiem aromatizatoriem (koriandrs, \u0137imenes, vani\u013ca, medus u.c.), tas noz\u012bm\u0113, ka bar\u012bba nepies\u0101r\u0146o apk\u0101rt\u0113jo vidi un nesatur cilv\u0113kiem kait\u012bgas vielas. Svars &#8211; 10 kg.<\/p>\n","protected":false},"excerpt":{"rendered":"<p>Vair\u0101kk\u0101rt\u0113ju Latvijas \u010dempionu, SALMO mak&scaron;\u0137er\u0113&scaron;anas komandas sportistu izstr\u0101d\u0101tas un p\u0101rbaud\u012btas bar\u012bbas ziv\u012bm. T\u0101s lieliski piesaista zivis, uzlabo to \u0113stgribu, tom\u0113r t\u0101s nep\u0101rbaro. Salmo bar\u012bbas piem\u0113rotas lieto&scaron;anai ezeros un up\u0113s visu gadu un t\u0101s var izmantot da\u017e\u0101dos bar\u012bbu mais\u012bjumos, k\u0101 ar\u012b barotav\u0101s. Mak&scaron;\u0137er\u0113jot stipr\u0101 straum\u0113 vai liel\u0101 dzi\u013cum\u0101 ir ieteicams bar\u012bbai pievienot papildus balastu (zemi vai [&hellip;]<\/p>\n","protected":false},"featured_media":74214,"template":"","meta":[],"product_brand":[],"product_cat":[5037],"product_tag":[],"class_list":{"0":"post-79860","1":"product","2":"type-product","3":"status-publish","4":"has-post-thumbnail","6":"product_cat-feed-bait-and-additives-fishing-equipment-recreation","8":"first","9":"instock","10":"shipping-taxable","11":"purchasable","12":"product-type-simple"},"_links":{"self":[{"href":"https:\/\/sezona.lv\/en\/wp-json\/wp\/v2\/product\/79860","targetHints":{"allow":["GET"]}}],"collection":[{"href":"https:\/\/sezona.lv\/en\/wp-json\/wp\/v2\/product"}],"about":[{"href":"https:\/\/sezona.lv\/en\/wp-json\/wp\/v2\/types\/product"}],"wp:featuredmedia":[{"embeddable":true,"href":"https:\/\/sezona.lv\/en\/wp-json\/wp\/v2\/media\/74214"}],"wp:attachment":[{"href":"https:\/\/sezona.lv\/en\/wp-json\/wp\/v2\/media?parent=79860"}],"wp:term":[{"taxonomy":"product_brand","embeddable":true,"href":"https:\/\/sezona.lv\/en\/wp-json\/wp\/v2\/product_brand?post=79860"},{"taxonomy":"product_cat","embeddable":true,"href":"https:\/\/sezona.lv\/en\/wp-json\/wp\/v2\/product_cat?post=79860"},{"taxonomy":"product_tag","embeddable":true,"href":"https:\/\/sezona.lv\/en\/wp-json\/wp\/v2\/product_tag?post=79860"}],"curies":[{"name":"wp","href":"https:\/\/api.w.org\/{rel}","templated":true}]}}