{"id":79868,"date":"2025-07-11T17:14:48","date_gmt":"2025-07-11T14:14:48","guid":{"rendered":"https:\/\/demo8.ecube.lv\/sezona.lv\/products\/melase-bb-bremes-0-5l\/"},"modified":"2025-07-14T15:47:13","modified_gmt":"2025-07-14T12:47:13","slug":"melase-bb-bremes-0-5l","status":"publish","type":"product","link":"https:\/\/sezona.lv\/en\/products\/melase-bb-bremes-0-5l\/","title":{"rendered":"Melase BB Bremes 0.5l"},"content":{"rendered":"<p><span>Bar\u012bbas piedeva &#8211; melase, aromatiz\u0113t\u0101 &#8211; breksim. Tilpums &#8211; 0,5 litri. Ra\u017eot\u0101js &#8211; Boland (Polija)<\/span><\/p>\n","protected":false},"excerpt":{"rendered":"<p>Bar\u012bbas piedeva &#8211; melase, aromatiz\u0113t\u0101 &#8211; breksim. Tilpums &#8211; 0,5 litri. Ra\u017eot\u0101js &#8211; Boland (Polija)<\/p>\n","protected":false},"featured_media":74217,"template":"","meta":[],"product_brand":[],"product_cat":[4538,5035,5037],"product_tag":[],"class_list":{"0":"post-79868","1":"product","2":"type-product","3":"status-publish","4":"has-post-thumbnail","6":"product_cat-fishing-equipment-recreation","7":"product_cat-bait-and-additives-fishing-equipment-recreation","8":"product_cat-feed-bait-and-additives-fishing-equipment-recreation","10":"first","11":"instock","12":"shipping-taxable","13":"purchasable","14":"product-type-simple"},"_links":{"self":[{"href":"https:\/\/sezona.lv\/en\/wp-json\/wp\/v2\/product\/79868","targetHints":{"allow":["GET"]}}],"collection":[{"href":"https:\/\/sezona.lv\/en\/wp-json\/wp\/v2\/product"}],"about":[{"href":"https:\/\/sezona.lv\/en\/wp-json\/wp\/v2\/types\/product"}],"wp:featuredmedia":[{"embeddable":true,"href":"https:\/\/sezona.lv\/en\/wp-json\/wp\/v2\/media\/74217"}],"wp:attachment":[{"href":"https:\/\/sezona.lv\/en\/wp-json\/wp\/v2\/media?parent=79868"}],"wp:term":[{"taxonomy":"product_brand","embeddable":true,"href":"https:\/\/sezona.lv\/en\/wp-json\/wp\/v2\/product_brand?post=79868"},{"taxonomy":"product_cat","embeddable":true,"href":"https:\/\/sezona.lv\/en\/wp-json\/wp\/v2\/product_cat?post=79868"},{"taxonomy":"product_tag","embeddable":true,"href":"https:\/\/sezona.lv\/en\/wp-json\/wp\/v2\/product_tag?post=79868"}],"curies":[{"name":"wp","href":"https:\/\/api.w.org\/{rel}","templated":true}]}}