{"id":79869,"date":"2025-07-14T15:47:14","date_gmt":"2025-07-14T12:47:14","guid":{"rendered":"https:\/\/demo8.ecube.lv\/sezona.lv\/products\/melase-salmo-dabiga-0-5l\/"},"modified":"2025-07-14T15:47:14","modified_gmt":"2025-07-14T12:47:14","slug":"melase-salmo-dabiga-0-5l","status":"publish","type":"product","link":"https:\/\/sezona.lv\/en\/products\/melase-salmo-dabiga-0-5l\/","title":{"rendered":"Melase Salmo (Dab\u012bg\u0101) 0.5l"},"content":{"rendered":"<p><span>Bar\u012bbas piedeva &#8211; melase. Tilpums &#8211; 0,5 litri.<\/span><\/p>\n","protected":false},"excerpt":{"rendered":"<p>Bar\u012bbas piedeva &#8211; melase. Tilpums &#8211; 0,5 litri.<\/p>\n","protected":false},"featured_media":0,"template":"","meta":[],"product_brand":[],"product_cat":[4538,4640,5035,5037],"product_tag":[],"class_list":{"0":"post-79869","1":"product","2":"type-product","3":"status-publish","5":"product_cat-fishing-equipment-recreation","6":"product_cat-recreation","7":"product_cat-bait-and-additives-fishing-equipment-recreation","8":"product_cat-feed-bait-and-additives-fishing-equipment-recreation","10":"first","11":"instock","12":"shipping-taxable","13":"purchasable","14":"product-type-simple"},"_links":{"self":[{"href":"https:\/\/sezona.lv\/en\/wp-json\/wp\/v2\/product\/79869","targetHints":{"allow":["GET"]}}],"collection":[{"href":"https:\/\/sezona.lv\/en\/wp-json\/wp\/v2\/product"}],"about":[{"href":"https:\/\/sezona.lv\/en\/wp-json\/wp\/v2\/types\/product"}],"wp:attachment":[{"href":"https:\/\/sezona.lv\/en\/wp-json\/wp\/v2\/media?parent=79869"}],"wp:term":[{"taxonomy":"product_brand","embeddable":true,"href":"https:\/\/sezona.lv\/en\/wp-json\/wp\/v2\/product_brand?post=79869"},{"taxonomy":"product_cat","embeddable":true,"href":"https:\/\/sezona.lv\/en\/wp-json\/wp\/v2\/product_cat?post=79869"},{"taxonomy":"product_tag","embeddable":true,"href":"https:\/\/sezona.lv\/en\/wp-json\/wp\/v2\/product_tag?post=79869"}],"curies":[{"name":"wp","href":"https:\/\/api.w.org\/{rel}","templated":true}]}}