{"id":79870,"date":"2025-07-11T17:14:51","date_gmt":"2025-07-11T14:14:51","guid":{"rendered":"https:\/\/demo8.ecube.lv\/sezona.lv\/products\/atraktors-sensas-aromix-anis-0-5l\/"},"modified":"2025-07-14T15:47:15","modified_gmt":"2025-07-14T12:47:15","slug":"atraktors-sensas-aromix-anis-0-5l","status":"publish","type":"product","link":"https:\/\/sezona.lv\/en\/products\/atraktors-sensas-aromix-anis-0-5l\/","title":{"rendered":"Atraktors Sensas AROMIX Anis 0.5l"},"content":{"rendered":"<p>AROMIX s\u0113rijas atraktori ir paredz\u0113ti iebarojam\u0101s bar\u012bbas un \u0113smu aromatiz\u0113&scaron;anai, \u0101tr\u0101kai zivju ievilin\u0101&scaron;anai un notur\u0113&scaron;anai mak&scaron;\u0137er\u0113&scaron;anas viet\u0101. SUPER AROMIX ANIS &#8211; an\u012bsa arom\u0101ts. Tilpums 0,5litri.<\/p>\n","protected":false},"excerpt":{"rendered":"<p>AROMIX s\u0113rijas atraktori ir paredz\u0113ti iebarojam\u0101s bar\u012bbas un \u0113smu aromatiz\u0113&scaron;anai, \u0101tr\u0101kai zivju ievilin\u0101&scaron;anai un notur\u0113&scaron;anai mak&scaron;\u0137er\u0113&scaron;anas viet\u0101. SUPER AROMIX ANIS &#8211; an\u012bsa arom\u0101ts. Tilpums 0,5litri.<\/p>\n","protected":false},"featured_media":74220,"template":"","meta":[],"product_brand":[],"product_cat":[4538,5035,5036],"product_tag":[],"class_list":{"0":"post-79870","1":"product","2":"type-product","3":"status-publish","4":"has-post-thumbnail","6":"product_cat-fishing-equipment-recreation","7":"product_cat-bait-and-additives-fishing-equipment-recreation","8":"product_cat-flavorings-bait-and-additives-fishing-equipment-recreation","10":"first","11":"instock","12":"shipping-taxable","13":"purchasable","14":"product-type-simple"},"_links":{"self":[{"href":"https:\/\/sezona.lv\/en\/wp-json\/wp\/v2\/product\/79870","targetHints":{"allow":["GET"]}}],"collection":[{"href":"https:\/\/sezona.lv\/en\/wp-json\/wp\/v2\/product"}],"about":[{"href":"https:\/\/sezona.lv\/en\/wp-json\/wp\/v2\/types\/product"}],"wp:featuredmedia":[{"embeddable":true,"href":"https:\/\/sezona.lv\/en\/wp-json\/wp\/v2\/media\/74220"}],"wp:attachment":[{"href":"https:\/\/sezona.lv\/en\/wp-json\/wp\/v2\/media?parent=79870"}],"wp:term":[{"taxonomy":"product_brand","embeddable":true,"href":"https:\/\/sezona.lv\/en\/wp-json\/wp\/v2\/product_brand?post=79870"},{"taxonomy":"product_cat","embeddable":true,"href":"https:\/\/sezona.lv\/en\/wp-json\/wp\/v2\/product_cat?post=79870"},{"taxonomy":"product_tag","embeddable":true,"href":"https:\/\/sezona.lv\/en\/wp-json\/wp\/v2\/product_tag?post=79870"}],"curies":[{"name":"wp","href":"https:\/\/api.w.org\/{rel}","templated":true}]}}