{"id":79876,"date":"2025-07-14T15:47:20","date_gmt":"2025-07-14T12:47:20","guid":{"rendered":"https:\/\/demo8.ecube.lv\/sezona.lv\/products\/akumulatora-ladetajs-ctek-mxs-12v-5-0a-polar-impulsa\/"},"modified":"2025-07-14T15:47:20","modified_gmt":"2025-07-14T12:47:20","slug":"akumulatora-ladetajs-ctek-mxs-12v-5-0a-polar-impulsa","status":"publish","type":"product","link":"https:\/\/sezona.lv\/en\/products\/akumulatora-ladetajs-ctek-mxs-12v-5-0a-polar-impulsa\/","title":{"rendered":"Akumulatora l\u0101d\u0113t\u0101js CTEK MXS 12V 5.0A POLAR impulsa"},"content":{"rendered":"<p>Impulsa tipa l\u0101d\u0113t\u0101js (8 so\u013cu), paredz\u0113ts &nbsp;1-110Ah akumulatoru l\u0101d\u0113&scaron;anai. Piln\u012bb\u0101 autom\u0101tisks. Paredz\u0113ts: Sk\u0101bes \/ GEL \/ AGM tipa akumulatoriem.<\/p>\n<p>Akumulatora atjauno&scaron;anas funkcija (Recond).<\/p>\n<p>L\u0101d\u0113&scaron;anas spriegums: 14.4\/15\/15.8V<\/p>\n","protected":false},"excerpt":{"rendered":"<p>Impulsa tipa l\u0101d\u0113t\u0101js (8 so\u013cu), paredz\u0113ts &nbsp;1-110Ah akumulatoru l\u0101d\u0113&scaron;anai. Piln\u012bb\u0101 autom\u0101tisks. Paredz\u0113ts: Sk\u0101bes \/ GEL \/ AGM tipa akumulatoriem. Akumulatora atjauno&scaron;anas funkcija (Recond). L\u0101d\u0113&scaron;anas spriegums: 14.4\/15\/15.8V<\/p>\n","protected":false},"featured_media":0,"template":"","meta":[],"product_brand":[3378],"product_cat":[4557,4640,4951],"product_tag":[],"class_list":{"0":"post-79876","1":"product","2":"type-product","3":"status-publish","5":"product_brand-ctek","6":"product_cat-boats-recreation","7":"product_cat-recreation","8":"product_cat-battery-chargers-boats-recreation","10":"first","11":"instock","12":"shipping-taxable","13":"purchasable","14":"product-type-simple"},"_links":{"self":[{"href":"https:\/\/sezona.lv\/en\/wp-json\/wp\/v2\/product\/79876","targetHints":{"allow":["GET"]}}],"collection":[{"href":"https:\/\/sezona.lv\/en\/wp-json\/wp\/v2\/product"}],"about":[{"href":"https:\/\/sezona.lv\/en\/wp-json\/wp\/v2\/types\/product"}],"wp:attachment":[{"href":"https:\/\/sezona.lv\/en\/wp-json\/wp\/v2\/media?parent=79876"}],"wp:term":[{"taxonomy":"product_brand","embeddable":true,"href":"https:\/\/sezona.lv\/en\/wp-json\/wp\/v2\/product_brand?post=79876"},{"taxonomy":"product_cat","embeddable":true,"href":"https:\/\/sezona.lv\/en\/wp-json\/wp\/v2\/product_cat?post=79876"},{"taxonomy":"product_tag","embeddable":true,"href":"https:\/\/sezona.lv\/en\/wp-json\/wp\/v2\/product_tag?post=79876"}],"curies":[{"name":"wp","href":"https:\/\/api.w.org\/{rel}","templated":true}]}}