{"id":79883,"date":"2025-07-11T17:15:10","date_gmt":"2025-07-11T14:15:10","guid":{"rendered":"https:\/\/demo8.ecube.lv\/sezona.lv\/products\/spole-daiwa-rx-lt-2500\/"},"modified":"2025-07-14T15:47:27","modified_gmt":"2025-07-14T12:47:27","slug":"spole-daiwa-rx-lt-2500","status":"publish","type":"product","link":"https:\/\/sezona.lv\/en\/products\/spole-daiwa-rx-lt-2500\/","title":{"rendered":"Spole DAIWA RX LT 2500"},"content":{"rendered":"<p>Bud\u017eeta klases spole. Ra\u017eot\u0101ji ir piedom\u0101ju&scaron;i pie t\u0101, lai spolei b\u016btu viegla un pat\u012bkama gaita, k\u0101da ir d\u0101rg\u0101 gala spol\u0113m. Atkar\u012bb\u0101 no spoles izm\u0113riem, t\u0101s ir lieliski piem\u0113rotas, gan pl\u0113s\u0113jiem (asari, l\u012bdakas,zandarti), gan balto zivju \u0137er&scaron;anai.<\/p>\n<ul>\n<li>1 lod\u012b&scaron;u gultnis;<\/li>\n<li>Twist Buster&reg; II auklas rull\u012btis;<\/li>\n<li>Multi-Stop anti-reverse;<\/li>\n<li>ABS&reg; alum\u012bnija spole;<\/li>\n<li>Iztur\u012bga spoles st\u012bpi\u0146a.<\/li>\n<\/ul>\n<div>\n<table style=\"text-align: center\" border=\"0\">\n<tbody>\n<tr>\n<td>Kods<\/td>\n<td>Svars (g)<\/td>\n<td>Modelis<\/td>\n<td>Gult\u0146i<\/td>\n<td>Auklas ietilp\u012bba mm\/m<\/td>\n<td>Zobratu attiec\u012bba<\/td>\n<\/tr>\n<tr>\n<td>10118-250<\/td>\n<td>270<\/td>\n<td>2500<\/td>\n<td>1<\/td>\n<td>150\/0.20<\/td>\n<td>5.3:1<\/p>\n<\/td>\n<\/tr>\n<\/tbody>\n<\/table>\n<\/div>\n","protected":false},"excerpt":{"rendered":"<p>Bud\u017eeta klases spole. Ra\u017eot\u0101ji ir piedom\u0101ju&scaron;i pie t\u0101, lai spolei b\u016btu viegla un pat\u012bkama gaita, k\u0101da ir d\u0101rg\u0101 gala spol\u0113m. Atkar\u012bb\u0101 no spoles izm\u0113riem, t\u0101s ir lieliski piem\u0113rotas, gan pl\u0113s\u0113jiem (asari, l\u012bdakas,zandarti), gan balto zivju \u0137er&scaron;anai. 1 lod\u012b&scaron;u gultnis; Twist Buster&reg; II auklas rull\u012btis; Multi-Stop anti-reverse; ABS&reg; alum\u012bnija spole; Iztur\u012bga spoles st\u012bpi\u0146a. Kods Svars (g) [&hellip;]<\/p>\n","protected":false},"featured_media":74253,"template":"","meta":[],"product_brand":[],"product_cat":[4538,4539,4541,5030],"product_tag":[],"class_list":{"0":"post-79883","1":"product","2":"type-product","3":"status-publish","4":"has-post-thumbnail","6":"product_cat-fishing-equipment-recreation","7":"product_cat-reels-fishing-equipment-recreation","8":"product_cat-spinning-reels-reels-fishing-equipment-recreation","9":"product_cat-daiwa-reels-spinning-reels-reels-fishing-equipment-recreation","11":"first","12":"instock","13":"sale","14":"shipping-taxable","15":"purchasable","16":"product-type-simple"},"_links":{"self":[{"href":"https:\/\/sezona.lv\/en\/wp-json\/wp\/v2\/product\/79883","targetHints":{"allow":["GET"]}}],"collection":[{"href":"https:\/\/sezona.lv\/en\/wp-json\/wp\/v2\/product"}],"about":[{"href":"https:\/\/sezona.lv\/en\/wp-json\/wp\/v2\/types\/product"}],"wp:featuredmedia":[{"embeddable":true,"href":"https:\/\/sezona.lv\/en\/wp-json\/wp\/v2\/media\/74253"}],"wp:attachment":[{"href":"https:\/\/sezona.lv\/en\/wp-json\/wp\/v2\/media?parent=79883"}],"wp:term":[{"taxonomy":"product_brand","embeddable":true,"href":"https:\/\/sezona.lv\/en\/wp-json\/wp\/v2\/product_brand?post=79883"},{"taxonomy":"product_cat","embeddable":true,"href":"https:\/\/sezona.lv\/en\/wp-json\/wp\/v2\/product_cat?post=79883"},{"taxonomy":"product_tag","embeddable":true,"href":"https:\/\/sezona.lv\/en\/wp-json\/wp\/v2\/product_tag?post=79883"}],"curies":[{"name":"wp","href":"https:\/\/api.w.org\/{rel}","templated":true}]}}