{"id":79884,"date":"2025-07-14T15:47:28","date_gmt":"2025-07-14T12:47:28","guid":{"rendered":"https:\/\/demo8.ecube.lv\/sezona.lv\/products\/mil-tec-paspiepusamais-sezamatracis-14416501\/"},"modified":"2025-07-14T15:47:28","modified_gmt":"2025-07-14T12:47:28","slug":"mil-tec-paspiepusamais-sezamatracis-14416501","status":"publish","type":"product","link":"https:\/\/sezona.lv\/en\/products\/mil-tec-paspiepusamais-sezamatracis-14416501\/","title":{"rendered":"Mil Tec pa\u0161piep\u016b\u0161amais s\u0113\u017eamatracis 14416501"},"content":{"rendered":"<p><span>Covering: 100% Polyester, Polyvinylchlorid coated<\/span><br \/><span>Filling: 100% Polyurethane foam<\/span><br \/><span>Plastic valve<\/span><br \/><span>Dimensions: 34,5 x 31 x 3 cm<\/span><br \/><span>Weight: 138 g<\/span><\/p>\n<p><span>&#8211; robust, self inflatable seat mat<\/span><br \/><span>&#8211; by the low weight and the small pack size it is easy to pack and transport the seat mat<\/span><br \/><span>&#8211; ideal for camping, fishing pole excursion, gardening and hikes<\/span><br \/><span>&#8211; including transportation bag<\/span><\/p>\n","protected":false},"excerpt":{"rendered":"<p>Covering: 100% Polyester, Polyvinylchlorid coatedFilling: 100% Polyurethane foamPlastic valveDimensions: 34,5 x 31 x 3 cmWeight: 138 g &#8211; robust, self inflatable seat mat&#8211; by the low weight and the small pack size it is easy to pack and transport the seat mat&#8211; ideal for camping, fishing pole excursion, gardening and hikes&#8211; including transportation bag<\/p>\n","protected":false},"featured_media":0,"template":"","meta":[],"product_brand":[3434],"product_cat":[4558,4640,4663,4772],"product_tag":[],"class_list":{"0":"post-79884","1":"product","2":"type-product","3":"status-publish","5":"product_brand-therm-a-rest","6":"product_cat-for-tourism-recreation","7":"product_cat-recreation","8":"product_cat-mattresses-and-travel-mats-for-tourism-recreation","9":"product_cat-self-inflating-mattresses-mattresses-and-travel-mats-for-tourism-recreation","11":"first","12":"instock","13":"shipping-taxable","14":"purchasable","15":"product-type-simple"},"_links":{"self":[{"href":"https:\/\/sezona.lv\/en\/wp-json\/wp\/v2\/product\/79884","targetHints":{"allow":["GET"]}}],"collection":[{"href":"https:\/\/sezona.lv\/en\/wp-json\/wp\/v2\/product"}],"about":[{"href":"https:\/\/sezona.lv\/en\/wp-json\/wp\/v2\/types\/product"}],"wp:attachment":[{"href":"https:\/\/sezona.lv\/en\/wp-json\/wp\/v2\/media?parent=79884"}],"wp:term":[{"taxonomy":"product_brand","embeddable":true,"href":"https:\/\/sezona.lv\/en\/wp-json\/wp\/v2\/product_brand?post=79884"},{"taxonomy":"product_cat","embeddable":true,"href":"https:\/\/sezona.lv\/en\/wp-json\/wp\/v2\/product_cat?post=79884"},{"taxonomy":"product_tag","embeddable":true,"href":"https:\/\/sezona.lv\/en\/wp-json\/wp\/v2\/product_tag?post=79884"}],"curies":[{"name":"wp","href":"https:\/\/api.w.org\/{rel}","templated":true}]}}