{"id":79885,"date":"2025-07-14T15:47:29","date_gmt":"2025-07-14T12:47:29","guid":{"rendered":"https:\/\/demo8.ecube.lv\/sezona.lv\/products\/explorer-paspiepusamais-matracis-2-5cm\/"},"modified":"2025-07-14T15:47:29","modified_gmt":"2025-07-14T12:47:29","slug":"explorer-paspiepusamais-matracis-2-5cm","status":"publish","type":"product","link":"https:\/\/sezona.lv\/en\/products\/explorer-paspiepusamais-matracis-2-5cm\/","title":{"rendered":"Explorer Pa\u0161piep\u016b\u0161amais matracis 2.5cm"},"content":{"rendered":"<p><span>Upper: 100% Nylon, Polyurethane coated<\/span><br \/><span>Filling: open-celled Polyurethane foam<\/span><br \/><span>Dimensions: 185 x 55 x 2,5 cm<\/span><br \/><span>Pack size: 59 x 14 cm<\/span><br \/><span>Weigtht: ca. 1.300 g<\/span><\/p>\n<p><span>&#8211; selfinflatable thermo mat<\/span><br \/><span>&#8211; including 2 hook and loop closure ribbons for fixation<\/span><br \/><span>&#8211; including repair kit<\/span><\/p>\n<ul>\n<\/ul>\n","protected":false},"excerpt":{"rendered":"<p>Upper: 100% Nylon, Polyurethane coatedFilling: open-celled Polyurethane foamDimensions: 185 x 55 x 2,5 cmPack size: 59 x 14 cmWeigtht: ca. 1.300 g &#8211; selfinflatable thermo mat&#8211; including 2 hook and loop closure ribbons for fixation&#8211; including repair kit<\/p>\n","protected":false},"featured_media":0,"template":"","meta":[],"product_brand":[],"product_cat":[4558,4640,4663,4772],"product_tag":[],"class_list":{"0":"post-79885","1":"product","2":"type-product","3":"status-publish","5":"product_cat-for-tourism-recreation","6":"product_cat-recreation","7":"product_cat-mattresses-and-travel-mats-for-tourism-recreation","8":"product_cat-self-inflating-mattresses-mattresses-and-travel-mats-for-tourism-recreation","10":"first","11":"instock","12":"shipping-taxable","13":"purchasable","14":"product-type-simple"},"_links":{"self":[{"href":"https:\/\/sezona.lv\/en\/wp-json\/wp\/v2\/product\/79885","targetHints":{"allow":["GET"]}}],"collection":[{"href":"https:\/\/sezona.lv\/en\/wp-json\/wp\/v2\/product"}],"about":[{"href":"https:\/\/sezona.lv\/en\/wp-json\/wp\/v2\/types\/product"}],"wp:attachment":[{"href":"https:\/\/sezona.lv\/en\/wp-json\/wp\/v2\/media?parent=79885"}],"wp:term":[{"taxonomy":"product_brand","embeddable":true,"href":"https:\/\/sezona.lv\/en\/wp-json\/wp\/v2\/product_brand?post=79885"},{"taxonomy":"product_cat","embeddable":true,"href":"https:\/\/sezona.lv\/en\/wp-json\/wp\/v2\/product_cat?post=79885"},{"taxonomy":"product_tag","embeddable":true,"href":"https:\/\/sezona.lv\/en\/wp-json\/wp\/v2\/product_tag?post=79885"}],"curies":[{"name":"wp","href":"https:\/\/api.w.org\/{rel}","templated":true}]}}