{"id":79887,"date":"2025-07-11T17:15:14","date_gmt":"2025-07-11T14:15:14","guid":{"rendered":"https:\/\/demo8.ecube.lv\/sezona.lv\/products\/digitalie-svari\/"},"modified":"2025-07-14T15:47:31","modified_gmt":"2025-07-14T12:47:31","slug":"digitalie-svari","status":"publish","type":"product","link":"https:\/\/sezona.lv\/en\/products\/digitalie-svari\/","title":{"rendered":"Digit\u0101lie svari"},"content":{"rendered":"<p><span>Kompakti elektroniskie svari- max l\u012bdz 40kg.<\/span><\/p>\n<p><span>Izgaismots displejs, ir taras funkcija (ja izmantojat trauku, tad iesp\u0113ja nolikt svarus uz 0 un p\u0113c tam tiks r\u0101d\u012bts tikai trauka satura svars).<\/span><\/p>\n<p><span>Iesp\u0113ja main\u012bt m\u0113rvien\u012bbas.<\/span><\/p>\n<p><span>Autom\u0101tisk\u0101 izsl\u0113g&scaron;an\u0101s funkcija.<\/span><\/p>\n<p><span>Darbijas ar 2x AAA baterij\u0101m (iek\u013cautas komplekt\u0101).<\/span><\/p>\n","protected":false},"excerpt":{"rendered":"<p>Kompakti elektroniskie svari- max l\u012bdz 40kg. Izgaismots displejs, ir taras funkcija (ja izmantojat trauku, tad iesp\u0113ja nolikt svarus uz 0 un p\u0113c tam tiks r\u0101d\u012bts tikai trauka satura svars). Iesp\u0113ja main\u012bt m\u0113rvien\u012bbas. Autom\u0101tisk\u0101 izsl\u0113g&scaron;an\u0101s funkcija. Darbijas ar 2x AAA baterij\u0101m (iek\u013cautas komplekt\u0101).<\/p>\n","protected":false},"featured_media":74259,"template":"","meta":[],"product_brand":[3368],"product_cat":[4538,4559],"product_tag":[],"class_list":{"0":"post-79887","1":"product","2":"type-product","3":"status-publish","4":"has-post-thumbnail","6":"product_brand-rapala","7":"product_cat-fishing-equipment-recreation","8":"product_cat-equipment-fishing-equipment-recreation","10":"first","11":"instock","12":"shipping-taxable","13":"purchasable","14":"product-type-simple"},"_links":{"self":[{"href":"https:\/\/sezona.lv\/en\/wp-json\/wp\/v2\/product\/79887","targetHints":{"allow":["GET"]}}],"collection":[{"href":"https:\/\/sezona.lv\/en\/wp-json\/wp\/v2\/product"}],"about":[{"href":"https:\/\/sezona.lv\/en\/wp-json\/wp\/v2\/types\/product"}],"wp:featuredmedia":[{"embeddable":true,"href":"https:\/\/sezona.lv\/en\/wp-json\/wp\/v2\/media\/74259"}],"wp:attachment":[{"href":"https:\/\/sezona.lv\/en\/wp-json\/wp\/v2\/media?parent=79887"}],"wp:term":[{"taxonomy":"product_brand","embeddable":true,"href":"https:\/\/sezona.lv\/en\/wp-json\/wp\/v2\/product_brand?post=79887"},{"taxonomy":"product_cat","embeddable":true,"href":"https:\/\/sezona.lv\/en\/wp-json\/wp\/v2\/product_cat?post=79887"},{"taxonomy":"product_tag","embeddable":true,"href":"https:\/\/sezona.lv\/en\/wp-json\/wp\/v2\/product_tag?post=79887"}],"curies":[{"name":"wp","href":"https:\/\/api.w.org\/{rel}","templated":true}]}}