{"id":79890,"date":"2025-07-14T15:47:34","date_gmt":"2025-07-14T12:47:34","guid":{"rendered":"https:\/\/demo8.ecube.lv\/sezona.lv\/products\/armytek-18650-li-ion-ladejamais-akumulators-3500-mah\/"},"modified":"2025-07-14T15:47:34","modified_gmt":"2025-07-14T12:47:34","slug":"armytek-18650-li-ion-ladejamais-akumulators-3500-mah","status":"publish","type":"product","link":"https:\/\/sezona.lv\/en\/products\/armytek-18650-li-ion-ladejamais-akumulators-3500-mah\/","title":{"rendered":"ARMYTEK 18650 LI-ION l\u0101d\u0113jamais akumulators 3500 MAH"},"content":{"rendered":"<p>ARMYTEK 18650 LI-ION l\u0101d\u0113jamais akumulators 3500 MAH.<\/p>\n<ul>\n<li>Made in Japan high-grade ICs. They are notable for low power requirement and high reliability. It means you get more advanced device performance.<\/li>\n<li>Possibility to work even under heavy loading. You will appreciate high battery discharge rate &ndash; up to 7.5 Amperes.<\/li>\n<li>The best chemistry in the world &ndash; 3500mAh (Japan). 12, 5 Wh battery.<\/li>\n<li>Triple protection against short, over-discharge, over-charge.<\/li>\n<li>304 Stainless steel plate reinforced bottom. This unique structural design provides better impact-resistance.<\/li>\n<li>Safety vent with thermal cut-off protection. You get reliable protection of your device from overheating.<\/li>\n<\/ul>\n","protected":false},"excerpt":{"rendered":"<p>ARMYTEK 18650 LI-ION l\u0101d\u0113jamais akumulators 3500 MAH. Made in Japan high-grade ICs. They are notable for low power requirement and high reliability. It means you get more advanced device performance. Possibility to work even under heavy loading. You will appreciate high battery discharge rate &ndash; up to 7.5 Amperes. The best chemistry in the world [&hellip;]<\/p>\n","protected":false},"featured_media":0,"template":"","meta":[],"product_brand":[],"product_cat":[4558,4572,4640],"product_tag":[],"class_list":{"0":"post-79890","1":"product","2":"type-product","3":"status-publish","5":"product_cat-for-tourism-recreation","6":"product_cat-lights-for-tourism-recreation","7":"product_cat-recreation","9":"first","10":"instock","11":"shipping-taxable","12":"purchasable","13":"product-type-simple"},"_links":{"self":[{"href":"https:\/\/sezona.lv\/en\/wp-json\/wp\/v2\/product\/79890","targetHints":{"allow":["GET"]}}],"collection":[{"href":"https:\/\/sezona.lv\/en\/wp-json\/wp\/v2\/product"}],"about":[{"href":"https:\/\/sezona.lv\/en\/wp-json\/wp\/v2\/types\/product"}],"wp:attachment":[{"href":"https:\/\/sezona.lv\/en\/wp-json\/wp\/v2\/media?parent=79890"}],"wp:term":[{"taxonomy":"product_brand","embeddable":true,"href":"https:\/\/sezona.lv\/en\/wp-json\/wp\/v2\/product_brand?post=79890"},{"taxonomy":"product_cat","embeddable":true,"href":"https:\/\/sezona.lv\/en\/wp-json\/wp\/v2\/product_cat?post=79890"},{"taxonomy":"product_tag","embeddable":true,"href":"https:\/\/sezona.lv\/en\/wp-json\/wp\/v2\/product_tag?post=79890"}],"curies":[{"name":"wp","href":"https:\/\/api.w.org\/{rel}","templated":true}]}}