{"id":79891,"date":"2025-07-14T15:47:35","date_gmt":"2025-07-14T12:47:35","guid":{"rendered":"https:\/\/demo8.ecube.lv\/sezona.lv\/products\/armytek-handy-c2-vape-akumulatoru-ladetajs\/"},"modified":"2025-07-14T15:47:35","modified_gmt":"2025-07-14T12:47:35","slug":"armytek-handy-c2-vape-akumulatoru-ladetajs","status":"publish","type":"product","link":"https:\/\/sezona.lv\/en\/products\/armytek-handy-c2-vape-akumulatoru-ladetajs\/","title":{"rendered":"ARMYTEK HANDY C2 VAPE akumulatoru l\u0101d\u0113t\u0101js"},"content":{"rendered":"<p>ARMYTEK HANDY C2 VAPE akumulatoru l\u0101d\u0113t\u0101js.<\/p>\n<p>\u0421ompact size makes the powerful Handy C2 Vape Edition ideal for continuous carrying and Powerbank function allows to charge any devices on the go. Special design of the charger prevents the batteries from falling out, which is especially convenient when used as a Powerbank.<\/p>\n<ul>\n<li>Charges 18650 Li-Ion 3000mAh battery for 2 hours.<\/li>\n<li>Ultra quick charge with 2 independent slots and 2A current for each slot.<\/li>\n<li>Supports IMR and Li-Ion 4.2V with precise charge algorithm to extend battery lifespan.<\/li>\n<li>Built-in effective powerbank supports devices with charge current up to 2.5A.<\/li>\n<li>Special &lsquo;wings&rsquo; design for reliable carrying of batteries without additional silicone strips.<\/li>\n<li>Auto-detection of reverse polarity.<\/li>\n<li>Automatically stops the charging when complete depending on the battery.<\/li>\n<li>Powerbank is compatible with iPhone &amp; iPad.<\/li>\n<li><strong>5 years no-hassle warranty.<\/strong><\/li>\n<\/ul>\n<div class=\"ty-product-feature\"><span class=\"ty-product-feature__label\">Number of channels:<\/span>&nbsp;2;<\/div>\n<div class=\"ty-product-feature\"><span class=\"ty-product-feature__label\">Battery type:<\/span>&nbsp;Li-Ion;<\/div>\n<div class=\"ty-product-feature\"><span class=\"ty-product-feature__label\">Battery compatibility:<\/span>&nbsp;18650, 18700, 20700;<\/div>\n<div class=\"ty-product-feature\"><span class=\"ty-product-feature__label\">Indication type:<\/span>&nbsp;2*4 color LED&#8217;s;<\/div>\n<div class=\"ty-product-feature\"><span class=\"ty-product-feature__label\">Voltage per channel:<\/span>&nbsp;4.2 V;<\/div>\n<div class=\"ty-product-feature\"><span class=\"ty-product-feature__label\">Charging current per one channel:<\/span>&nbsp;2A;<\/div>\n<div class=\"ty-product-feature\"><span class=\"ty-product-feature__label\">Input:<\/span>&nbsp;USB Type-C DC 5V \/ 4A;<\/div>\n<div class=\"ty-product-feature\"><span class=\"ty-product-feature__label\">Powerbank function:<\/span>&nbsp;DC 5V \/ 2.5A;<\/div>\n<div class=\"ty-product-feature\"><span class=\"ty-product-feature__label\">Weight:<\/span>&nbsp;68<span class=\"ty-product-feature__suffix\">g;<\/span><\/div>\n<div class=\"ty-product-feature\"><span class=\"ty-product-feature__label\">What&#8217;s included:<\/span>&nbsp;USB Type C cable, manual.<\/div>\n<ul>\n<\/ul>\n","protected":false},"excerpt":{"rendered":"<p>ARMYTEK HANDY C2 VAPE akumulatoru l\u0101d\u0113t\u0101js. \u0421ompact size makes the powerful Handy C2 Vape Edition ideal for continuous carrying and Powerbank function allows to charge any devices on the go. Special design of the charger prevents the batteries from falling out, which is especially convenient when used as a Powerbank. Charges 18650 Li-Ion 3000mAh battery [&hellip;]<\/p>\n","protected":false},"featured_media":0,"template":"","meta":[],"product_brand":[],"product_cat":[4558,4572,4640],"product_tag":[],"class_list":{"0":"post-79891","1":"product","2":"type-product","3":"status-publish","5":"product_cat-for-tourism-recreation","6":"product_cat-lights-for-tourism-recreation","7":"product_cat-recreation","9":"first","10":"instock","11":"shipping-taxable","12":"purchasable","13":"product-type-simple"},"_links":{"self":[{"href":"https:\/\/sezona.lv\/en\/wp-json\/wp\/v2\/product\/79891","targetHints":{"allow":["GET"]}}],"collection":[{"href":"https:\/\/sezona.lv\/en\/wp-json\/wp\/v2\/product"}],"about":[{"href":"https:\/\/sezona.lv\/en\/wp-json\/wp\/v2\/types\/product"}],"wp:attachment":[{"href":"https:\/\/sezona.lv\/en\/wp-json\/wp\/v2\/media?parent=79891"}],"wp:term":[{"taxonomy":"product_brand","embeddable":true,"href":"https:\/\/sezona.lv\/en\/wp-json\/wp\/v2\/product_brand?post=79891"},{"taxonomy":"product_cat","embeddable":true,"href":"https:\/\/sezona.lv\/en\/wp-json\/wp\/v2\/product_cat?post=79891"},{"taxonomy":"product_tag","embeddable":true,"href":"https:\/\/sezona.lv\/en\/wp-json\/wp\/v2\/product_tag?post=79891"}],"curies":[{"name":"wp","href":"https:\/\/api.w.org\/{rel}","templated":true}]}}