{"id":79895,"date":"2025-07-11T17:15:37","date_gmt":"2025-07-11T14:15:37","guid":{"rendered":"https:\/\/demo8.ecube.lv\/sezona.lv\/products\/spole-daiwa-prorex-x-lt-3000-c\/"},"modified":"2025-07-14T15:47:38","modified_gmt":"2025-07-14T12:47:38","slug":"spole-daiwa-prorex-x-lt-3000-c","status":"publish","type":"product","link":"https:\/\/sezona.lv\/en\/products\/spole-daiwa-prorex-x-lt-3000-c\/","title":{"rendered":"Spole DAIWA PROREX X LT 3000-C"},"content":{"rendered":"<div id=\"cke_pastebin\"><\/p>\n<div id=\"cke_pastebin\">Daiwa PROREX X LT pied\u0101v\u0101 ekskluz\u012bvas DAIWA tehnolo\u0123ijas ar izcilu cenu un veiktsp\u0113jas attiec\u012bbu.<\/div>\n<div>&nbsp;<\/div>\n<div id=\"cke_pastebin\">PROREX X LT s\u0113rija ir izstr\u0101d\u0101ta saska\u0146\u0101 ar jauno LT koncepciju un apvieno veiksm\u012bgo DAIWA tehnolo\u0123iju ar jauno Light &amp; Tough koncepciju.<\/div>\n<div>&nbsp;<\/div>\n<div id=\"cke_pastebin\">Pateicoties da\u013c\u0113ji seklaj\u0101m spol\u0113m, Prorex X LT s\u0113rija ir ide\u0101li piem\u0113rota pl\u0101n\u0101m p\u012btaj\u0101m aukl\u0101m.<\/div>\n<div>2018. gada modelis.<\/div>\n<div>&nbsp;<\/div>\n<ul>\n<li>LT (viegla un iztur\u012bga)<\/li>\n<li>5 lod\u012b&scaron;u gult\u0146i<\/li>\n<li>AIR ROTOR&reg;<\/li>\n<li>TOUGH DIGIGEAR&reg; (TDG) palielin\u0101ti galvenie zobrati<\/li>\n<li>ATD &trade; brem\u017eu sist\u0113ma, ko var \u013coti prec\u012bzi noregul\u0113t<\/li>\n<li>Infinite Anti-Reverse&reg;<\/li>\n<li>Cross Wrap &trade; krusteniska p\u012bt\u0101s auklas uzt\u012b&scaron;ana<\/li>\n<li>SILENT OSCILLATION SYSTEM &#8211; spolei m\u012bksta gaita, bez vibr\u0101cij\u0101m<\/li>\n<li>ABS&reg; alum\u012bnija kasete<\/li>\n<li>CNC griezta alum\u012bnija rokturis<\/li>\n<li>Twist Buster&reg; II speci\u0101las formas auklas uzkl\u0101j\u0113jloci\u0146a rull\u012b&scaron;a forma, kas nov\u0113r&scaron; auklas sav\u0113rp&scaron;anos<\/li>\n<\/ul>\n<div>\n<table style=\"text-align: center\" border=\"0\">\n<tbody>\n<tr>\n<td>Kods<\/td>\n<td>Svars (g)<\/td>\n<td>Modelis<\/td>\n<td>Gult\u0146i<\/td>\n<td>Auklas ietilp\u012bba mm\/m<\/td>\n<td>Zobratu attiec\u012bba<\/td>\n<\/tr>\n<tr>\n<td><span>10608-300<\/span><\/td>\n<td>230<\/td>\n<td>3000<\/td>\n<td>5<\/td>\n<td>150\/0.23<\/td>\n<td>5.3:1<\/td>\n<\/tr>\n<\/tbody>\n<\/table>\n<\/div>\n<\/div>\n","protected":false},"excerpt":{"rendered":"<p>Daiwa PROREX X LT pied\u0101v\u0101 ekskluz\u012bvas DAIWA tehnolo\u0123ijas ar izcilu cenu un veiktsp\u0113jas attiec\u012bbu. &nbsp; PROREX X LT s\u0113rija ir izstr\u0101d\u0101ta saska\u0146\u0101 ar jauno LT koncepciju un apvieno veiksm\u012bgo DAIWA tehnolo\u0123iju ar jauno Light &amp; Tough koncepciju. &nbsp; Pateicoties da\u013c\u0113ji seklaj\u0101m spol\u0113m, Prorex X LT s\u0113rija ir ide\u0101li piem\u0113rota pl\u0101n\u0101m p\u012btaj\u0101m aukl\u0101m. 2018. gada modelis. [&hellip;]<\/p>\n","protected":false},"featured_media":74303,"template":"","meta":[],"product_brand":[],"product_cat":[4538,4539,4541,5030],"product_tag":[],"class_list":{"0":"post-79895","1":"product","2":"type-product","3":"status-publish","4":"has-post-thumbnail","6":"product_cat-fishing-equipment-recreation","7":"product_cat-reels-fishing-equipment-recreation","8":"product_cat-spinning-reels-reels-fishing-equipment-recreation","9":"product_cat-daiwa-reels-spinning-reels-reels-fishing-equipment-recreation","11":"first","12":"instock","13":"shipping-taxable","14":"purchasable","15":"product-type-simple"},"_links":{"self":[{"href":"https:\/\/sezona.lv\/en\/wp-json\/wp\/v2\/product\/79895","targetHints":{"allow":["GET"]}}],"collection":[{"href":"https:\/\/sezona.lv\/en\/wp-json\/wp\/v2\/product"}],"about":[{"href":"https:\/\/sezona.lv\/en\/wp-json\/wp\/v2\/types\/product"}],"wp:featuredmedia":[{"embeddable":true,"href":"https:\/\/sezona.lv\/en\/wp-json\/wp\/v2\/media\/74303"}],"wp:attachment":[{"href":"https:\/\/sezona.lv\/en\/wp-json\/wp\/v2\/media?parent=79895"}],"wp:term":[{"taxonomy":"product_brand","embeddable":true,"href":"https:\/\/sezona.lv\/en\/wp-json\/wp\/v2\/product_brand?post=79895"},{"taxonomy":"product_cat","embeddable":true,"href":"https:\/\/sezona.lv\/en\/wp-json\/wp\/v2\/product_cat?post=79895"},{"taxonomy":"product_tag","embeddable":true,"href":"https:\/\/sezona.lv\/en\/wp-json\/wp\/v2\/product_tag?post=79895"}],"curies":[{"name":"wp","href":"https:\/\/api.w.org\/{rel}","templated":true}]}}