{"id":79896,"date":"2025-07-11T17:15:38","date_gmt":"2025-07-11T14:15:38","guid":{"rendered":"https:\/\/demo8.ecube.lv\/sezona.lv\/products\/shimano-spole-sienna-4000-fg\/"},"modified":"2025-07-14T15:47:39","modified_gmt":"2025-07-14T12:47:39","slug":"shimano-spole-sienna-4000-fg","status":"publish","type":"product","link":"https:\/\/sezona.lv\/en\/products\/shimano-spole-sienna-4000-fg\/","title":{"rendered":"Shimano spole SIENNA 4000 FG"},"content":{"rendered":"<p>Shimano spole SIENNA 4000 FG.<\/p>\n<p>&#8211;&nbsp;Ra\u017eot\u0101js:&nbsp;Shimano<\/p>\n<div>\n<p>&nbsp;&#8211;&nbsp;Svars (g.): 320<\/p>\n<p>&nbsp;&#8211; Auklas ietilp\u012bba (mm\/m):&nbsp;<span style=\"background-color: #ffffff\">0.30-180<\/span><\/p>\n<\/div>\n<div>\n<p>&nbsp;&#8211;&nbsp; Zobratu attiec\u012bba:&nbsp;5.2:1<\/p>\n<\/div>\n<div>\n<p>&nbsp;&#8211; Gult\u0146i: 3+1<\/p>\n<p>&nbsp;&#8211; Maks. vilk&scaron;: 8,5 kg<\/p>\n<\/div>\n<p>&nbsp;<\/p>\n<div>\n<p>&nbsp;<\/p>\n<\/div>\n","protected":false},"excerpt":{"rendered":"<p>Shimano spole SIENNA 4000 FG. &#8211;&nbsp;Ra\u017eot\u0101js:&nbsp;Shimano &nbsp;&#8211;&nbsp;Svars (g.): 320 &nbsp;&#8211; Auklas ietilp\u012bba (mm\/m):&nbsp;0.30-180 &nbsp;&#8211;&nbsp; Zobratu attiec\u012bba:&nbsp;5.2:1 &nbsp;&#8211; Gult\u0146i: 3+1 &nbsp;&#8211; Maks. vilk&scaron;: 8,5 kg &nbsp; &nbsp;<\/p>\n","protected":false},"featured_media":74306,"template":"","meta":[],"product_brand":[3371],"product_cat":[4538,4539,4541],"product_tag":[],"class_list":{"0":"post-79896","1":"product","2":"type-product","3":"status-publish","4":"has-post-thumbnail","6":"product_brand-shimano","7":"product_cat-fishing-equipment-recreation","8":"product_cat-reels-fishing-equipment-recreation","9":"product_cat-spinning-reels-reels-fishing-equipment-recreation","11":"first","12":"instock","13":"shipping-taxable","14":"purchasable","15":"product-type-simple"},"_links":{"self":[{"href":"https:\/\/sezona.lv\/en\/wp-json\/wp\/v2\/product\/79896","targetHints":{"allow":["GET"]}}],"collection":[{"href":"https:\/\/sezona.lv\/en\/wp-json\/wp\/v2\/product"}],"about":[{"href":"https:\/\/sezona.lv\/en\/wp-json\/wp\/v2\/types\/product"}],"wp:featuredmedia":[{"embeddable":true,"href":"https:\/\/sezona.lv\/en\/wp-json\/wp\/v2\/media\/74306"}],"wp:attachment":[{"href":"https:\/\/sezona.lv\/en\/wp-json\/wp\/v2\/media?parent=79896"}],"wp:term":[{"taxonomy":"product_brand","embeddable":true,"href":"https:\/\/sezona.lv\/en\/wp-json\/wp\/v2\/product_brand?post=79896"},{"taxonomy":"product_cat","embeddable":true,"href":"https:\/\/sezona.lv\/en\/wp-json\/wp\/v2\/product_cat?post=79896"},{"taxonomy":"product_tag","embeddable":true,"href":"https:\/\/sezona.lv\/en\/wp-json\/wp\/v2\/product_tag?post=79896"}],"curies":[{"name":"wp","href":"https:\/\/api.w.org\/{rel}","templated":true}]}}