{"id":79897,"date":"2025-07-14T15:47:40","date_gmt":"2025-07-14T12:47:40","guid":{"rendered":"https:\/\/demo8.ecube.lv\/sezona.lv\/products\/salmo-makskere-extreme-bp-feeder-120-3137-330\/"},"modified":"2025-07-14T15:47:40","modified_gmt":"2025-07-14T12:47:40","slug":"salmo-makskere-extreme-bp-feeder-120-3137-330","status":"publish","type":"product","link":"https:\/\/sezona.lv\/en\/products\/salmo-makskere-extreme-bp-feeder-120-3137-330\/","title":{"rendered":"Salmo Mak\u0161\u0137ere Extreme BP FEEDER 120 (3137-330)"},"content":{"rendered":"<p><span>Vid\u0113jas ciet\u012bbas f\u012bdermak&scaron;\u0137ere &#8211; universi\u0101ls variants mak&scaron;\u0137er\u0113jot up\u0113s, ezeros un kan\u0101los ar l\u0113nu, vid\u0113ju vai neeso&scaron;u straumi. Piem\u0113rota darbam distanc\u0113 l\u012bdz 100 metriem un vair\u0101k. Lielisks cenas un kvalit\u0101tes apvienojums.<\/span><\/p>\n<ul>\n<li>Materi\u0101ls &#8211; stikl&scaron;\u0137iedra<\/li>\n<li>Akcija &#8211; vid\u0113ja<\/li>\n<li>Konstrukcija &#8211; saliekama, OVER STEEK tipa savienojums<\/li>\n<li>Spic\u012btes &#8211; da\u017e\u0101du ciet\u012bbu, main\u0101mas (2gab.)<\/li>\n<li>Caurlaides gredzeni &#8211; stiprin\u0101tie, ar SIC p\u0101rkl\u0101jumu<\/li>\n<li>Rokturis &#8211; dal\u012btais, EVA<\/li>\n<li>Spoles tur\u0113t\u0101js &#8211; skr\u016bv\u0113jama tipa.<\/li>\n<\/ul>\n<div class=\"ma-main-container col2-right-layout\">\n<div class=\"container\">\n<div class=\"main\">\n<div class=\"main-inner\">\n<div class=\"row\">\n<div class=\"col-main col-xs-12 col-sm-9\">\n<div class=\"product-view\">\n<div class=\"product-essential\">\n<div class=\"row\">\n<div class=\"product-shop col-sm-7 col-md-87 col-sms-8 col-smb-12\">\n<div class=\"short-description\">\n<div class=\"std\">Svars (g): 290<br \/>Garums (m): 3.30<br \/>Transp. garums (cm): 117<br \/>Sekciju skaits: 3+2<br \/>Tests (g): 120<\/div>\n<\/div>\n<\/div>\n<\/div>\n<\/div>\n<\/div>\n<\/div>\n<\/div>\n<\/div>\n<\/div>\n<\/div>\n<\/div>\n","protected":false},"excerpt":{"rendered":"<p>Vid\u0113jas ciet\u012bbas f\u012bdermak&scaron;\u0137ere &#8211; universi\u0101ls variants mak&scaron;\u0137er\u0113jot up\u0113s, ezeros un kan\u0101los ar l\u0113nu, vid\u0113ju vai neeso&scaron;u straumi. Piem\u0113rota darbam distanc\u0113 l\u012bdz 100 metriem un vair\u0101k. Lielisks cenas un kvalit\u0101tes apvienojums. Materi\u0101ls &#8211; stikl&scaron;\u0137iedra Akcija &#8211; vid\u0113ja Konstrukcija &#8211; saliekama, OVER STEEK tipa savienojums Spic\u012btes &#8211; da\u017e\u0101du ciet\u012bbu, main\u0101mas (2gab.) Caurlaides gredzeni &#8211; stiprin\u0101tie, ar SIC [&hellip;]<\/p>\n","protected":false},"featured_media":0,"template":"","meta":[],"product_brand":[894],"product_cat":[4538,4540,4545,4640],"product_tag":[],"class_list":{"0":"post-79897","1":"product","2":"type-product","3":"status-publish","5":"product_brand-salmo","6":"product_cat-fishing-equipment-recreation","7":"product_cat-fishing-rods-fishing-equipment-recreation","8":"product_cat-feeder-and-picker-rods-fishing-rods-fishing-equipment-recreation","9":"product_cat-recreation","11":"first","12":"instock","13":"shipping-taxable","14":"purchasable","15":"product-type-simple"},"_links":{"self":[{"href":"https:\/\/sezona.lv\/en\/wp-json\/wp\/v2\/product\/79897","targetHints":{"allow":["GET"]}}],"collection":[{"href":"https:\/\/sezona.lv\/en\/wp-json\/wp\/v2\/product"}],"about":[{"href":"https:\/\/sezona.lv\/en\/wp-json\/wp\/v2\/types\/product"}],"wp:attachment":[{"href":"https:\/\/sezona.lv\/en\/wp-json\/wp\/v2\/media?parent=79897"}],"wp:term":[{"taxonomy":"product_brand","embeddable":true,"href":"https:\/\/sezona.lv\/en\/wp-json\/wp\/v2\/product_brand?post=79897"},{"taxonomy":"product_cat","embeddable":true,"href":"https:\/\/sezona.lv\/en\/wp-json\/wp\/v2\/product_cat?post=79897"},{"taxonomy":"product_tag","embeddable":true,"href":"https:\/\/sezona.lv\/en\/wp-json\/wp\/v2\/product_tag?post=79897"}],"curies":[{"name":"wp","href":"https:\/\/api.w.org\/{rel}","templated":true}]}}