{"id":79899,"date":"2025-07-11T17:15:45","date_gmt":"2025-07-11T14:15:45","guid":{"rendered":"https:\/\/demo8.ecube.lv\/sezona.lv\/products\/shimano-spole-twin-power-2500-fd\/"},"modified":"2025-07-14T15:47:42","modified_gmt":"2025-07-14T12:47:42","slug":"shimano-spole-twin-power-2500-fd","status":"publish","type":"product","link":"https:\/\/sezona.lv\/en\/products\/shimano-spole-twin-power-2500-fd\/","title":{"rendered":"Shimano spole TWIN POWER 2500 FD"},"content":{"rendered":"<p>Shimano spole TWIN POWER 2500 FD.<\/p>\n<div id=\"cke_pastebin\">Twin Power &ndash; jaun\u0101s paaudzes spole apvieno sev\u012b visas jaun\u0101k\u0101s tehnolo\u0123ijas, kuras ir pieejamas Shimano z\u012bmolam.<\/div>\n<div>&nbsp;<\/div>\n<div>Spolei ir no alum\u012bnija veidots korpuss, izmantota Hagane body tehnolo\u0123ija.<\/div>\n<div>&nbsp;<\/div>\n<div>Galvenie zobrati ar\u012b ir ar Hagane gear aukst\u0101s kal&scaron;anas metodi veidoti.<\/div>\n<div>&nbsp;<\/div>\n<div>Pa&scaron;i zobi ir \u013coti prec\u012bzi un ar maksim\u0101li gludu virsmu.&nbsp;<\/div>\n<div>&nbsp;<\/div>\n<div>Sazobe ir prec\u012bza pateicoties Micromodule II.<\/div>\n<div>&nbsp;<\/div>\n<div>Spolei ir \u013coti m\u012bksta un viegla gaita.<\/div>\n<div>&nbsp;<\/div>\n<div>X Ship, kas nodro&scaron;ina papildus iztur\u012bbu ar\u012b ir pielietots.<\/div>\n<div>&nbsp;<\/div>\n<div>Aizsardz\u012bba pret mitrumu &ndash; X Protect.<\/div>\n<div>&nbsp;<\/div>\n<div>Twin Power nu ir jaun\u0101 tipa AR-C augst\u0101s jeb Long Stroke Spool auklas kasetes.<\/div>\n<div>&nbsp;<\/div>\n<div>Pats rotors ir no alum\u012bnija, pastiprin\u0101ts, bet tai pat laik\u0101, tas viegli grie\u017eas un nerada papildus pretest\u012bbu.<\/div>\n<div>&nbsp;<\/div>\n<div>Auklas uzkl\u0101j\u0113j loci\u0146&scaron; ir viengabala, turkl\u0101t loci\u0146a meh\u0101nisms maksim\u0101li atliecas, \u013caujot auklai br\u012bv\u0101k sl\u012bd\u0113t nost no kasetes un nov\u0113r&scaron;ot iesp\u0113ju loci\u0146am aizcirsties ciet.<\/div>\n<div>&nbsp;<\/div>\n<div>Viss &scaron;is tehnolo\u0123iju kopums nodro&scaron;in\u0101s spolei lielu iztur\u012bbu, prec\u012bzu darb\u012bbu un lielisku saj\u016btu pa&scaron;am copmanim.&nbsp;<\/div>\n<div id=\"cke_pastebin\">&nbsp;<\/div>\n<div id=\"cke_pastebin\"><strong>Hagane gear<\/strong>&nbsp;&ndash; galvenais zobratu p\u0101ris ir izgatavots p\u0113c speci\u0101las tehnolo\u0123ijas, kur\u0101 met\u0101ls tiek saspiests ar 200 tonnu sp\u0113ku, un p\u0113c tam l\u012bdz mikroniem sl\u012bp\u0113ts un pul\u0113ts. &Scaron;\u0101d\u0101 veid\u0101 galvenie zobrati ir ar paaugstin\u0101tu iztur\u012bbu, turkl\u0101t nodro&scaron;ina \u013coti vieglu gaitu.<\/div>\n<div>&nbsp;<\/div>\n<div id=\"cke_pastebin\"><strong>Hagane body<\/strong>&nbsp;&ndash; spolei ir pastiprin\u0101ts met\u0101la korpus, kur&scaron; nodro&scaron;ina augstu iztur\u012bbu, k\u0101 ar\u012b iztur\u012bbu pret triecieniem.&nbsp;<\/div>\n<div>&nbsp;<\/div>\n<div id=\"cke_pastebin\"><strong>Micromodule II<\/strong>&nbsp;&ndash; tehnolo\u0123ija, kas rada \u013coti prec\u012bzus pa&scaron;us zobratus, to &ldquo;zobus&rdquo;. Katrs &ldquo;zobs&rdquo; l\u012bdz smalk\u0101kajai deta\u013cai tiek veidots, l\u012bdz ar ko praktiski nav ska\u0146as pie spoles grie&scaron;anas, turkl\u0101t spolei ir \u013coti samtaina gaita.<\/div>\n<div>&nbsp;<\/div>\n<div id=\"cke_pastebin\"><strong>X Ship<\/strong>&nbsp;&ndash; tehnolo\u0123ija, kas dod papildus jaudu. Tiek piemekl\u0113ts optim\u0101lais zobratu izvietojums, zobratu izm\u0113ri, lai sasniegtu daudz lab\u0101ku izpild\u012bjumu.<\/div>\n<div>&nbsp;<\/div>\n<div id=\"cke_pastebin\"><strong>X Protect&nbsp;<\/strong>&ndash; sist\u0113ma, kas aizsarg\u0101 pret \u016bdens iek\u013c\u016b&scaron;anu spoles iek&scaron;pus\u0113. Pateicoties speci\u0101lai konstrukcijai, k\u0101 ar\u012b speci\u0101las sm\u0113rvielas izmanto&scaron;anai, tiek sasniegts maksim\u0101ls efekts, kur&scaron; ir ekvivalents IPX8 standartam. Spole ir dro&scaron;i pasarg\u0101ta no \u016bdens iek\u013c\u016b&scaron;anas iek&scaron;pus\u0113.<\/div>\n<div>&nbsp;<\/div>\n<div id=\"cke_pastebin\"><strong>Siltendrive<\/strong>&nbsp;&ndash; visas spoles deta\u013cas ir r\u016bp\u012bgi veidotas, lai maksim\u0101li samazin\u0101tu da\u017e\u0101dus trok&scaron;\u0146us, ska\u0146as kuras var b\u016bt lieto&scaron;anas gait\u0101. T\u0101dej\u0101di spole ir absol\u016bti klusa. Jaunas formas rotors ar\u012b nerada papildus trok&scaron;\u0146us.<\/div>\n<div>&nbsp;<\/div>\n<div id=\"cke_pastebin\"><strong>G Free body&nbsp;<\/strong>&ndash; spolei smaguma centrs ir novirz\u012bts tuv\u0101k rokai, t\u0101dej\u0101di spole daudz lab\u0101k veido balansu ar spiningu un ir j\u016btami lab\u0101ka saj\u016bta rok\u0101.&nbsp;<\/div>\n<div>&nbsp;<\/div>\n<div id=\"cke_pastebin\"><strong>AR- C Long Stroke spool&nbsp;<\/strong>&ndash; auklas kasete ir atvieglota, tai pat laik\u0101, speci\u0101las formas kasetes borti sekm\u0113 daudz br\u012bv\u0101ku auklas not\u012b&scaron;anos, attiec\u012bgi metiena att\u0101lums palielin\u0101s. Pati auklas kasete ir ar sal\u012bdzino&scaron;i gar\u0101ku virsmu, kas ar\u012b pal\u012bdz palielin\u0101t metiena att\u0101lumu. Da\u017e\u0101diem spoles izm\u0113riem main\u0101s kasetes izm\u0113ri. Maz\u0101kajiem (1000) kasetes izm\u0113rs ir samazin\u0101ts, tur pret\u012b lielajiem (4000) palielin\u0101ts.<\/div>\n<div>&nbsp;<\/div>\n<div id=\"cke_pastebin\"><strong>Rigid support drag<\/strong>&nbsp;&ndash; tehnolo\u0123ija, kas nodro&scaron;ina auklas kasetes stabilit\u0101ti, t\u0101dej\u0101di pie liel\u0101kas slodzes, kasete nekust\u0101s, un aukla tiek uzt\u012bta vienm\u0113r\u012bgi<\/div>\n<div>&nbsp;<\/div>\n<div id=\"cke_pastebin\"><strong>S A-RB<\/strong>&nbsp;&ndash; speci\u0101li gult\u0146i, kurus var izmantot ar\u012b s\u0101ls\u016bden\u012b, un kuri ir aizsarg\u0101ti pret r\u016bsu un koroziju<\/div>\n<div>&nbsp;<\/div>\n<div id=\"cke_pastebin\"><strong>One piece Bail<\/strong>&nbsp;&ndash; auklas uzkl\u0101j\u0113j loci\u0146&scaron; ir veidots p\u0113c aukst\u0101s kal&scaron;anas metodes, un ir \u013coti iztur\u012bgs un ciets. Loci\u0146&scaron; ir veidots viengabalains. Ir izstr\u0101d\u0101ts no jauna loci\u0146a atv\u0113r&scaron;anas-aizv\u0113&scaron;anas meh\u0101nisms. ir nov\u0113rsta iesp\u0113ja, ka loci\u0146&scaron; pats aizc\u0113rtas.<\/div>\n<div>Gult\u0146i: 9+1;<\/div>\n<div>Auklas ietipl\u012bba: 0.25mm- 160m;<\/div>\n<div>Zobratu attiec\u012bba: 5.0:1;<\/div>\n<div>Svars: 215g.<\/div>\n","protected":false},"excerpt":{"rendered":"<p>Shimano spole TWIN POWER 2500 FD. Twin Power &ndash; jaun\u0101s paaudzes spole apvieno sev\u012b visas jaun\u0101k\u0101s tehnolo\u0123ijas, kuras ir pieejamas Shimano z\u012bmolam. &nbsp; Spolei ir no alum\u012bnija veidots korpuss, izmantota Hagane body tehnolo\u0123ija. &nbsp; Galvenie zobrati ar\u012b ir ar Hagane gear aukst\u0101s kal&scaron;anas metodi veidoti. &nbsp; Pa&scaron;i zobi ir \u013coti prec\u012bzi un ar maksim\u0101li gludu [&hellip;]<\/p>\n","protected":false},"featured_media":74311,"template":"","meta":[],"product_brand":[3371],"product_cat":[4538,4539,4541],"product_tag":[],"class_list":{"0":"post-79899","1":"product","2":"type-product","3":"status-publish","4":"has-post-thumbnail","6":"product_brand-shimano","7":"product_cat-fishing-equipment-recreation","8":"product_cat-reels-fishing-equipment-recreation","9":"product_cat-spinning-reels-reels-fishing-equipment-recreation","11":"first","12":"instock","13":"shipping-taxable","14":"purchasable","15":"product-type-simple"},"_links":{"self":[{"href":"https:\/\/sezona.lv\/en\/wp-json\/wp\/v2\/product\/79899","targetHints":{"allow":["GET"]}}],"collection":[{"href":"https:\/\/sezona.lv\/en\/wp-json\/wp\/v2\/product"}],"about":[{"href":"https:\/\/sezona.lv\/en\/wp-json\/wp\/v2\/types\/product"}],"wp:featuredmedia":[{"embeddable":true,"href":"https:\/\/sezona.lv\/en\/wp-json\/wp\/v2\/media\/74311"}],"wp:attachment":[{"href":"https:\/\/sezona.lv\/en\/wp-json\/wp\/v2\/media?parent=79899"}],"wp:term":[{"taxonomy":"product_brand","embeddable":true,"href":"https:\/\/sezona.lv\/en\/wp-json\/wp\/v2\/product_brand?post=79899"},{"taxonomy":"product_cat","embeddable":true,"href":"https:\/\/sezona.lv\/en\/wp-json\/wp\/v2\/product_cat?post=79899"},{"taxonomy":"product_tag","embeddable":true,"href":"https:\/\/sezona.lv\/en\/wp-json\/wp\/v2\/product_tag?post=79899"}],"curies":[{"name":"wp","href":"https:\/\/api.w.org\/{rel}","templated":true}]}}