{"id":79910,"date":"2025-07-11T17:16:06","date_gmt":"2025-07-11T14:16:06","guid":{"rendered":"https:\/\/demo8.ecube.lv\/sezona.lv\/products\/auduma-sejas-maska-bordo-lv4\/"},"modified":"2025-07-14T15:47:51","modified_gmt":"2025-07-14T12:47:51","slug":"auduma-sejas-maska-bordo-lv4","status":"publish","type":"product","link":"https:\/\/sezona.lv\/en\/products\/auduma-sejas-maska-bordo-lv4\/","title":{"rendered":"Auduma sejas maska bordo LV4"},"content":{"rendered":"<p>Auduma sejas maska bordo LV4.<\/p>\n<ul>\n<li>Maska ar elest\u012bg\u0101m, regul\u0113jama garuma sait\u0113m stiprin\u0101&scaron;anai aiz aus\u012bm.<\/li>\n<li>3 sl\u0101\u0146u 100 % kokvilna.<\/li>\n<li>Regul\u0113jama deguna da\u013ca, lai cie&scaron;i piek\u013cautos sejas formai.<\/li>\n<li>Kabata papildu akt\u012bv\u0101s ogles filtram (PW797 nop\u0113rkams atsevi&scaron;\u0137i). Pirms mazg\u0101&scaron;anas filtru iz\u0146emt.<\/li>\n<li>Mazg\u0101jama 60 &deg;C temperat\u016br\u0101 nelietojot balin\u0101t\u0101ju, \u0137\u012bmiskus produktus, dezinfekcijas l\u012bdzek\u013cus.<\/li>\n<li>Atk\u0101rtoti lietojama.<\/li>\n<li>Pirms lieto&scaron;anas nomazg\u0101t rokas.<\/li>\n<li>Nosedziet ar masku degunu un muti, aiz\u0101\u0137\u0113jiet saites aiz aus\u012bm.<\/li>\n<li>&Scaron;\u012b nav medic\u012bnisk\u0101 maska.<\/li>\n<li>Pieejama da\u017e\u0101d\u0101s kr\u0101s\u0101s.<\/li>\n<\/ul>\n<ul>\n<\/ul>\n<ul>\n<\/ul>\n<ul>\n<\/ul>\n","protected":false},"excerpt":{"rendered":"<p>Auduma sejas maska bordo LV4. Maska ar elest\u012bg\u0101m, regul\u0113jama garuma sait\u0113m stiprin\u0101&scaron;anai aiz aus\u012bm. 3 sl\u0101\u0146u 100 % kokvilna. Regul\u0113jama deguna da\u013ca, lai cie&scaron;i piek\u013cautos sejas formai. Kabata papildu akt\u012bv\u0101s ogles filtram (PW797 nop\u0113rkams atsevi&scaron;\u0137i). Pirms mazg\u0101&scaron;anas filtru iz\u0146emt. Mazg\u0101jama 60 &deg;C temperat\u016br\u0101 nelietojot balin\u0101t\u0101ju, \u0137\u012bmiskus produktus, dezinfekcijas l\u012bdzek\u013cus. Atk\u0101rtoti lietojama. Pirms lieto&scaron;anas nomazg\u0101t rokas. [&hellip;]<\/p>\n","protected":false},"featured_media":74350,"template":"","meta":[],"product_brand":[],"product_cat":[5041],"product_tag":[],"class_list":{"0":"post-79910","1":"product","2":"type-product","3":"status-publish","4":"has-post-thumbnail","6":"product_cat-face-masks-recreation","8":"first","9":"instock","10":"shipping-taxable","11":"purchasable","12":"product-type-simple"},"_links":{"self":[{"href":"https:\/\/sezona.lv\/en\/wp-json\/wp\/v2\/product\/79910","targetHints":{"allow":["GET"]}}],"collection":[{"href":"https:\/\/sezona.lv\/en\/wp-json\/wp\/v2\/product"}],"about":[{"href":"https:\/\/sezona.lv\/en\/wp-json\/wp\/v2\/types\/product"}],"wp:featuredmedia":[{"embeddable":true,"href":"https:\/\/sezona.lv\/en\/wp-json\/wp\/v2\/media\/74350"}],"wp:attachment":[{"href":"https:\/\/sezona.lv\/en\/wp-json\/wp\/v2\/media?parent=79910"}],"wp:term":[{"taxonomy":"product_brand","embeddable":true,"href":"https:\/\/sezona.lv\/en\/wp-json\/wp\/v2\/product_brand?post=79910"},{"taxonomy":"product_cat","embeddable":true,"href":"https:\/\/sezona.lv\/en\/wp-json\/wp\/v2\/product_cat?post=79910"},{"taxonomy":"product_tag","embeddable":true,"href":"https:\/\/sezona.lv\/en\/wp-json\/wp\/v2\/product_tag?post=79910"}],"curies":[{"name":"wp","href":"https:\/\/api.w.org\/{rel}","templated":true}]}}