{"id":79911,"date":"2025-07-11T17:16:09","date_gmt":"2025-07-11T14:16:09","guid":{"rendered":"https:\/\/demo8.ecube.lv\/sezona.lv\/products\/auduma-sejas-maska-bordo-lv3\/"},"modified":"2025-07-14T15:47:52","modified_gmt":"2025-07-14T12:47:52","slug":"auduma-sejas-maska-bordo-lv3","status":"publish","type":"product","link":"https:\/\/sezona.lv\/en\/products\/auduma-sejas-maska-bordo-lv3\/","title":{"rendered":"Auduma sejas maska bordo LV3"},"content":{"rendered":"<p>Auduma sejas maska bordo LV3.<\/p>\n<ul>\n<li>Maska ar elest\u012bg\u0101m sait\u0113m stiprin\u0101&scaron;anai aiz aus\u012bm.<\/li>\n<li>2 sl\u0101\u0146u 95 % kokvilna, 5 % elast\u0101ns, 160 g\/m2, Silvadur 930 pretmikrobu virsma, Zelan R3\/Teflon EcoElite \u016bdens atgr\u016bdo&scaron;a apdare uz \u0101r\u0113j\u0101 auduma sl\u0101\u0146a.<\/li>\n<li>Mazg\u0101jama 60&deg;C temperat\u016br\u0101 nelietojot balin\u0101t\u0101ju, \u0137\u012bmiskus produktus, dezinfekcijas l\u012bdzek\u013cus.<\/li>\n<li>Atk\u0101rtoti lietojama. Pirms lieto&scaron;anas nomazg\u0101t rokas.<\/li>\n<li>Nosedziet ar masku degunu un muti, aiz\u0101\u0137\u0113jiet saites aiz aus\u012bm.<\/li>\n<li>&Scaron;\u012b nav medic\u012bnisk\u0101 maska.<\/li>\n<\/ul>\n<ul>\n<\/ul>\n<ul>\n<\/ul>\n<ul>\n<\/ul>\n<ul>\n<\/ul>\n","protected":false},"excerpt":{"rendered":"<p>Auduma sejas maska bordo LV3. Maska ar elest\u012bg\u0101m sait\u0113m stiprin\u0101&scaron;anai aiz aus\u012bm. 2 sl\u0101\u0146u 95 % kokvilna, 5 % elast\u0101ns, 160 g\/m2, Silvadur 930 pretmikrobu virsma, Zelan R3\/Teflon EcoElite \u016bdens atgr\u016bdo&scaron;a apdare uz \u0101r\u0113j\u0101 auduma sl\u0101\u0146a. Mazg\u0101jama 60&deg;C temperat\u016br\u0101 nelietojot balin\u0101t\u0101ju, \u0137\u012bmiskus produktus, dezinfekcijas l\u012bdzek\u013cus. Atk\u0101rtoti lietojama. Pirms lieto&scaron;anas nomazg\u0101t rokas. Nosedziet ar masku degunu [&hellip;]<\/p>\n","protected":false},"featured_media":74353,"template":"","meta":[],"product_brand":[],"product_cat":[5041],"product_tag":[],"class_list":{"0":"post-79911","1":"product","2":"type-product","3":"status-publish","4":"has-post-thumbnail","6":"product_cat-face-masks-recreation","8":"first","9":"instock","10":"shipping-taxable","11":"purchasable","12":"product-type-simple"},"_links":{"self":[{"href":"https:\/\/sezona.lv\/en\/wp-json\/wp\/v2\/product\/79911","targetHints":{"allow":["GET"]}}],"collection":[{"href":"https:\/\/sezona.lv\/en\/wp-json\/wp\/v2\/product"}],"about":[{"href":"https:\/\/sezona.lv\/en\/wp-json\/wp\/v2\/types\/product"}],"wp:featuredmedia":[{"embeddable":true,"href":"https:\/\/sezona.lv\/en\/wp-json\/wp\/v2\/media\/74353"}],"wp:attachment":[{"href":"https:\/\/sezona.lv\/en\/wp-json\/wp\/v2\/media?parent=79911"}],"wp:term":[{"taxonomy":"product_brand","embeddable":true,"href":"https:\/\/sezona.lv\/en\/wp-json\/wp\/v2\/product_brand?post=79911"},{"taxonomy":"product_cat","embeddable":true,"href":"https:\/\/sezona.lv\/en\/wp-json\/wp\/v2\/product_cat?post=79911"},{"taxonomy":"product_tag","embeddable":true,"href":"https:\/\/sezona.lv\/en\/wp-json\/wp\/v2\/product_tag?post=79911"}],"curies":[{"name":"wp","href":"https:\/\/api.w.org\/{rel}","templated":true}]}}