{"id":79912,"date":"2025-07-14T15:47:53","date_gmt":"2025-07-14T12:47:53","guid":{"rendered":"https:\/\/demo8.ecube.lv\/sezona.lv\/products\/auduma-sejas-maska-melna-riga\/"},"modified":"2025-07-14T15:47:53","modified_gmt":"2025-07-14T12:47:53","slug":"auduma-sejas-maska-melna-riga","status":"publish","type":"product","link":"https:\/\/sezona.lv\/en\/products\/auduma-sejas-maska-melna-riga\/","title":{"rendered":"Auduma sejas maska melna R\u012aGA"},"content":{"rendered":"<p>Auduma sejas maska melna R\u012aGA.<\/p>\n<ul>\n<li>Sejas aizsargmaska. Modelis 6M-014-V<\/li>\n<li>Maska ar elast\u012bg\u0101m sait\u0113m stiprin\u0101&scaron;anai aiz aus\u012bm.<\/li>\n<li>3 sl\u0101\u0146u 100% kokvilnas audums 140\/145 g\/m&sup2;<\/li>\n<li>Mazg\u0101jama 60 &deg;C temperat\u016br\u0101 nelietojot balin\u0101t\u0101ju,&nbsp;\u0137\u012bmiskus produktus, dezinfekcijas l\u012bdzek\u013cus.<\/li>\n<li>Atk\u0101rtoti lietojama.<\/li>\n<li>Pirms lieto&scaron;anas nomazg\u0101t rokas.<\/li>\n<li>Nosedziet ar masku degunu un muti, aiz\u0101\u0137\u0113jiet saites&nbsp;aiz aus\u012bm.<\/li>\n<li>&Scaron;\u012b nav medic\u012bnisk\u0101 maska.<\/li>\n<li><span>Izm\u0113ri: 17,5 x 12.7 cm.<\/span><\/li>\n<\/ul>\n<ul>\n<\/ul>\n","protected":false},"excerpt":{"rendered":"<p>Auduma sejas maska melna R\u012aGA. Sejas aizsargmaska. Modelis 6M-014-V Maska ar elast\u012bg\u0101m sait\u0113m stiprin\u0101&scaron;anai aiz aus\u012bm. 3 sl\u0101\u0146u 100% kokvilnas audums 140\/145 g\/m&sup2; Mazg\u0101jama 60 &deg;C temperat\u016br\u0101 nelietojot balin\u0101t\u0101ju,&nbsp;\u0137\u012bmiskus produktus, dezinfekcijas l\u012bdzek\u013cus. Atk\u0101rtoti lietojama. Pirms lieto&scaron;anas nomazg\u0101t rokas. Nosedziet ar masku degunu un muti, aiz\u0101\u0137\u0113jiet saites&nbsp;aiz aus\u012bm. &Scaron;\u012b nav medic\u012bnisk\u0101 maska. Izm\u0113ri: 17,5 x 12.7 [&hellip;]<\/p>\n","protected":false},"featured_media":0,"template":"","meta":[],"product_brand":[],"product_cat":[4640,5041],"product_tag":[],"class_list":{"0":"post-79912","1":"product","2":"type-product","3":"status-publish","5":"product_cat-recreation","6":"product_cat-face-masks-recreation","8":"first","9":"instock","10":"shipping-taxable","11":"purchasable","12":"product-type-simple"},"_links":{"self":[{"href":"https:\/\/sezona.lv\/en\/wp-json\/wp\/v2\/product\/79912","targetHints":{"allow":["GET"]}}],"collection":[{"href":"https:\/\/sezona.lv\/en\/wp-json\/wp\/v2\/product"}],"about":[{"href":"https:\/\/sezona.lv\/en\/wp-json\/wp\/v2\/types\/product"}],"wp:attachment":[{"href":"https:\/\/sezona.lv\/en\/wp-json\/wp\/v2\/media?parent=79912"}],"wp:term":[{"taxonomy":"product_brand","embeddable":true,"href":"https:\/\/sezona.lv\/en\/wp-json\/wp\/v2\/product_brand?post=79912"},{"taxonomy":"product_cat","embeddable":true,"href":"https:\/\/sezona.lv\/en\/wp-json\/wp\/v2\/product_cat?post=79912"},{"taxonomy":"product_tag","embeddable":true,"href":"https:\/\/sezona.lv\/en\/wp-json\/wp\/v2\/product_tag?post=79912"}],"curies":[{"name":"wp","href":"https:\/\/api.w.org\/{rel}","templated":true}]}}