{"id":79917,"date":"2025-07-11T17:16:15","date_gmt":"2025-07-11T14:16:15","guid":{"rendered":"https:\/\/demo8.ecube.lv\/sezona.lv\/products\/turisma-blaske-ner-ter-110ml-mil-tec-14520018-004\/"},"modified":"2025-07-14T15:47:58","modified_gmt":"2025-07-14T12:47:58","slug":"turisma-blaske-ner-ter-110ml-mil-tec-14520018-004","status":"publish","type":"product","link":"https:\/\/sezona.lv\/en\/products\/turisma-blaske-ner-ter-110ml-mil-tec-14520018-004\/","title":{"rendered":"T\u016brisma bla\u0161\u0137e ner t\u0113r. 110ml Mil Tec (14520018-004)"},"content":{"rendered":"<p><span>Stainless Steel<\/span><\/p>\n<p><span>Dimensions: 7 x 2 x 11 cm<\/span><br \/><span>Total volume: 4 oz (110 ml)<\/span><\/p>\n<p><span>Dimensions: 9,7 x 2,3 x 9,5 cm<\/span><br \/><span>Total volume: 5 oz (140 ml)<\/span><\/p>\n<p><span>Dimensions 8 oz: 9,7 x 2,3 x 13 cm<\/span><br \/><span>Total volume: 8 oz (220 ml)<\/span><\/p>\n","protected":false},"excerpt":{"rendered":"<p>Stainless Steel Dimensions: 7 x 2 x 11 cmTotal volume: 4 oz (110 ml) Dimensions: 9,7 x 2,3 x 9,5 cmTotal volume: 5 oz (140 ml) Dimensions 8 oz: 9,7 x 2,3 x 13 cmTotal volume: 8 oz (220 ml)<\/p>\n","protected":false},"featured_media":106309,"template":"","meta":[],"product_brand":[],"product_cat":[4558,4571,4731],"product_tag":[],"class_list":{"0":"post-79917","1":"product","2":"type-product","3":"status-publish","4":"has-post-thumbnail","6":"product_cat-for-tourism-recreation","7":"product_cat-dishes-knives-folding-tables-for-tourism-recreation","8":"product_cat-mugs-flasks-dishes-knives-folding-tables-for-tourism-recreation","10":"first","11":"instock","12":"sale","13":"shipping-taxable","14":"purchasable","15":"product-type-simple"},"_links":{"self":[{"href":"https:\/\/sezona.lv\/en\/wp-json\/wp\/v2\/product\/79917","targetHints":{"allow":["GET"]}}],"collection":[{"href":"https:\/\/sezona.lv\/en\/wp-json\/wp\/v2\/product"}],"about":[{"href":"https:\/\/sezona.lv\/en\/wp-json\/wp\/v2\/types\/product"}],"wp:featuredmedia":[{"embeddable":true,"href":"https:\/\/sezona.lv\/en\/wp-json\/wp\/v2\/media\/106309"}],"wp:attachment":[{"href":"https:\/\/sezona.lv\/en\/wp-json\/wp\/v2\/media?parent=79917"}],"wp:term":[{"taxonomy":"product_brand","embeddable":true,"href":"https:\/\/sezona.lv\/en\/wp-json\/wp\/v2\/product_brand?post=79917"},{"taxonomy":"product_cat","embeddable":true,"href":"https:\/\/sezona.lv\/en\/wp-json\/wp\/v2\/product_cat?post=79917"},{"taxonomy":"product_tag","embeddable":true,"href":"https:\/\/sezona.lv\/en\/wp-json\/wp\/v2\/product_tag?post=79917"}],"curies":[{"name":"wp","href":"https:\/\/api.w.org\/{rel}","templated":true}]}}