{"id":79922,"date":"2025-07-11T17:16:20","date_gmt":"2025-07-11T14:16:20","guid":{"rendered":"https:\/\/demo8.ecube.lv\/sezona.lv\/products\/turisma-blaske-zala-220ml-mil-tec-14521001-008\/"},"modified":"2025-07-14T15:48:05","modified_gmt":"2025-07-14T12:48:05","slug":"turisma-blaske-zala-220ml-mil-tec-14521001-008","status":"publish","type":"product","link":"https:\/\/sezona.lv\/en\/products\/turisma-blaske-zala-220ml-mil-tec-14521001-008\/","title":{"rendered":"T\u016brisma bla\u0161\u0137e za\u013ca 220ml Mil Tec (14521001-008)"},"content":{"rendered":"<p><span>Bottle: Stainless Steel<\/span><br \/><span>Lid: brass<\/span><\/p>\n<p><span>Dimensions 4 oz: 9,5 x 2,3 x 7,8 cm<\/span><br \/><span>Total volume: 4 oz (110 ml)<\/span><br \/><span>Weight: 94 g<\/span><\/p>\n<p><span>Dimensions 6 oz: 9,5 x 2,3 x 10,6 cm<\/span><br \/><span>Total volume: 6 oz (170 ml)<\/span><br \/><span>Weight: 121 g<\/span><\/p>\n<p><span>Dimensions 8 oz: 9,5 x 2,3 x 14 cm<\/span><br \/><span>Total volume: 8 oz (220 ml)<\/span><br \/><span>Weight: 140 g<\/span><\/p>\n","protected":false},"excerpt":{"rendered":"<p>Bottle: Stainless SteelLid: brass Dimensions 4 oz: 9,5 x 2,3 x 7,8 cmTotal volume: 4 oz (110 ml)Weight: 94 g Dimensions 6 oz: 9,5 x 2,3 x 10,6 cmTotal volume: 6 oz (170 ml)Weight: 121 g Dimensions 8 oz: 9,5 x 2,3 x 14 cmTotal volume: 8 oz (220 ml)Weight: 140 g<\/p>\n","protected":false},"featured_media":106302,"template":"","meta":[],"product_brand":[],"product_cat":[4558,4571,4731],"product_tag":[],"class_list":{"0":"post-79922","1":"product","2":"type-product","3":"status-publish","4":"has-post-thumbnail","6":"product_cat-for-tourism-recreation","7":"product_cat-dishes-knives-folding-tables-for-tourism-recreation","8":"product_cat-mugs-flasks-dishes-knives-folding-tables-for-tourism-recreation","10":"first","11":"instock","12":"shipping-taxable","13":"purchasable","14":"product-type-simple"},"_links":{"self":[{"href":"https:\/\/sezona.lv\/en\/wp-json\/wp\/v2\/product\/79922","targetHints":{"allow":["GET"]}}],"collection":[{"href":"https:\/\/sezona.lv\/en\/wp-json\/wp\/v2\/product"}],"about":[{"href":"https:\/\/sezona.lv\/en\/wp-json\/wp\/v2\/types\/product"}],"wp:featuredmedia":[{"embeddable":true,"href":"https:\/\/sezona.lv\/en\/wp-json\/wp\/v2\/media\/106302"}],"wp:attachment":[{"href":"https:\/\/sezona.lv\/en\/wp-json\/wp\/v2\/media?parent=79922"}],"wp:term":[{"taxonomy":"product_brand","embeddable":true,"href":"https:\/\/sezona.lv\/en\/wp-json\/wp\/v2\/product_brand?post=79922"},{"taxonomy":"product_cat","embeddable":true,"href":"https:\/\/sezona.lv\/en\/wp-json\/wp\/v2\/product_cat?post=79922"},{"taxonomy":"product_tag","embeddable":true,"href":"https:\/\/sezona.lv\/en\/wp-json\/wp\/v2\/product_tag?post=79922"}],"curies":[{"name":"wp","href":"https:\/\/api.w.org\/{rel}","templated":true}]}}