{"id":79923,"date":"2025-07-11T17:16:21","date_gmt":"2025-07-11T14:16:21","guid":{"rendered":"https:\/\/demo8.ecube.lv\/sezona.lv\/products\/turisma-blaske-jerry-170ml-mil-tec-14525000\/"},"modified":"2025-07-14T15:48:06","modified_gmt":"2025-07-14T12:48:06","slug":"turisma-blaske-jerry-170ml-mil-tec-14525000","status":"publish","type":"product","link":"https:\/\/sezona.lv\/en\/products\/turisma-blaske-jerry-170ml-mil-tec-14525000\/","title":{"rendered":"T\u016brisma bla\u0161\u0137e Jerry 170ml Mil Tec (14525000)"},"content":{"rendered":"<p><span>High-grade steel polished<\/span><br \/><span>Dimensions: 10 x 7 x 3 cm<\/span><br \/><span>Total volume: 170 ml<\/span><\/p>\n","protected":false},"excerpt":{"rendered":"<p>High-grade steel polishedDimensions: 10 x 7 x 3 cmTotal volume: 170 ml<\/p>\n","protected":false},"featured_media":106300,"template":"","meta":[],"product_brand":[],"product_cat":[4558,4571,4731],"product_tag":[],"class_list":{"0":"post-79923","1":"product","2":"type-product","3":"status-publish","4":"has-post-thumbnail","6":"product_cat-for-tourism-recreation","7":"product_cat-dishes-knives-folding-tables-for-tourism-recreation","8":"product_cat-mugs-flasks-dishes-knives-folding-tables-for-tourism-recreation","10":"first","11":"instock","12":"shipping-taxable","13":"purchasable","14":"product-type-simple"},"_links":{"self":[{"href":"https:\/\/sezona.lv\/en\/wp-json\/wp\/v2\/product\/79923","targetHints":{"allow":["GET"]}}],"collection":[{"href":"https:\/\/sezona.lv\/en\/wp-json\/wp\/v2\/product"}],"about":[{"href":"https:\/\/sezona.lv\/en\/wp-json\/wp\/v2\/types\/product"}],"wp:featuredmedia":[{"embeddable":true,"href":"https:\/\/sezona.lv\/en\/wp-json\/wp\/v2\/media\/106300"}],"wp:attachment":[{"href":"https:\/\/sezona.lv\/en\/wp-json\/wp\/v2\/media?parent=79923"}],"wp:term":[{"taxonomy":"product_brand","embeddable":true,"href":"https:\/\/sezona.lv\/en\/wp-json\/wp\/v2\/product_brand?post=79923"},{"taxonomy":"product_cat","embeddable":true,"href":"https:\/\/sezona.lv\/en\/wp-json\/wp\/v2\/product_cat?post=79923"},{"taxonomy":"product_tag","embeddable":true,"href":"https:\/\/sezona.lv\/en\/wp-json\/wp\/v2\/product_tag?post=79923"}],"curies":[{"name":"wp","href":"https:\/\/api.w.org\/{rel}","templated":true}]}}