{"id":79926,"date":"2025-07-11T17:16:25","date_gmt":"2025-07-11T14:16:25","guid":{"rendered":"https:\/\/demo8.ecube.lv\/sezona.lv\/products\/turisma-kruze-ar-karabini-250ml-mil-tec-14608102\/"},"modified":"2025-07-14T15:48:10","modified_gmt":"2025-07-14T12:48:10","slug":"turisma-kruze-ar-karabini-250ml-mil-tec-14608102","status":"publish","type":"product","link":"https:\/\/sezona.lv\/en\/products\/turisma-kruze-ar-karabini-250ml-mil-tec-14608102\/","title":{"rendered":"T\u016brisma kr\u016bze ar karab\u012bni 250ml Mil Tec (14608102)"},"content":{"rendered":"<p><span>Stainless Steel<\/span><br \/><span>Height: 7,8 cm<\/span><br \/><span>Diameter: 7,6 cm<\/span><br \/><span>Total volume: 250 ml<\/span><br \/><span>Weight: ca. 90 g<\/span><\/p>\n<p><span>&#8211; practical carabiner handle<\/span><br \/><span>&#8211; od<\/span><\/p>\n","protected":false},"excerpt":{"rendered":"<p>Stainless SteelHeight: 7,8 cmDiameter: 7,6 cmTotal volume: 250 mlWeight: ca. 90 g &#8211; practical carabiner handle&#8211; od<\/p>\n","protected":false},"featured_media":106294,"template":"","meta":[],"product_brand":[],"product_cat":[4558,4571,4731],"product_tag":[],"class_list":{"0":"post-79926","1":"product","2":"type-product","3":"status-publish","4":"has-post-thumbnail","6":"product_cat-for-tourism-recreation","7":"product_cat-dishes-knives-folding-tables-for-tourism-recreation","8":"product_cat-mugs-flasks-dishes-knives-folding-tables-for-tourism-recreation","10":"first","11":"instock","12":"shipping-taxable","13":"purchasable","14":"product-type-simple"},"_links":{"self":[{"href":"https:\/\/sezona.lv\/en\/wp-json\/wp\/v2\/product\/79926","targetHints":{"allow":["GET"]}}],"collection":[{"href":"https:\/\/sezona.lv\/en\/wp-json\/wp\/v2\/product"}],"about":[{"href":"https:\/\/sezona.lv\/en\/wp-json\/wp\/v2\/types\/product"}],"wp:featuredmedia":[{"embeddable":true,"href":"https:\/\/sezona.lv\/en\/wp-json\/wp\/v2\/media\/106294"}],"wp:attachment":[{"href":"https:\/\/sezona.lv\/en\/wp-json\/wp\/v2\/media?parent=79926"}],"wp:term":[{"taxonomy":"product_brand","embeddable":true,"href":"https:\/\/sezona.lv\/en\/wp-json\/wp\/v2\/product_brand?post=79926"},{"taxonomy":"product_cat","embeddable":true,"href":"https:\/\/sezona.lv\/en\/wp-json\/wp\/v2\/product_cat?post=79926"},{"taxonomy":"product_tag","embeddable":true,"href":"https:\/\/sezona.lv\/en\/wp-json\/wp\/v2\/product_tag?post=79926"}],"curies":[{"name":"wp","href":"https:\/\/api.w.org\/{rel}","templated":true}]}}