{"id":79928,"date":"2025-07-14T15:48:12","date_gmt":"2025-07-14T12:48:12","guid":{"rendered":"https:\/\/demo8.ecube.lv\/sezona.lv\/products\/norfin-element-ziemas-kostims-davana-termovela-thermowave-originals\/"},"modified":"2025-07-14T15:48:12","modified_gmt":"2025-07-14T12:48:12","slug":"norfin-element-ziemas-kostims-davana-termovela-thermowave-originals","status":"publish","type":"product","link":"https:\/\/sezona.lv\/en\/products\/norfin-element-ziemas-kostims-davana-termovela-thermowave-originals\/","title":{"rendered":"Norfin ELEMENT+ ziemas kost\u012bms + d\u0101van\u0101 termove\u013ca Thermowave Originals"},"content":{"rendered":"<p><strong>Ieg\u0101d\u0101joties &scaron;o kost\u012bmu, sa\u0146emsiet Thermowave Originals termove\u013cu d\u0101van\u0101!<\/strong><\/p>\n<p><span>Ziemas kost\u012bms mak&scaron;\u0137erniekiem priek&scaron; ekstr\u0113miem laika apst\u0101k\u013ciem. Siltin\u0101ta kapuce un augsta apkakle aizsarg\u0101s no v\u0113ja un sniega. Paredz\u0113ts izmanto&scaron;anai gaisa temperat\u016br\u0101 l\u012bdz -35C. \u012apa&scaron;i silts kost\u012bms. Siltin\u0101tas roku sild\u0101m\u0101s kabatas. Lakonisks dizains.<\/span><\/p>\n<dt>JAKA:<\/dt>\n<li>Kapuce ar nagu<\/li>\n<li>Augsta apkakle<\/li>\n<li>Dubultais r\u0101v\u0113jsl\u0113dz\u0113js ar atloku<\/li>\n<li>Regul\u0113jams viduk\u013ca apjoms<\/li>\n<li>Divas s\u0101nu un kr\u016b&scaron;u kabatas ar atlokiem<\/li>\n<li>Elast\u012bgas iek&scaron;\u0113j\u0101s man\u017eetes<\/li>\n<li>Regul\u0113jamas \u0101r\u0113j\u0101s man\u017eetes piedurkn\u0113m<\/li>\n<li>R\u016bp\u012bgi nol\u012bm\u0113tas &scaron;uves<\/li>\n<dt><\/dt>\n<dt>PUSKOMBINEZONS:<\/dt>\n<li>Garum\u0101 regul\u0113jamas, elast\u012bgas lences<\/li>\n<li>Dubultais r\u0101v\u0113jsl\u0113dz\u0113js ar atloku<\/li>\n<li>Divas \u0113rtas, ietilp\u012bgas kabatas<\/li>\n<li>Bik&scaron;u staras attais\u0101mas ar r\u0101v\u0113jsl\u0113dz\u0113ju<\/li>\n<li>Cilpas jostas ievilk&scaron;anai<\/li>\n","protected":false},"excerpt":{"rendered":"<p>Ieg\u0101d\u0101joties &scaron;o kost\u012bmu, sa\u0146emsiet Thermowave Originals termove\u013cu d\u0101van\u0101! Ziemas kost\u012bms mak&scaron;\u0137erniekiem priek&scaron; ekstr\u0113miem laika apst\u0101k\u013ciem. Siltin\u0101ta kapuce un augsta apkakle aizsarg\u0101s no v\u0113ja un sniega. Paredz\u0113ts izmanto&scaron;anai gaisa temperat\u016br\u0101 l\u012bdz -35C. \u012apa&scaron;i silts kost\u012bms. Siltin\u0101tas roku sild\u0101m\u0101s kabatas. Lakonisks dizains. JAKA: Kapuce ar nagu Augsta apkakle Dubultais r\u0101v\u0113jsl\u0113dz\u0113js ar atloku Regul\u0113jams viduk\u013ca apjoms Divas s\u0101nu [&hellip;]<\/p>\n","protected":false},"featured_media":0,"template":"","meta":[],"product_brand":[899],"product_cat":[4619,4620,4640,4993],"product_tag":[],"class_list":{"0":"post-79928","1":"product","2":"type-product","3":"status-publish","5":"product_brand-norfin","6":"product_cat-winter-clothes-recreation","7":"product_cat-norfin-suits-winter-suits-for-fishing","8":"product_cat-recreation","9":"product_cat-winter-suits-for-fishing-winter-clothes-recreation","11":"first","12":"instock","13":"shipping-taxable","14":"purchasable","15":"product-type-simple"},"_links":{"self":[{"href":"https:\/\/sezona.lv\/en\/wp-json\/wp\/v2\/product\/79928","targetHints":{"allow":["GET"]}}],"collection":[{"href":"https:\/\/sezona.lv\/en\/wp-json\/wp\/v2\/product"}],"about":[{"href":"https:\/\/sezona.lv\/en\/wp-json\/wp\/v2\/types\/product"}],"wp:attachment":[{"href":"https:\/\/sezona.lv\/en\/wp-json\/wp\/v2\/media?parent=79928"}],"wp:term":[{"taxonomy":"product_brand","embeddable":true,"href":"https:\/\/sezona.lv\/en\/wp-json\/wp\/v2\/product_brand?post=79928"},{"taxonomy":"product_cat","embeddable":true,"href":"https:\/\/sezona.lv\/en\/wp-json\/wp\/v2\/product_cat?post=79928"},{"taxonomy":"product_tag","embeddable":true,"href":"https:\/\/sezona.lv\/en\/wp-json\/wp\/v2\/product_tag?post=79928"}],"curies":[{"name":"wp","href":"https:\/\/api.w.org\/{rel}","templated":true}]}}