{"id":79929,"date":"2025-07-14T15:48:13","date_gmt":"2025-07-14T12:48:13","guid":{"rendered":"https:\/\/demo8.ecube.lv\/sezona.lv\/products\/makskeresanas-mugursoma-salmo-s111b\/"},"modified":"2025-07-14T15:48:13","modified_gmt":"2025-07-14T12:48:13","slug":"makskeresanas-mugursoma-salmo-s111b","status":"publish","type":"product","link":"https:\/\/sezona.lv\/en\/products\/makskeresanas-mugursoma-salmo-s111b\/","title":{"rendered":"Mak\u0161\u0137er\u0113\u0161anas Mugursoma Salmo (S111B)"},"content":{"rendered":"<p><span>Liela un ietilp\u012bga mugursoma mak&scaron;\u0137er\u0113&scaron;anas piederumu transport\u0113&scaron;anai.<\/span><\/p>\n<ul>\n<li>Tilpums &#8211; 105 litri<\/li>\n<li>Galven\u0101 nodal\u012bjuma izm\u0113rs &#8211; 60x38x22cm<\/li>\n<li>Divas s\u0101nu kabatas ar r\u0101v\u0113jsl\u0113dz\u0113ju<\/li>\n<li>Divas priek&scaron;\u0113j\u0101s kabatas ar r\u0101v\u0113jsl\u0113dz\u0113ju<\/li>\n<li>M\u012bkstas plecu lences<\/li>\n<li>Savilc\u0113js kr\u016b&scaron;u rajon\u0101<\/li>\n<li>No\u0146emama gurnu josta ar m\u012bkstu polster\u0113jumu<\/li>\n<li>Rokturis p\u0101rn\u0113&scaron;\u0101&scaron;anai<\/li>\n<li>\u016adensnecaurlaid\u012bga gr\u012bda<\/li>\n<li>Materi\u0101ls &#8211; poliesters<\/li>\n<li>Svars &#8211; 1,70kg.<\/li>\n<\/ul>\n","protected":false},"excerpt":{"rendered":"<p>Liela un ietilp\u012bga mugursoma mak&scaron;\u0137er\u0113&scaron;anas piederumu transport\u0113&scaron;anai. Tilpums &#8211; 105 litri Galven\u0101 nodal\u012bjuma izm\u0113rs &#8211; 60x38x22cm Divas s\u0101nu kabatas ar r\u0101v\u0113jsl\u0113dz\u0113ju Divas priek&scaron;\u0113j\u0101s kabatas ar r\u0101v\u0113jsl\u0113dz\u0113ju M\u012bkstas plecu lences Savilc\u0113js kr\u016b&scaron;u rajon\u0101 No\u0146emama gurnu josta ar m\u012bkstu polster\u0113jumu Rokturis p\u0101rn\u0113&scaron;\u0101&scaron;anai \u016adensnecaurlaid\u012bga gr\u012bda Materi\u0101ls &#8211; poliesters Svars &#8211; 1,70kg.<\/p>\n","protected":false},"featured_media":0,"template":"","meta":[],"product_brand":[894],"product_cat":[4538,4556,4640],"product_tag":[],"class_list":{"0":"post-79929","1":"product","2":"type-product","3":"status-publish","5":"product_brand-salmo","6":"product_cat-fishing-equipment-recreation","7":"product_cat-bags-boxes-fishing-equipment-recreation","8":"product_cat-recreation","10":"first","11":"instock","12":"shipping-taxable","13":"purchasable","14":"product-type-simple"},"_links":{"self":[{"href":"https:\/\/sezona.lv\/en\/wp-json\/wp\/v2\/product\/79929","targetHints":{"allow":["GET"]}}],"collection":[{"href":"https:\/\/sezona.lv\/en\/wp-json\/wp\/v2\/product"}],"about":[{"href":"https:\/\/sezona.lv\/en\/wp-json\/wp\/v2\/types\/product"}],"wp:attachment":[{"href":"https:\/\/sezona.lv\/en\/wp-json\/wp\/v2\/media?parent=79929"}],"wp:term":[{"taxonomy":"product_brand","embeddable":true,"href":"https:\/\/sezona.lv\/en\/wp-json\/wp\/v2\/product_brand?post=79929"},{"taxonomy":"product_cat","embeddable":true,"href":"https:\/\/sezona.lv\/en\/wp-json\/wp\/v2\/product_cat?post=79929"},{"taxonomy":"product_tag","embeddable":true,"href":"https:\/\/sezona.lv\/en\/wp-json\/wp\/v2\/product_tag?post=79929"}],"curies":[{"name":"wp","href":"https:\/\/api.w.org\/{rel}","templated":true}]}}