{"id":79930,"date":"2025-07-14T15:48:14","date_gmt":"2025-07-14T12:48:14","guid":{"rendered":"https:\/\/demo8.ecube.lv\/sezona.lv\/products\/makskeresanas-soma-salmo-s101b\/"},"modified":"2025-07-14T15:48:14","modified_gmt":"2025-07-14T12:48:14","slug":"makskeresanas-soma-salmo-s101b","status":"publish","type":"product","link":"https:\/\/sezona.lv\/en\/products\/makskeresanas-soma-salmo-s101b\/","title":{"rendered":"Mak\u0161\u0137er\u0113\u0161anas soma Salmo (S101B)"},"content":{"rendered":"<p><span>Univers\u0101la soma mak&scaron;\u0137er\u0113&scaron;anas piederumu transport\u0113&scaron;anai. Liels galvenais nodal\u012bjums, t\u0101 tilpums &#8211; 50 litri.<\/span><\/p>\n<ul>\n<li>Somas iek&scaron;pus\u0113 3 kabatas ar r\u0101v\u0113js\u0113dz\u0113jiem &#8211; divas s\u0101nos, 1 aug&scaron;\u0113j\u0101 sien\u0101<\/li>\n<li>2 kabatas ar r\u0101v\u0113jsl\u0113dz\u0113ju somas priek&scaron;pus\u0113<\/li>\n<li>Kabati\u0146a inform\u0101cijai par somas \u012bpa&scaron;nieku<\/li>\n<li>Divas s\u0101nu kabatas ar r\u0101v\u0113jsl\u0113dz\u0113ju<\/li>\n<li>Regul\u0113ja plecu josta ar m\u012bkstu polster\u0113jumu<\/li>\n<li>Rokturis \u0113rt\u0101kai p\u0101rn\u0113s\u0101&scaron;anai<\/li>\n<li>\u016adensnecaurlaid\u012bga gr\u012bda<\/li>\n<li>Izm\u0113rs &#8211; 30 x 32 x 60cm<\/li>\n<li>Materi\u0101ls &#8211; poliesters<\/li>\n<li>Svars &#8211; 1,26kg.<\/li>\n<\/ul>\n<ul>\n<\/ul>\n","protected":false},"excerpt":{"rendered":"<p>Univers\u0101la soma mak&scaron;\u0137er\u0113&scaron;anas piederumu transport\u0113&scaron;anai. Liels galvenais nodal\u012bjums, t\u0101 tilpums &#8211; 50 litri. Somas iek&scaron;pus\u0113 3 kabatas ar r\u0101v\u0113js\u0113dz\u0113jiem &#8211; divas s\u0101nos, 1 aug&scaron;\u0113j\u0101 sien\u0101 2 kabatas ar r\u0101v\u0113jsl\u0113dz\u0113ju somas priek&scaron;pus\u0113 Kabati\u0146a inform\u0101cijai par somas \u012bpa&scaron;nieku Divas s\u0101nu kabatas ar r\u0101v\u0113jsl\u0113dz\u0113ju Regul\u0113ja plecu josta ar m\u012bkstu polster\u0113jumu Rokturis \u0113rt\u0101kai p\u0101rn\u0113s\u0101&scaron;anai \u016adensnecaurlaid\u012bga gr\u012bda Izm\u0113rs &#8211; 30 [&hellip;]<\/p>\n","protected":false},"featured_media":0,"template":"","meta":[],"product_brand":[894],"product_cat":[4538,4556,4640],"product_tag":[],"class_list":{"0":"post-79930","1":"product","2":"type-product","3":"status-publish","5":"product_brand-salmo","6":"product_cat-fishing-equipment-recreation","7":"product_cat-bags-boxes-fishing-equipment-recreation","8":"product_cat-recreation","10":"first","11":"instock","12":"shipping-taxable","13":"purchasable","14":"product-type-simple"},"_links":{"self":[{"href":"https:\/\/sezona.lv\/en\/wp-json\/wp\/v2\/product\/79930","targetHints":{"allow":["GET"]}}],"collection":[{"href":"https:\/\/sezona.lv\/en\/wp-json\/wp\/v2\/product"}],"about":[{"href":"https:\/\/sezona.lv\/en\/wp-json\/wp\/v2\/types\/product"}],"wp:attachment":[{"href":"https:\/\/sezona.lv\/en\/wp-json\/wp\/v2\/media?parent=79930"}],"wp:term":[{"taxonomy":"product_brand","embeddable":true,"href":"https:\/\/sezona.lv\/en\/wp-json\/wp\/v2\/product_brand?post=79930"},{"taxonomy":"product_cat","embeddable":true,"href":"https:\/\/sezona.lv\/en\/wp-json\/wp\/v2\/product_cat?post=79930"},{"taxonomy":"product_tag","embeddable":true,"href":"https:\/\/sezona.lv\/en\/wp-json\/wp\/v2\/product_tag?post=79930"}],"curies":[{"name":"wp","href":"https:\/\/api.w.org\/{rel}","templated":true}]}}