{"id":79931,"date":"2025-07-14T15:48:15","date_gmt":"2025-07-14T12:48:15","guid":{"rendered":"https:\/\/demo8.ecube.lv\/sezona.lv\/products\/makskeresanas-soma-lucky-john-lure-bag-s-lj111b\/"},"modified":"2025-07-14T15:48:15","modified_gmt":"2025-07-14T12:48:15","slug":"makskeresanas-soma-lucky-john-lure-bag-s-lj111b","status":"publish","type":"product","link":"https:\/\/sezona.lv\/en\/products\/makskeresanas-soma-lucky-john-lure-bag-s-lj111b\/","title":{"rendered":"Mak\u0161\u0137er\u0113\u0161anas soma Lucky John LURE BAG S (LJ111B)"},"content":{"rendered":"<p><span>Soma mak&scaron;\u0137er\u0113&scaron;anas piederumu glab\u0101&scaron;anai ar regul\u0113jamu plecu jostu un \u016bdensnecaurlaid\u012bgu gr\u012bdu, apr\u012bkota ar lielu nodal\u012bjumu kast\u012b&scaron;u glab\u0101&scaron;anai un tr\u012bs s\u0101nu kabat\u0101m. Visas kabatas apr\u012bkotas ar r\u0101v\u0113jsl\u0113dz\u0113ju.<\/span><\/p>\n<ul>\n<li>Komplekt\u0101 ietilpst 3 kast\u012btes m\u0101nek\u013ciem<\/li>\n<li>3 zip nodal\u012bjumi m\u012bksto m\u0101nek\u013cu glab\u0101&scaron;anai<\/li>\n<li>Liela priek&scaron;\u0113j\u0101 kabata<\/li>\n<li>2 s\u0101nu kabatas<\/li>\n<li>Papildus spininga vai uztveram\u0101 t\u012bkli\u0146a stiprin\u0101jums<\/li>\n<li>Izm\u0113rs &#8211; 20 x 40 x 27cm.<\/li>\n<li>Materi\u0101ls &#8211; 600D poliesters<\/li>\n<li>Svars &#8211; 1,56kg.<\/li>\n<\/ul>\n<ul>\n<\/ul>\n<ul>\n<\/ul>\n<ul>\n<\/ul>\n<ul>\n<\/ul>\n","protected":false},"excerpt":{"rendered":"<p>Soma mak&scaron;\u0137er\u0113&scaron;anas piederumu glab\u0101&scaron;anai ar regul\u0113jamu plecu jostu un \u016bdensnecaurlaid\u012bgu gr\u012bdu, apr\u012bkota ar lielu nodal\u012bjumu kast\u012b&scaron;u glab\u0101&scaron;anai un tr\u012bs s\u0101nu kabat\u0101m. Visas kabatas apr\u012bkotas ar r\u0101v\u0113jsl\u0113dz\u0113ju. Komplekt\u0101 ietilpst 3 kast\u012btes m\u0101nek\u013ciem 3 zip nodal\u012bjumi m\u012bksto m\u0101nek\u013cu glab\u0101&scaron;anai Liela priek&scaron;\u0113j\u0101 kabata 2 s\u0101nu kabatas Papildus spininga vai uztveram\u0101 t\u012bkli\u0146a stiprin\u0101jums Izm\u0113rs &#8211; 20 x 40 x [&hellip;]<\/p>\n","protected":false},"featured_media":0,"template":"","meta":[],"product_brand":[894],"product_cat":[4538,4556,4640],"product_tag":[],"class_list":{"0":"post-79931","1":"product","2":"type-product","3":"status-publish","5":"product_brand-salmo","6":"product_cat-fishing-equipment-recreation","7":"product_cat-bags-boxes-fishing-equipment-recreation","8":"product_cat-recreation","10":"first","11":"instock","12":"shipping-taxable","13":"purchasable","14":"product-type-simple"},"_links":{"self":[{"href":"https:\/\/sezona.lv\/en\/wp-json\/wp\/v2\/product\/79931","targetHints":{"allow":["GET"]}}],"collection":[{"href":"https:\/\/sezona.lv\/en\/wp-json\/wp\/v2\/product"}],"about":[{"href":"https:\/\/sezona.lv\/en\/wp-json\/wp\/v2\/types\/product"}],"wp:attachment":[{"href":"https:\/\/sezona.lv\/en\/wp-json\/wp\/v2\/media?parent=79931"}],"wp:term":[{"taxonomy":"product_brand","embeddable":true,"href":"https:\/\/sezona.lv\/en\/wp-json\/wp\/v2\/product_brand?post=79931"},{"taxonomy":"product_cat","embeddable":true,"href":"https:\/\/sezona.lv\/en\/wp-json\/wp\/v2\/product_cat?post=79931"},{"taxonomy":"product_tag","embeddable":true,"href":"https:\/\/sezona.lv\/en\/wp-json\/wp\/v2\/product_tag?post=79931"}],"curies":[{"name":"wp","href":"https:\/\/api.w.org\/{rel}","templated":true}]}}