{"id":79932,"date":"2025-07-14T15:48:16","date_gmt":"2025-07-14T12:48:16","guid":{"rendered":"https:\/\/demo8.ecube.lv\/sezona.lv\/products\/makskeresanas-soma-lucky-john-rucksack-lj121b\/"},"modified":"2025-07-14T15:48:16","modified_gmt":"2025-07-14T12:48:16","slug":"makskeresanas-soma-lucky-john-rucksack-lj121b","status":"publish","type":"product","link":"https:\/\/sezona.lv\/en\/products\/makskeresanas-soma-lucky-john-rucksack-lj121b\/","title":{"rendered":"Mak\u0161\u0137er\u0113\u0161anas soma Lucky John RUCKSACK (LJ121B)"},"content":{"rendered":"<p><span>Mugursoma ar kast\u0113m mak&scaron;\u0137er\u0113&scaron;anas piederumu \u0113rtai p\u0101rn\u0113s\u0101&scaron;anai spiningo&scaron;anas laik\u0101. Viss ir l\u012bdzi un rokas br\u012bvas.Visi nodal\u012bjumi un kabatas apr\u012bkoti ar r\u0101v\u0113jsl\u0113dz\u0113ju.<\/span><\/p>\n<ul>\n<li>Var apvienot auk&scaron;\u0113jo un apak&scaron;\u0113jo nodal\u012bjumu ieg\u016bstot vienu lielu nodal\u012bjumu<\/li>\n<li>Komplekt\u0101 ietilpst 3 kastes &#8211; 27,5&#215;18,5&#215;4,5cm<\/li>\n<li>Somas aug&scaron;\u0113jais nodal\u012bjums piem\u0113rots spo\u013cu glab\u0101&scaron;anai<\/li>\n<li>Divas iek&scaron;\u0113jas s\u0101nu kabatas visas somas garum\u0101<\/li>\n<li>Somas iek&scaron;pus\u0113 1 caursp\u012bd\u012bga kabata ar r\u0101v\u0113jsl\u0113dz\u0113ju<\/li>\n<li>2 ietilp\u012bgas s\u0101nu kabatas<\/li>\n<li>2 stiprin\u0101jumi spiningam vai uztveramajam t\u012bkli\u0146am<\/li>\n<li>M\u012bkstas plecu lentes ar kr\u016b&scaron;u stiprin\u0101jumu<\/li>\n<li>Rokturis p\u0101rn\u0113s\u0101&scaron;anai<\/li>\n<li>\u016adensnecaurlaid\u012bga gr\u012bda<\/li>\n<li>Materi\u0101ls &#8211; poliesters 600D<\/li>\n<li>Izm\u0113rs &#8211; 40 x 38 x 23cm<\/li>\n<li>Svars &#8211; 1,93 kg.<\/li>\n<\/ul>\n<ul>\n<\/ul>\n<ul>\n<\/ul>\n<ul>\n<\/ul>\n<ul>\n<\/ul>\n<ul>\n<\/ul>\n","protected":false},"excerpt":{"rendered":"<p>Mugursoma ar kast\u0113m mak&scaron;\u0137er\u0113&scaron;anas piederumu \u0113rtai p\u0101rn\u0113s\u0101&scaron;anai spiningo&scaron;anas laik\u0101. Viss ir l\u012bdzi un rokas br\u012bvas.Visi nodal\u012bjumi un kabatas apr\u012bkoti ar r\u0101v\u0113jsl\u0113dz\u0113ju. Var apvienot auk&scaron;\u0113jo un apak&scaron;\u0113jo nodal\u012bjumu ieg\u016bstot vienu lielu nodal\u012bjumu Komplekt\u0101 ietilpst 3 kastes &#8211; 27,5&#215;18,5&#215;4,5cm Somas aug&scaron;\u0113jais nodal\u012bjums piem\u0113rots spo\u013cu glab\u0101&scaron;anai Divas iek&scaron;\u0113jas s\u0101nu kabatas visas somas garum\u0101 Somas iek&scaron;pus\u0113 1 caursp\u012bd\u012bga kabata [&hellip;]<\/p>\n","protected":false},"featured_media":0,"template":"","meta":[],"product_brand":[894],"product_cat":[4538,4556,4640],"product_tag":[],"class_list":{"0":"post-79932","1":"product","2":"type-product","3":"status-publish","5":"product_brand-salmo","6":"product_cat-fishing-equipment-recreation","7":"product_cat-bags-boxes-fishing-equipment-recreation","8":"product_cat-recreation","10":"first","11":"instock","12":"shipping-taxable","13":"purchasable","14":"product-type-simple"},"_links":{"self":[{"href":"https:\/\/sezona.lv\/en\/wp-json\/wp\/v2\/product\/79932","targetHints":{"allow":["GET"]}}],"collection":[{"href":"https:\/\/sezona.lv\/en\/wp-json\/wp\/v2\/product"}],"about":[{"href":"https:\/\/sezona.lv\/en\/wp-json\/wp\/v2\/types\/product"}],"wp:attachment":[{"href":"https:\/\/sezona.lv\/en\/wp-json\/wp\/v2\/media?parent=79932"}],"wp:term":[{"taxonomy":"product_brand","embeddable":true,"href":"https:\/\/sezona.lv\/en\/wp-json\/wp\/v2\/product_brand?post=79932"},{"taxonomy":"product_cat","embeddable":true,"href":"https:\/\/sezona.lv\/en\/wp-json\/wp\/v2\/product_cat?post=79932"},{"taxonomy":"product_tag","embeddable":true,"href":"https:\/\/sezona.lv\/en\/wp-json\/wp\/v2\/product_tag?post=79932"}],"curies":[{"name":"wp","href":"https:\/\/api.w.org\/{rel}","templated":true}]}}