{"id":79933,"date":"2025-07-14T15:48:16","date_gmt":"2025-07-14T12:48:16","guid":{"rendered":"https:\/\/demo8.ecube.lv\/sezona.lv\/products\/soma-manekliem-lucky-john-carabiner-lure-bag-lj141b\/"},"modified":"2025-07-14T15:48:16","modified_gmt":"2025-07-14T12:48:16","slug":"soma-manekliem-lucky-john-carabiner-lure-bag-lj141b","status":"publish","type":"product","link":"https:\/\/sezona.lv\/en\/products\/soma-manekliem-lucky-john-carabiner-lure-bag-lj141b\/","title":{"rendered":"Soma m\u0101nek\u013ciem Lucky John CARABINER LURE BAG (LJ141B)"},"content":{"rendered":"<p><span>Somi\u0146a m\u0101nek\u013cu glab\u0101&scaron;anai, kuru iesp\u0113jams piestiprin\u0101t pie cit\u0101m som\u0101m vai jostas ar karab\u012bnes pal\u012bdz\u012bbu.<\/span><\/p>\n<ul>\n<li>2 iz\u0146emami putu materi\u0101la ielik\u0146i m\u0101nek\u013ciem<\/li>\n<li>Divpus\u0113ja kabata ar r\u0101v\u0113jsl\u0113dz\u0113jiem s\u012bkumu glab\u0101&scaron;anai<\/li>\n<li>2 nelielas \u0101r\u0113j\u0101s kabati\u0146as<\/li>\n<li>Materi\u0101ls &#8211; 600D poliesters<\/li>\n<li>Izm\u0113rs &#8211; 20 x 14 x 5<\/li>\n<\/ul>\n<ul>\n<\/ul>\n<ul>\n<\/ul>\n<ul>\n<\/ul>\n<ul>\n<\/ul>\n<ul>\n<\/ul>\n<ul>\n<\/ul>\n<ul>\n<\/ul>\n<ul>\n<\/ul>\n","protected":false},"excerpt":{"rendered":"<p>Somi\u0146a m\u0101nek\u013cu glab\u0101&scaron;anai, kuru iesp\u0113jams piestiprin\u0101t pie cit\u0101m som\u0101m vai jostas ar karab\u012bnes pal\u012bdz\u012bbu. 2 iz\u0146emami putu materi\u0101la ielik\u0146i m\u0101nek\u013ciem Divpus\u0113ja kabata ar r\u0101v\u0113jsl\u0113dz\u0113jiem s\u012bkumu glab\u0101&scaron;anai 2 nelielas \u0101r\u0113j\u0101s kabati\u0146as Materi\u0101ls &#8211; 600D poliesters Izm\u0113rs &#8211; 20 x 14 x 5<\/p>\n","protected":false},"featured_media":0,"template":"","meta":[],"product_brand":[894],"product_cat":[4538,4556,4640],"product_tag":[],"class_list":{"0":"post-79933","1":"product","2":"type-product","3":"status-publish","5":"product_brand-salmo","6":"product_cat-fishing-equipment-recreation","7":"product_cat-bags-boxes-fishing-equipment-recreation","8":"product_cat-recreation","10":"first","11":"instock","12":"shipping-taxable","13":"purchasable","14":"product-type-simple"},"_links":{"self":[{"href":"https:\/\/sezona.lv\/en\/wp-json\/wp\/v2\/product\/79933","targetHints":{"allow":["GET"]}}],"collection":[{"href":"https:\/\/sezona.lv\/en\/wp-json\/wp\/v2\/product"}],"about":[{"href":"https:\/\/sezona.lv\/en\/wp-json\/wp\/v2\/types\/product"}],"wp:attachment":[{"href":"https:\/\/sezona.lv\/en\/wp-json\/wp\/v2\/media?parent=79933"}],"wp:term":[{"taxonomy":"product_brand","embeddable":true,"href":"https:\/\/sezona.lv\/en\/wp-json\/wp\/v2\/product_brand?post=79933"},{"taxonomy":"product_cat","embeddable":true,"href":"https:\/\/sezona.lv\/en\/wp-json\/wp\/v2\/product_cat?post=79933"},{"taxonomy":"product_tag","embeddable":true,"href":"https:\/\/sezona.lv\/en\/wp-json\/wp\/v2\/product_tag?post=79933"}],"curies":[{"name":"wp","href":"https:\/\/api.w.org\/{rel}","templated":true}]}}