{"id":79934,"date":"2025-07-14T15:48:17","date_gmt":"2025-07-14T12:48:17","guid":{"rendered":"https:\/\/demo8.ecube.lv\/sezona.lv\/products\/somina-lj-area-trout-game-ljat-8003\/"},"modified":"2025-07-14T15:48:17","modified_gmt":"2025-07-14T12:48:17","slug":"somina-lj-area-trout-game-ljat-8003","status":"publish","type":"product","link":"https:\/\/sezona.lv\/en\/products\/somina-lj-area-trout-game-ljat-8003\/","title":{"rendered":"Somi\u0146a LJ AREA TROUT GAME (LJAT-8003)"},"content":{"rendered":"<p><span>\u0112rta un funkcion\u0101la somi\u0146a fore\u013cu m\u0101nek\u013cu uzglab\u0101&scaron;anai. Somas iek&scaron;pus\u0113 papildus PVC materi\u0101la sieni\u0146a, lai m\u0101nek\u013ci nesajauktos.<\/span><\/p>\n<ul>\n<\/ul>\n<ul>\n<\/ul>\n<ul>\n<\/ul>\n<ul>\n<\/ul>\n<ul>\n<\/ul>\n<ul>\n<\/ul>\n<ul>\n<\/ul>\n<ul>\n<\/ul>\n<ul>\n<\/ul>\n","protected":false},"excerpt":{"rendered":"<p>\u0112rta un funkcion\u0101la somi\u0146a fore\u013cu m\u0101nek\u013cu uzglab\u0101&scaron;anai. Somas iek&scaron;pus\u0113 papildus PVC materi\u0101la sieni\u0146a, lai m\u0101nek\u013ci nesajauktos.<\/p>\n","protected":false},"featured_media":0,"template":"","meta":[],"product_brand":[894],"product_cat":[4538,4556,4640],"product_tag":[],"class_list":{"0":"post-79934","1":"product","2":"type-product","3":"status-publish","5":"product_brand-salmo","6":"product_cat-fishing-equipment-recreation","7":"product_cat-bags-boxes-fishing-equipment-recreation","8":"product_cat-recreation","10":"first","11":"instock","12":"shipping-taxable","13":"purchasable","14":"product-type-simple"},"_links":{"self":[{"href":"https:\/\/sezona.lv\/en\/wp-json\/wp\/v2\/product\/79934","targetHints":{"allow":["GET"]}}],"collection":[{"href":"https:\/\/sezona.lv\/en\/wp-json\/wp\/v2\/product"}],"about":[{"href":"https:\/\/sezona.lv\/en\/wp-json\/wp\/v2\/types\/product"}],"wp:attachment":[{"href":"https:\/\/sezona.lv\/en\/wp-json\/wp\/v2\/media?parent=79934"}],"wp:term":[{"taxonomy":"product_brand","embeddable":true,"href":"https:\/\/sezona.lv\/en\/wp-json\/wp\/v2\/product_brand?post=79934"},{"taxonomy":"product_cat","embeddable":true,"href":"https:\/\/sezona.lv\/en\/wp-json\/wp\/v2\/product_cat?post=79934"},{"taxonomy":"product_tag","embeddable":true,"href":"https:\/\/sezona.lv\/en\/wp-json\/wp\/v2\/product_tag?post=79934"}],"curies":[{"name":"wp","href":"https:\/\/api.w.org\/{rel}","templated":true}]}}