{"id":79936,"date":"2025-07-14T15:48:19","date_gmt":"2025-07-14T12:48:19","guid":{"rendered":"https:\/\/demo8.ecube.lv\/sezona.lv\/products\/somu-komplekts-baribai-un-esmam-fc-eva-03-fc103b\/"},"modified":"2025-07-14T15:48:19","modified_gmt":"2025-07-14T12:48:19","slug":"somu-komplekts-baribai-un-esmam-fc-eva-03-fc103b","status":"publish","type":"product","link":"https:\/\/sezona.lv\/en\/products\/somu-komplekts-baribai-un-esmam-fc-eva-03-fc103b\/","title":{"rendered":"Somu komplekts bar\u012bbai un \u0113sm\u0101m FC EVA 03 (FC103B)"},"content":{"rendered":"<p><span>Univers\u0101ls somi\u0146u komplekts bar\u012bbu un da\u017e\u0101du \u0113smu uzglab\u0101&scaron;anai. P\u0113c copes &scaron;\u012bs somi\u0146as var \u0101tri un \u0113rti izmazg\u0101t, turkl\u0101t nav nepiecie&scaron;ama speci\u0101la \u017e\u0101v\u0113&scaron;ana pateicoties \u016bdesdro&scaron;ajam materi\u0101lam EVA. Kompakto somi\u0146u komplektu ir \u0113rti uzglab\u0101t vienu otr\u0101 un tas aiz\u0146em maz vietas. Komplekt\u0101 ietilpst 5 trauki. Liel\u0101k\u0101 trauka izm\u0113rs &#8211; 36&#215;25,5x9cm.<\/span><\/p>\n<ul>\n<\/ul>\n<ul>\n<\/ul>\n<ul>\n<\/ul>\n<ul>\n<\/ul>\n<ul>\n<\/ul>\n<ul>\n<\/ul>\n<ul>\n<\/ul>\n<ul>\n<\/ul>\n<ul>\n<\/ul>\n","protected":false},"excerpt":{"rendered":"<p>Univers\u0101ls somi\u0146u komplekts bar\u012bbu un da\u017e\u0101du \u0113smu uzglab\u0101&scaron;anai. P\u0113c copes &scaron;\u012bs somi\u0146as var \u0101tri un \u0113rti izmazg\u0101t, turkl\u0101t nav nepiecie&scaron;ama speci\u0101la \u017e\u0101v\u0113&scaron;ana pateicoties \u016bdesdro&scaron;ajam materi\u0101lam EVA. Kompakto somi\u0146u komplektu ir \u0113rti uzglab\u0101t vienu otr\u0101 un tas aiz\u0146em maz vietas. Komplekt\u0101 ietilpst 5 trauki. Liel\u0101k\u0101 trauka izm\u0113rs &#8211; 36&#215;25,5x9cm.<\/p>\n","protected":false},"featured_media":0,"template":"","meta":[],"product_brand":[894],"product_cat":[4538,4556,4640],"product_tag":[],"class_list":{"0":"post-79936","1":"product","2":"type-product","3":"status-publish","5":"product_brand-salmo","6":"product_cat-fishing-equipment-recreation","7":"product_cat-bags-boxes-fishing-equipment-recreation","8":"product_cat-recreation","10":"first","11":"instock","12":"shipping-taxable","13":"purchasable","14":"product-type-simple"},"_links":{"self":[{"href":"https:\/\/sezona.lv\/en\/wp-json\/wp\/v2\/product\/79936","targetHints":{"allow":["GET"]}}],"collection":[{"href":"https:\/\/sezona.lv\/en\/wp-json\/wp\/v2\/product"}],"about":[{"href":"https:\/\/sezona.lv\/en\/wp-json\/wp\/v2\/types\/product"}],"wp:attachment":[{"href":"https:\/\/sezona.lv\/en\/wp-json\/wp\/v2\/media?parent=79936"}],"wp:term":[{"taxonomy":"product_brand","embeddable":true,"href":"https:\/\/sezona.lv\/en\/wp-json\/wp\/v2\/product_brand?post=79936"},{"taxonomy":"product_cat","embeddable":true,"href":"https:\/\/sezona.lv\/en\/wp-json\/wp\/v2\/product_cat?post=79936"},{"taxonomy":"product_tag","embeddable":true,"href":"https:\/\/sezona.lv\/en\/wp-json\/wp\/v2\/product_tag?post=79936"}],"curies":[{"name":"wp","href":"https:\/\/api.w.org\/{rel}","templated":true}]}}