{"id":79937,"date":"2025-07-14T15:48:19","date_gmt":"2025-07-14T12:48:19","guid":{"rendered":"https:\/\/demo8.ecube.lv\/sezona.lv\/products\/somu-komplekts-aksesuariem-fc-eva-04-fc104b\/"},"modified":"2025-07-14T15:48:19","modified_gmt":"2025-07-14T12:48:19","slug":"somu-komplekts-aksesuariem-fc-eva-04-fc104b","status":"publish","type":"product","link":"https:\/\/sezona.lv\/en\/products\/somu-komplekts-aksesuariem-fc-eva-04-fc104b\/","title":{"rendered":"Somu komplekts aksesu\u0101riem FC EVA 04 (FC104B)"},"content":{"rendered":"<p><span>Univers\u0101ls somi\u0146u komplekts ar v\u0101ci\u0146u aksesu\u0101ru, bar\u012bbu un da\u017e\u0101du \u0113smu uzglab\u0101&scaron;anai. P\u0113c copes &scaron;\u012bs somi\u0146as var \u0101tri un \u0113rti izmazg\u0101t, turkl\u0101t nav nepiecie&scaron;ama speci\u0101la \u017e\u0101v\u0113&scaron;ana pateicoties \u016bdesdro&scaron;ajam materi\u0101lam EVA. Lietus gad\u012bjum\u0101 somi\u0146as saturs paliek sauss. Causp\u012bd\u012bgais somi\u0146as v\u0101ci\u0146&scaron; \u013cauj viegli saskat\u012bt t\u0101s saturu. Kompakto somi\u0146u komplektu ir \u0113rti uzglab\u0101t vienu otr\u0101 un tas aiz\u0146em maz vietas. Komplekt\u0101 ietilpst 3 somi\u0146as. Liel\u0101k\u0101s somi\u0146as izm\u0113rs &#8211; 27x17x10cm.<\/span><\/p>\n<ul>\n<\/ul>\n<ul>\n<\/ul>\n<ul>\n<\/ul>\n<ul>\n<\/ul>\n<ul>\n<\/ul>\n<ul>\n<\/ul>\n<ul>\n<\/ul>\n<ul>\n<\/ul>\n<ul>\n<\/ul>\n","protected":false},"excerpt":{"rendered":"<p>Univers\u0101ls somi\u0146u komplekts ar v\u0101ci\u0146u aksesu\u0101ru, bar\u012bbu un da\u017e\u0101du \u0113smu uzglab\u0101&scaron;anai. P\u0113c copes &scaron;\u012bs somi\u0146as var \u0101tri un \u0113rti izmazg\u0101t, turkl\u0101t nav nepiecie&scaron;ama speci\u0101la \u017e\u0101v\u0113&scaron;ana pateicoties \u016bdesdro&scaron;ajam materi\u0101lam EVA. Lietus gad\u012bjum\u0101 somi\u0146as saturs paliek sauss. Causp\u012bd\u012bgais somi\u0146as v\u0101ci\u0146&scaron; \u013cauj viegli saskat\u012bt t\u0101s saturu. Kompakto somi\u0146u komplektu ir \u0113rti uzglab\u0101t vienu otr\u0101 un tas aiz\u0146em maz [&hellip;]<\/p>\n","protected":false},"featured_media":0,"template":"","meta":[],"product_brand":[894],"product_cat":[4538,4556,4640],"product_tag":[],"class_list":{"0":"post-79937","1":"product","2":"type-product","3":"status-publish","5":"product_brand-salmo","6":"product_cat-fishing-equipment-recreation","7":"product_cat-bags-boxes-fishing-equipment-recreation","8":"product_cat-recreation","10":"first","11":"instock","12":"shipping-taxable","13":"purchasable","14":"product-type-simple"},"_links":{"self":[{"href":"https:\/\/sezona.lv\/en\/wp-json\/wp\/v2\/product\/79937","targetHints":{"allow":["GET"]}}],"collection":[{"href":"https:\/\/sezona.lv\/en\/wp-json\/wp\/v2\/product"}],"about":[{"href":"https:\/\/sezona.lv\/en\/wp-json\/wp\/v2\/types\/product"}],"wp:attachment":[{"href":"https:\/\/sezona.lv\/en\/wp-json\/wp\/v2\/media?parent=79937"}],"wp:term":[{"taxonomy":"product_brand","embeddable":true,"href":"https:\/\/sezona.lv\/en\/wp-json\/wp\/v2\/product_brand?post=79937"},{"taxonomy":"product_cat","embeddable":true,"href":"https:\/\/sezona.lv\/en\/wp-json\/wp\/v2\/product_cat?post=79937"},{"taxonomy":"product_tag","embeddable":true,"href":"https:\/\/sezona.lv\/en\/wp-json\/wp\/v2\/product_tag?post=79937"}],"curies":[{"name":"wp","href":"https:\/\/api.w.org\/{rel}","templated":true}]}}