{"id":79941,"date":"2025-07-14T15:48:22","date_gmt":"2025-07-14T12:48:22","guid":{"rendered":"https:\/\/demo8.ecube.lv\/sezona.lv\/products\/makskersoma-salmo-130cm-s2130-03ha\/"},"modified":"2025-07-14T15:48:22","modified_gmt":"2025-07-14T12:48:22","slug":"makskersoma-salmo-130cm-s2130-03ha","status":"publish","type":"product","link":"https:\/\/sezona.lv\/en\/products\/makskersoma-salmo-130cm-s2130-03ha\/","title":{"rendered":"Mak\u0161\u0137ersoma SALMO 130cm (S2130-03HA)"},"content":{"rendered":"<p><span>Mak&scaron;\u0137ersoma mak&scaron;\u0137erk\u0101tu glab\u0101&scaron;anai un transport\u0113&scaron;anai.<\/span><\/p>\n<ul>\n<li>Garums &#8211; 130cm<\/li>\n<li>Regul\u0113jama plecu lente ar m\u012bkstu ielikni<\/li>\n<li>Rokturi \u0113rt\u0101kai somas p\u0101rn\u0113s\u0101&scaron;anai<\/li>\n<li>Atsevi&scaron;\u0137s nodal\u012bjums mak&scaron;\u0137erk\u0101tu tur\u0113t\u0101jiem<\/li>\n<li>Somas iek&scaron;pus\u0113 lentes mak&scaron;\u0137eru stiprin\u0101&scaron;anai.<\/li>\n<\/ul>\n<ul>\n<\/ul>\n<ul>\n<\/ul>\n<ul>\n<\/ul>\n<ul>\n<\/ul>\n<ul>\n<\/ul>\n<ul>\n<\/ul>\n<ul>\n<\/ul>\n<ul>\n<\/ul>\n<ul>\n<\/ul>\n<ul>\n<\/ul>\n<ul>\n<\/ul>\n<ul>\n<\/ul>\n","protected":false},"excerpt":{"rendered":"<p>Mak&scaron;\u0137ersoma mak&scaron;\u0137erk\u0101tu glab\u0101&scaron;anai un transport\u0113&scaron;anai. Garums &#8211; 130cm Regul\u0113jama plecu lente ar m\u012bkstu ielikni Rokturi \u0113rt\u0101kai somas p\u0101rn\u0113s\u0101&scaron;anai Atsevi&scaron;\u0137s nodal\u012bjums mak&scaron;\u0137erk\u0101tu tur\u0113t\u0101jiem Somas iek&scaron;pus\u0113 lentes mak&scaron;\u0137eru stiprin\u0101&scaron;anai.<\/p>\n","protected":false},"featured_media":0,"template":"","meta":[],"product_brand":[894],"product_cat":[4538,4556,4640],"product_tag":[],"class_list":{"0":"post-79941","1":"product","2":"type-product","3":"status-publish","5":"product_brand-salmo","6":"product_cat-fishing-equipment-recreation","7":"product_cat-bags-boxes-fishing-equipment-recreation","8":"product_cat-recreation","10":"first","11":"instock","12":"shipping-taxable","13":"purchasable","14":"product-type-simple"},"_links":{"self":[{"href":"https:\/\/sezona.lv\/en\/wp-json\/wp\/v2\/product\/79941","targetHints":{"allow":["GET"]}}],"collection":[{"href":"https:\/\/sezona.lv\/en\/wp-json\/wp\/v2\/product"}],"about":[{"href":"https:\/\/sezona.lv\/en\/wp-json\/wp\/v2\/types\/product"}],"wp:attachment":[{"href":"https:\/\/sezona.lv\/en\/wp-json\/wp\/v2\/media?parent=79941"}],"wp:term":[{"taxonomy":"product_brand","embeddable":true,"href":"https:\/\/sezona.lv\/en\/wp-json\/wp\/v2\/product_brand?post=79941"},{"taxonomy":"product_cat","embeddable":true,"href":"https:\/\/sezona.lv\/en\/wp-json\/wp\/v2\/product_cat?post=79941"},{"taxonomy":"product_tag","embeddable":true,"href":"https:\/\/sezona.lv\/en\/wp-json\/wp\/v2\/product_tag?post=79941"}],"curies":[{"name":"wp","href":"https:\/\/api.w.org\/{rel}","templated":true}]}}