{"id":79946,"date":"2025-07-14T15:48:27","date_gmt":"2025-07-14T12:48:27","guid":{"rendered":"https:\/\/demo8.ecube.lv\/sezona.lv\/products\/makskersoma-salmo-215cm-s2215-03ha\/"},"modified":"2025-07-14T15:48:27","modified_gmt":"2025-07-14T12:48:27","slug":"makskersoma-salmo-215cm-s2215-03ha","status":"publish","type":"product","link":"https:\/\/sezona.lv\/en\/products\/makskersoma-salmo-215cm-s2215-03ha\/","title":{"rendered":"Mak\u0161\u0137ersoma SALMO 215cm (S2215-03HA)"},"content":{"rendered":"<p><span>\u010cehols garu mak&scaron;\u0137erk\u0101tu glab\u0101&scaron;anai un transport\u0113&scaron;anai. Piem\u0113rots karpu un j\u016bras mak&scaron;\u0137erk\u0101tu transport\u0113&scaron;anai kop\u0101 ar spol\u0113m. Ir starpsiena un stiprin\u0101jumi lentu-lipek\u013cu veid\u0101, kas paredz\u0113ti 6 k\u0101tu atdal\u012b&scaron;anai. Somas \u0101rpus\u0113 divas kabatas lietussarga vai mak&scaron;\u0137erk\u0101tu tur\u0113t\u0101ju glab\u0101&scaron;anai. Divpus\u0113js r\u0101v\u0113jsl\u0113dz\u0113js. Garums &#8211; 215cm.<\/span><\/p>\n<ul>\n<\/ul>\n<ul>\n<\/ul>\n<ul>\n<\/ul>\n<ul>\n<\/ul>\n<ul>\n<\/ul>\n<ul>\n<\/ul>\n<ul>\n<\/ul>\n<ul>\n<\/ul>\n<ul>\n<\/ul>\n<ul>\n<\/ul>\n<ul>\n<\/ul>\n<ul>\n<\/ul>\n<ul>\n<\/ul>\n<ul>\n<\/ul>\n<ul>\n<\/ul>\n<ul>\n<\/ul>\n<ul>\n<\/ul>\n","protected":false},"excerpt":{"rendered":"<p>\u010cehols garu mak&scaron;\u0137erk\u0101tu glab\u0101&scaron;anai un transport\u0113&scaron;anai. Piem\u0113rots karpu un j\u016bras mak&scaron;\u0137erk\u0101tu transport\u0113&scaron;anai kop\u0101 ar spol\u0113m. Ir starpsiena un stiprin\u0101jumi lentu-lipek\u013cu veid\u0101, kas paredz\u0113ti 6 k\u0101tu atdal\u012b&scaron;anai. Somas \u0101rpus\u0113 divas kabatas lietussarga vai mak&scaron;\u0137erk\u0101tu tur\u0113t\u0101ju glab\u0101&scaron;anai. Divpus\u0113js r\u0101v\u0113jsl\u0113dz\u0113js. Garums &#8211; 215cm.<\/p>\n","protected":false},"featured_media":0,"template":"","meta":[],"product_brand":[894],"product_cat":[4538,4556,4640],"product_tag":[],"class_list":{"0":"post-79946","1":"product","2":"type-product","3":"status-publish","5":"product_brand-salmo","6":"product_cat-fishing-equipment-recreation","7":"product_cat-bags-boxes-fishing-equipment-recreation","8":"product_cat-recreation","10":"first","11":"instock","12":"shipping-taxable","13":"purchasable","14":"product-type-simple"},"_links":{"self":[{"href":"https:\/\/sezona.lv\/en\/wp-json\/wp\/v2\/product\/79946","targetHints":{"allow":["GET"]}}],"collection":[{"href":"https:\/\/sezona.lv\/en\/wp-json\/wp\/v2\/product"}],"about":[{"href":"https:\/\/sezona.lv\/en\/wp-json\/wp\/v2\/types\/product"}],"wp:attachment":[{"href":"https:\/\/sezona.lv\/en\/wp-json\/wp\/v2\/media?parent=79946"}],"wp:term":[{"taxonomy":"product_brand","embeddable":true,"href":"https:\/\/sezona.lv\/en\/wp-json\/wp\/v2\/product_brand?post=79946"},{"taxonomy":"product_cat","embeddable":true,"href":"https:\/\/sezona.lv\/en\/wp-json\/wp\/v2\/product_cat?post=79946"},{"taxonomy":"product_tag","embeddable":true,"href":"https:\/\/sezona.lv\/en\/wp-json\/wp\/v2\/product_tag?post=79946"}],"curies":[{"name":"wp","href":"https:\/\/api.w.org\/{rel}","templated":true}]}}