{"id":79947,"date":"2025-07-11T17:16:51","date_gmt":"2025-07-11T14:16:51","guid":{"rendered":"https:\/\/demo8.ecube.lv\/sezona.lv\/products\/tubuss-salmo-145cm-s2145-07rt\/"},"modified":"2025-07-14T15:48:28","modified_gmt":"2025-07-14T12:48:28","slug":"tubuss-salmo-145cm-s2145-07rt","status":"publish","type":"product","link":"https:\/\/sezona.lv\/en\/products\/tubuss-salmo-145cm-s2145-07rt\/","title":{"rendered":"Tubuss Salmo 145cm (S2145-07RT)"},"content":{"rendered":"<p>Mak&scaron;\u0137erk\u0101tu tubuss mak&scaron;\u0137eru glab\u0101&scaron;anai un transport\u0113&scaron;anai.<\/p>\n<p>Iztur\u012bgs korpuss.<\/p>\n<p>Pievienots \u0101r\u0113jais stiprin\u0101jums mak&scaron;\u0137erei vai uztveramajam t\u012bkli\u0146am.<\/p>\n<p>Regul\u0113jama plecu siksna.<\/p>\n<p>Diametrs: 7 cm.<\/p>\n<ul>\n<\/ul>\n<ul>\n<\/ul>\n<ul>\n<\/ul>\n<ul>\n<\/ul>\n<ul>\n<\/ul>\n<ul>\n<\/ul>\n<ul>\n<\/ul>\n<ul>\n<\/ul>\n<ul>\n<\/ul>\n<ul>\n<\/ul>\n<ul>\n<\/ul>\n<ul>\n<\/ul>\n<ul>\n<\/ul>\n<ul>\n<\/ul>\n<ul>\n<\/ul>\n<ul>\n<\/ul>\n<ul>\n<\/ul>\n","protected":false},"excerpt":{"rendered":"<p>Mak&scaron;\u0137erk\u0101tu tubuss mak&scaron;\u0137eru glab\u0101&scaron;anai un transport\u0113&scaron;anai. Iztur\u012bgs korpuss. Pievienots \u0101r\u0113jais stiprin\u0101jums mak&scaron;\u0137erei vai uztveramajam t\u012bkli\u0146am. Regul\u0113jama plecu siksna. Diametrs: 7 cm.<\/p>\n","protected":false},"featured_media":0,"template":"","meta":[],"product_brand":[894],"product_cat":[4538,4556],"product_tag":[],"class_list":{"0":"post-79947","1":"product","2":"type-product","3":"status-publish","5":"product_brand-salmo","6":"product_cat-fishing-equipment-recreation","7":"product_cat-bags-boxes-fishing-equipment-recreation","9":"first","10":"instock","11":"shipping-taxable","12":"purchasable","13":"product-type-simple"},"_links":{"self":[{"href":"https:\/\/sezona.lv\/en\/wp-json\/wp\/v2\/product\/79947","targetHints":{"allow":["GET"]}}],"collection":[{"href":"https:\/\/sezona.lv\/en\/wp-json\/wp\/v2\/product"}],"about":[{"href":"https:\/\/sezona.lv\/en\/wp-json\/wp\/v2\/types\/product"}],"wp:attachment":[{"href":"https:\/\/sezona.lv\/en\/wp-json\/wp\/v2\/media?parent=79947"}],"wp:term":[{"taxonomy":"product_brand","embeddable":true,"href":"https:\/\/sezona.lv\/en\/wp-json\/wp\/v2\/product_brand?post=79947"},{"taxonomy":"product_cat","embeddable":true,"href":"https:\/\/sezona.lv\/en\/wp-json\/wp\/v2\/product_cat?post=79947"},{"taxonomy":"product_tag","embeddable":true,"href":"https:\/\/sezona.lv\/en\/wp-json\/wp\/v2\/product_tag?post=79947"}],"curies":[{"name":"wp","href":"https:\/\/api.w.org\/{rel}","templated":true}]}}